{"id":10424,"date":"2025-12-25T08:23:33","date_gmt":"2025-12-25T07:23:33","guid":{"rendered":"http:\/\/mf.untz.ba\/?page_id=10424"},"modified":"2026-01-28T13:11:40","modified_gmt":"2026-01-28T12:11:40","slug":"akti-masinski-fakultet","status":"publish","type":"page","link":"http:\/\/mf.untz.ba\/?page_id=10424","title":{"rendered":"Akti Ma\u0161inski fakultet"},"content":{"rendered":"\n<p class=\"has-black-color has-pale-cyan-blue-background-color has-text-color has-background has-normal-font-size\"><a href=\"https:\/\/drive.google.com\/file\/d\/1w61q8gbygB62WnUVT2969cz_w60pqN2G\/view?usp=sharing\">Strategija razvoja Ma\u0161inskog fakulteta u Tuzli za period 2026\u00f72031. godina<\/a><\/p>\n\n\n\n<p class=\"has-pale-cyan-blue-background-color has-background\"><a href=\"https:\/\/drive.google.com\/file\/d\/1bLyHaEgyIeQ5oTJg43RonyVauwfqfbPB\/view?usp=sharing\">DEVELOPMENT STRATEGY Faculty of Mechanical Engineering in Tuzla for the period 2026\u00f72031<\/a><\/p>\n\n\n\n<p class=\"has-background\" style=\"background-color:#d5dee2\">Interne procedure za&nbsp;\u017ealbe\/prigovore studenata<\/p>\n\n\n\n<p>Na \u010detvrtoj redovnoj sjednici, odr\u017eanoj 23.12.2025. godine, Nau\u010dno-nastavno vije\u0107e Ma\u0161inskog fakultet u Tuzli usvojilo je interne procedure za&nbsp;\u017ealbe\/prigovore studenata Ma\u0161inskog fakulteta Univerziteta u Tuzli kojima se ure\u0111uje postupak prikupljanja \u017ealbi\/prigovora studenata na rad slu\u017ebi i nastavnog\/administrativnog osoblja, te zaprimanja, pra\u0107enja, potvr\u0111ivanja, vr\u0161enje po\u010detne ocjene, ispitivanja, odgovaranja, objavljivanja izre\u010dene mjere i zatvaranja \u017ealbi\/prigovora.&nbsp;&nbsp;<\/p>\n\n\n\n<p><a href=\"http:\/\/mf.untz.ba\/wp-content\/uploads\/2025\/12\/Interne-Procedure-za-prigovore-i-zalbe-MF.pdf\">Interne procedure za prigovore i \u017ealbe<\/a><\/p>\n\n\n\n<p><a href=\"http:\/\/mf.untz.ba\/wp-content\/uploads\/2025\/12\/Obrazac-za-zalbu-i-prigovor.pdf\">Obrazac za \u017ealbu i prigovor<\/a><\/p>\n","protected":false},"excerpt":{"rendered":"<p>Strategija razvoja Ma\u0161inskog fakulteta u Tuzli za period 2026\u00f72031. godina DEVELOPMENT STRATEGY Faculty of Mechanical Engineering in Tuzla for the period 2026\u00f72031 Interne procedure za&nbsp;\u017ealbe\/prigovore studenata Na \u010detvrtoj redovnoj sjednici, odr\u017eanoj 23.12.2025. godine, Nau\u010dno-nastavno&#46;&#46;&#46;<\/p>\n","protected":false},"author":3,"featured_media":0,"parent":0,"menu_order":0,"comment_status":"closed","ping_status":"closed","template":"","meta":[],"_links":{"self":[{"href":"http:\/\/mf.untz.ba\/index.php?rest_route=\/wp\/v2\/pages\/10424"}],"collection":[{"href":"http:\/\/mf.untz.ba\/index.php?rest_route=\/wp\/v2\/pages"}],"about":[{"href":"http:\/\/mf.untz.ba\/index.php?rest_route=\/wp\/v2\/types\/page"}],"author":[{"embeddable":true,"href":"http:\/\/mf.untz.ba\/index.php?rest_route=\/wp\/v2\/users\/3"}],"replies":[{"embeddable":true,"href":"http:\/\/mf.untz.ba\/index.php?rest_route=%2Fwp%2Fv2%2Fcomments&post=10424"}],"version-history":[{"count":5,"href":"http:\/\/mf.untz.ba\/index.php?rest_route=\/wp\/v2\/pages\/10424\/revisions"}],"predecessor-version":[{"id":10460,"href":"http:\/\/mf.untz.ba\/index.php?rest_route=\/wp\/v2\/pages\/10424\/revisions\/10460"}],"wp:attachment":[{"href":"http:\/\/mf.untz.ba\/index.php?rest_route=%2Fwp%2Fv2%2Fmedia&parent=10424"}],"curies":[{"name":"wp","href":"https:\/\/api.w.org\/{rel}","templated":true}]}}