{"id":10544,"date":"2026-02-26T14:26:18","date_gmt":"2026-02-26T13:26:18","guid":{"rendered":"http:\/\/mf.untz.ba\/?page_id=10544"},"modified":"2026-03-06T11:42:23","modified_gmt":"2026-03-06T10:42:23","slug":"osiguranje-kvaliteta-na-masinskom-fakultetu","status":"publish","type":"page","link":"http:\/\/mf.untz.ba\/?page_id=10544","title":{"rendered":"Osiguranje kvaliteta na Ma\u0161inskom fakultetu"},"content":{"rendered":"\n<p>Osiguranje kvaliteta predstavlja temeljni preduslov za reformisanje i unaprije\u0111enje visokog obrazovanja, afirmaciju i prepoznatljivost Fakulteta, ja\u010danje povjerenja dru\u0161tvene i akademske zajednice u na\u0161u instituciju, ali i kao neizbje\u017ean korak ka integraciji Ma\u0161inskog fakulteta u Tuzli u Europski akademski prostor i generalno provo\u0111enje reformi. Mjere koje se provode u okviru osiguranja kvaliteta predstavljaju jedno od pouzdanih sredstava identifikacije dobrih iskustava, ali i oblasti u kojima je potrebno ili po\u017eeljno pobolj\u0161anje.<\/p>\n\n\n\n<p><\/p>\n\n\n\n<p class=\"has-text-align-center has-pale-cyan-blue-background-color has-background\"><strong>\u010clanovi Odbora za upravljanje kvalitetom Univerziteta u Tuzli<\/strong> \u2013&nbsp;<strong>Ma\u0161inski fakultet <\/strong>&#8211; u&nbsp;mandatnom periodu&nbsp;u&nbsp;trajanju od&nbsp;dvije&nbsp;godine po\u010dev&nbsp;od&nbsp;08.06.2025.&nbsp;godine<\/p>\n\n\n\n<p class=\"has-text-align-center\">Nastavnik: Dr. sc. Adnan Mustafi\u0107, docent<\/p>\n\n\n\n<p class=\"has-text-align-center\">Saradnik:&nbsp;Meliha&nbsp;\u0160abanovi\u0107,&nbsp;MA,&nbsp;vi\u0161i&nbsp;asistent<\/p>\n\n\n\n<p class=\"has-text-align-center\">Administrativno&nbsp;osoblje:&nbsp;Amela&nbsp;Damad\u017ei\u0107,&nbsp;vi\u0161i&nbsp;referent&nbsp;za&nbsp;studentska&nbsp;pitanja<\/p>\n\n\n\n<p class=\"has-text-align-center\">Student: Muharem Vili\u0107<\/p>\n\n\n\n<p class=\"has-background\" style=\"background-color:#a1e3ff\"><a href=\"https:\/\/drive.google.com\/file\/d\/1ckom9iqpVXxPR6yCCVYJ8bqvlATfVZn-\/view?usp=sharing\"><strong>Komisija za provo\u0111enje samoevaluacije na Ma\u0161inskom fakultetu Univerziteta u Tuzli<\/strong><\/a><\/p>\n\n\n\n<p class=\"has-background\" style=\"background-color:#c7ecfc\"><a href=\"https:\/\/drive.google.com\/file\/d\/1rhOrJqcBnWElvpQ11EojQSqK6AVOet9J\/view?usp=sharing\">Akcioni plan za pobolj\u0161anje kvaliteta klastera studijskih programa prvog (I)\/drugog (II) ciklusa studija na Ma\u0161inskom fakultetu<\/a><\/p>\n\n\n\n<p class=\"has-background\" style=\"background-color:#dfecf4\"><a href=\"http:\/\/Akcioni plan realizacija na 06.03.2026.\">Akcioni plan_Ma\u0161inski fakultet_realizacija na 06.03.2026. godine<\/a><\/p>\n","protected":false},"excerpt":{"rendered":"<p>Osiguranje kvaliteta predstavlja temeljni preduslov za reformisanje i unaprije\u0111enje visokog obrazovanja, afirmaciju i prepoznatljivost Fakulteta, ja\u010danje povjerenja dru\u0161tvene i akademske zajednice u na\u0161u instituciju, ali i kao neizbje\u017ean korak ka integraciji Ma\u0161inskog fakulteta u&#46;&#46;&#46;<\/p>\n","protected":false},"author":3,"featured_media":0,"parent":0,"menu_order":0,"comment_status":"closed","ping_status":"closed","template":"","meta":[],"_links":{"self":[{"href":"http:\/\/mf.untz.ba\/index.php?rest_route=\/wp\/v2\/pages\/10544"}],"collection":[{"href":"http:\/\/mf.untz.ba\/index.php?rest_route=\/wp\/v2\/pages"}],"about":[{"href":"http:\/\/mf.untz.ba\/index.php?rest_route=\/wp\/v2\/types\/page"}],"author":[{"embeddable":true,"href":"http:\/\/mf.untz.ba\/index.php?rest_route=\/wp\/v2\/users\/3"}],"replies":[{"embeddable":true,"href":"http:\/\/mf.untz.ba\/index.php?rest_route=%2Fwp%2Fv2%2Fcomments&post=10544"}],"version-history":[{"count":4,"href":"http:\/\/mf.untz.ba\/index.php?rest_route=\/wp\/v2\/pages\/10544\/revisions"}],"predecessor-version":[{"id":10564,"href":"http:\/\/mf.untz.ba\/index.php?rest_route=\/wp\/v2\/pages\/10544\/revisions\/10564"}],"wp:attachment":[{"href":"http:\/\/mf.untz.ba\/index.php?rest_route=%2Fwp%2Fv2%2Fmedia&parent=10544"}],"curies":[{"name":"wp","href":"https:\/\/api.w.org\/{rel}","templated":true}]}}