{"id":107,"date":"2014-12-08T20:10:10","date_gmt":"2014-12-08T19:10:10","guid":{"rendered":"http:\/\/mf.untz.ba\/?page_id=107"},"modified":"2026-02-22T13:09:35","modified_gmt":"2026-02-22T12:09:35","slug":"kako-na-upisati","status":"publish","type":"page","link":"http:\/\/mf.untz.ba\/?page_id=107","title":{"rendered":"Kako se upisati"},"content":{"rendered":"<p><span style=\"color: #000080;\"><strong><em>Dragi studenti,<\/em><\/strong><\/span><\/p>\n<p style=\"text-align: center;\">Pravo upisa na Ma\u0161inski fakultet u Tuzli imaju kandidati dr\u017eavljani BiH, strani dr\u017eavljani i lica bez dr\u017eavljanstva koji su zavr\u0161ili srednju \u0161kolu u \u010detvorogodi\u0161njem trajanju u Bosni i Hercegovini, kao i kandidati koji su srednju \u0161kolu zavr\u0161ili izvan Bosne i Hercegovine, a za koje je nakon postupka nostrifikacije, odnosno ekvivalencije utvr\u0111eno da imaju zavr\u0161eno odgovaraju\u0107e srednje obrazovanje. Pravo upisa imaju i kandidati sa srednjom stru\u010dnom \u0161kolom u \u010detverogodi\u0161njem trajanju, ukoliko su stekli dopunsko obrazovanje iz op\u0107eobrazovnih predmeta u gimnaziji ili srednjoj tehni\u010dkoj i srodnoj \u0161koli, o \u010demu prila\u017eu odgovaraju\u0107i dokaz. Pravo za upis na redovni studij imaju nezaposlena\/izdr\u017eavana lica.<\/p>\n<p><a href=\"http:\/\/mf.untz.ba\/wp-content\/uploads\/2026\/02\/MF-logo.jpg\"><img loading=\"lazy\" class=\"aligncenter wp-image-10535 size-full\" src=\"http:\/\/mf.untz.ba\/wp-content\/uploads\/2026\/02\/MF-logo.jpg\" alt=\"\" width=\"844\" height=\"459\" srcset=\"http:\/\/mf.untz.ba\/wp-content\/uploads\/2026\/02\/MF-logo.jpg 844w, http:\/\/mf.untz.ba\/wp-content\/uploads\/2026\/02\/MF-logo-300x163.jpg 300w, http:\/\/mf.untz.ba\/wp-content\/uploads\/2026\/02\/MF-logo-768x418.jpg 768w\" sizes=\"(max-width: 844px) 100vw, 844px\" \/><\/a><\/p>\n<p><a href=\"https:\/\/drive.google.com\/file\/d\/1AutNNQxiWxcqQzEvSYF5_IdGFpMHwmat\/view?usp=sharing\"><img loading=\"lazy\" class=\"aligncenter wp-image-10164 size-large\" src=\"http:\/\/mf.untz.ba\/wp-content\/uploads\/2025\/08\/uuuu-1024x575.jpg\" alt=\"\" width=\"1024\" height=\"575\" srcset=\"http:\/\/mf.untz.ba\/wp-content\/uploads\/2025\/08\/uuuu-1024x575.jpg 1024w, http:\/\/mf.untz.ba\/wp-content\/uploads\/2025\/08\/uuuu-300x168.jpg 300w, http:\/\/mf.untz.ba\/wp-content\/uploads\/2025\/08\/uuuu-768x431.jpg 768w, http:\/\/mf.untz.ba\/wp-content\/uploads\/2025\/08\/uuuu.jpg 1060w\" sizes=\"(max-width: 1024px) 100vw, 1024px\" \/><\/a><\/p>\n<p><a href=\"http:\/\/mf.untz.ba\/wp-content\/uploads\/2026\/02\/odsjeci.jpg\"><img loading=\"lazy\" class=\"wp-image-10536 size-full aligncenter\" src=\"http:\/\/mf.untz.ba\/wp-content\/uploads\/2026\/02\/odsjeci.jpg\" alt=\"\" width=\"838\" height=\"476\" srcset=\"http:\/\/mf.untz.ba\/wp-content\/uploads\/2026\/02\/odsjeci.jpg 838w, http:\/\/mf.untz.ba\/wp-content\/uploads\/2026\/02\/odsjeci-300x170.jpg 300w, http:\/\/mf.untz.ba\/wp-content\/uploads\/2026\/02\/odsjeci-768x436.jpg 768w\" sizes=\"(max-width: 838px) 100vw, 838px\" \/><\/a><\/p>\n<p style=\"text-align: left;\"><strong><span style=\"color: #ff0000;\">Dokumenti potrebni za upis na studij I (prvog) ciklusa:<\/span><\/strong><\/p>\n<p><strong>1. Prijava na Konkurs<\/strong><\/p>\n<p><strong>2. Originalna svjedo\u010danstva svih razreda srednje \u0161kole,<\/strong><\/p>\n<p><strong>3. Originalno svjedo\u010danstvo o zavr\u0161enom obrazovanju,<\/strong><\/p>\n<p><strong>4. Izvod iz mati\u010dne knjige ro\u0111enih,<\/strong><\/p>\n<p><strong>5. Uvjerenje o dr\u017eavljanstvu (ne starije od 6 mjeseci),<\/strong><\/p>\n<p><strong>6. Kandidati koji su u srednjoj \u0161koli polagali eksternu maturu, odnosno kandidati koji su u drugim administrativnim jedinicama na prostoru Bosne i Hercegovine polagali neki drugi vid zavr\u0161nog ispita, vrjednovanog ocjenom, obavezno prila\u017eu i uvjerenje o polaganju eksterne mature\/zavr\u0161nog ispita, u originalu ili kopiji ovjerenoj kod nadle\u017enog op\u0107inskog organa ili notara.<\/strong><\/p>\n<p><strong>7. Kandidati koji su srednju \u0161kolu\/razred srednje \u0161kole zavr\u0161ili u inostranstvu prila\u017eu i rje\u0161enje o nostrifikaciji svjedod\u017ebe o zavr\u0161enom srednjem obrazovanju\/rje\u0161enje o ekvivalenciji zavr\u0161enog razreda izdatu od nadle\u017enog ministarstva obrazovanja nauke prema mjestu prebivali\u0161ta, odnosno potvrdu da je taj postupak u toku.<\/strong><\/p>\n<p><a href=\"http:\/\/mf.untz.ba\/wp-content\/uploads\/2026\/02\/bodovanje.jpg\"><img loading=\"lazy\" class=\"wp-image-10538 size-full aligncenter\" src=\"http:\/\/mf.untz.ba\/wp-content\/uploads\/2026\/02\/bodovanje.jpg\" alt=\"\" width=\"844\" height=\"426\" srcset=\"http:\/\/mf.untz.ba\/wp-content\/uploads\/2026\/02\/bodovanje.jpg 844w, http:\/\/mf.untz.ba\/wp-content\/uploads\/2026\/02\/bodovanje-300x151.jpg 300w, http:\/\/mf.untz.ba\/wp-content\/uploads\/2026\/02\/bodovanje-768x388.jpg 768w\" sizes=\"(max-width: 844px) 100vw, 844px\" \/><\/a><\/p>\n\n\n<p><\/p>\n","protected":false},"excerpt":{"rendered":"<p>Dragi studenti, Pravo upisa na Ma\u0161inski fakultet u Tuzli imaju kandidati dr\u017eavljani BiH, strani dr\u017eavljani i lica bez dr\u017eavljanstva koji su zavr\u0161ili srednju \u0161kolu u \u010detvorogodi\u0161njem trajanju u Bosni i Hercegovini, kao i kandidati&#46;&#46;&#46;<\/p>\n","protected":false},"author":1,"featured_media":0,"parent":0,"menu_order":0,"comment_status":"closed","ping_status":"closed","template":"","meta":[],"_links":{"self":[{"href":"http:\/\/mf.untz.ba\/index.php?rest_route=\/wp\/v2\/pages\/107"}],"collection":[{"href":"http:\/\/mf.untz.ba\/index.php?rest_route=\/wp\/v2\/pages"}],"about":[{"href":"http:\/\/mf.untz.ba\/index.php?rest_route=\/wp\/v2\/types\/page"}],"author":[{"embeddable":true,"href":"http:\/\/mf.untz.ba\/index.php?rest_route=\/wp\/v2\/users\/1"}],"replies":[{"embeddable":true,"href":"http:\/\/mf.untz.ba\/index.php?rest_route=%2Fwp%2Fv2%2Fcomments&post=107"}],"version-history":[{"count":21,"href":"http:\/\/mf.untz.ba\/index.php?rest_route=\/wp\/v2\/pages\/107\/revisions"}],"predecessor-version":[{"id":10539,"href":"http:\/\/mf.untz.ba\/index.php?rest_route=\/wp\/v2\/pages\/107\/revisions\/10539"}],"wp:attachment":[{"href":"http:\/\/mf.untz.ba\/index.php?rest_route=%2Fwp%2Fv2%2Fmedia&parent=107"}],"curies":[{"name":"wp","href":"https:\/\/api.w.org\/{rel}","templated":true}]}}