{"id":109,"date":"2014-12-08T20:10:21","date_gmt":"2014-12-08T19:10:21","guid":{"rendered":"http:\/\/mf.untz.ba\/?page_id=109"},"modified":"2025-05-16T11:16:52","modified_gmt":"2025-05-16T09:16:52","slug":"kontakt","status":"publish","type":"page","link":"http:\/\/mf.untz.ba\/?page_id=109","title":{"rendered":"Kontakt"},"content":{"rendered":"<p style=\"text-align: center;\"><strong>UNIVERZITET U TUZLI &#8211; Ma\u0161inski fakultet<\/strong><\/p>\n<p style=\"text-align: center;\"><a href=\"http:\/\/mf.untz.ba\/wp-content\/uploads\/2016\/11\/logo.png\"><img loading=\"lazy\" class=\"alignnone size-full wp-image-845\" src=\"http:\/\/mf.untz.ba\/wp-content\/uploads\/2016\/11\/logo.png\" alt=\"\" width=\"209\" height=\"209\" srcset=\"http:\/\/mf.untz.ba\/wp-content\/uploads\/2016\/11\/logo.png 209w, http:\/\/mf.untz.ba\/wp-content\/uploads\/2016\/11\/logo-150x150.png 150w, http:\/\/mf.untz.ba\/wp-content\/uploads\/2016\/11\/logo-160x160.png 160w, http:\/\/mf.untz.ba\/wp-content\/uploads\/2016\/11\/logo-320x320.png 320w\" sizes=\"(max-width: 209px) 100vw, 209px\" \/><\/a><\/p>\n<p style=\"text-align: center;\"><em><strong>ADRESA<\/strong><\/em><\/p>\n<p style=\"text-align: center;\"><strong>MA\u0160INSKI FAKULTET<\/strong><br>\nUlica: Urfeta Vejzagi\u0107a br. 4, 75 000 Tuzla<br>\nBosna i Hercegovina<\/p>\n<p style=\"text-align: center;\"><strong>Telefoni<\/strong><br>\nTel:&nbsp; 00 387 (0)35\/320-920<\/p>\n<p style=\"text-align: center;\">Fax: 00 387 (0)35\/320-921<\/p>\n\n\n<p class=\"has-text-align-center\"><strong>E-mail<\/strong>: dekanat.msf@untz.ba<\/p>\n\n\n\n<p class=\"has-text-align-center\"><\/p>\n","protected":false},"excerpt":{"rendered":"<p>UNIVERZITET U TUZLI &#8211; Ma\u0161inski fakultet ADRESA MA\u0160INSKI FAKULTET Ulica: Urfeta Vejzagi\u0107a br. 4, 75 000 Tuzla Bosna i Hercegovina Telefoni Tel:&nbsp; 00 387 (0)35\/320-920 Fax: 00 387 (0)35\/320-921 E-mail: dekanat.msf@untz.ba<\/p>\n","protected":false},"author":1,"featured_media":0,"parent":0,"menu_order":0,"comment_status":"closed","ping_status":"closed","template":"","meta":[],"_links":{"self":[{"href":"http:\/\/mf.untz.ba\/index.php?rest_route=\/wp\/v2\/pages\/109"}],"collection":[{"href":"http:\/\/mf.untz.ba\/index.php?rest_route=\/wp\/v2\/pages"}],"about":[{"href":"http:\/\/mf.untz.ba\/index.php?rest_route=\/wp\/v2\/types\/page"}],"author":[{"embeddable":true,"href":"http:\/\/mf.untz.ba\/index.php?rest_route=\/wp\/v2\/users\/1"}],"replies":[{"embeddable":true,"href":"http:\/\/mf.untz.ba\/index.php?rest_route=%2Fwp%2Fv2%2Fcomments&post=109"}],"version-history":[{"count":9,"href":"http:\/\/mf.untz.ba\/index.php?rest_route=\/wp\/v2\/pages\/109\/revisions"}],"predecessor-version":[{"id":9947,"href":"http:\/\/mf.untz.ba\/index.php?rest_route=\/wp\/v2\/pages\/109\/revisions\/9947"}],"wp:attachment":[{"href":"http:\/\/mf.untz.ba\/index.php?rest_route=%2Fwp%2Fv2%2Fmedia&parent=109"}],"curies":[{"name":"wp","href":"https:\/\/api.w.org\/{rel}","templated":true}]}}