{"id":119,"date":"2014-12-17T22:25:07","date_gmt":"2014-12-17T21:25:07","guid":{"rendered":"http:\/\/mf.untz.ba\/?page_id=119"},"modified":"2015-08-07T21:16:35","modified_gmt":"2015-08-07T19:16:35","slug":"administracija-stranice","status":"publish","type":"page","link":"http:\/\/mf.untz.ba\/?page_id=119","title":{"rendered":"Administracija stranice"},"content":{"rendered":"<p>A\u017euriranje sadr\u017eaja web stranice vr\u0161i <em><strong>Zahirovi\u0107 Antonio<\/strong><\/em>.<br \/>\nTehni\u010dko odr\u017eavanje web stranice i mobilne aplikacije Ma\u0161inskog fakulteta Univerziteta u Tuzli vr\u0161i <em><strong>Guti\u0107 Kenan<\/strong> &#8211; <a href=\"http:\/\/jadeworks.com.ba\" >www.jadeworks.com.ba<\/a><\/em>.<\/p>\n<hr\/>\n<div style=\"font-size: 1.57143rem; margin-bottom: 16px;\">Povratne informacije<\/div>\n<p><center><iframe src=\"https:\/\/docs.google.com\/forms\/d\/1Q072x4ejXX2W5rh0YeRkw5k8BbaJNR2uRIz55bFFJ6s\/viewform?embedded=true\" width=\"760\" height=\"910\" frameborder=\"0\" marginheight=\"0\" marginwidth=\"0\">Loading&#8230;<\/iframe><\/center><\/p>\n","protected":false},"excerpt":{"rendered":"<p>A\u017euriranje sadr\u017eaja web stranice vr\u0161i Zahirovi\u0107 Antonio. Tehni\u010dko odr\u017eavanje web stranice i mobilne aplikacije Ma\u0161inskog fakulteta Univerziteta u Tuzli vr\u0161i Guti\u0107 Kenan &#8211; www.jadeworks.com.ba. Povratne informacije Loading&#8230;<\/p>\n","protected":false},"author":1,"featured_media":0,"parent":0,"menu_order":0,"comment_status":"closed","ping_status":"closed","template":"page-templates\/full-width.php","meta":[],"_links":{"self":[{"href":"http:\/\/mf.untz.ba\/index.php?rest_route=\/wp\/v2\/pages\/119"}],"collection":[{"href":"http:\/\/mf.untz.ba\/index.php?rest_route=\/wp\/v2\/pages"}],"about":[{"href":"http:\/\/mf.untz.ba\/index.php?rest_route=\/wp\/v2\/types\/page"}],"author":[{"embeddable":true,"href":"http:\/\/mf.untz.ba\/index.php?rest_route=\/wp\/v2\/users\/1"}],"replies":[{"embeddable":true,"href":"http:\/\/mf.untz.ba\/index.php?rest_route=%2Fwp%2Fv2%2Fcomments&post=119"}],"version-history":[{"count":6,"href":"http:\/\/mf.untz.ba\/index.php?rest_route=\/wp\/v2\/pages\/119\/revisions"}],"predecessor-version":[{"id":399,"href":"http:\/\/mf.untz.ba\/index.php?rest_route=\/wp\/v2\/pages\/119\/revisions\/399"}],"wp:attachment":[{"href":"http:\/\/mf.untz.ba\/index.php?rest_route=%2Fwp%2Fv2%2Fmedia&parent=119"}],"curies":[{"name":"wp","href":"https:\/\/api.w.org\/{rel}","templated":true}]}}