{"id":167,"date":"2015-01-23T14:16:12","date_gmt":"2015-01-23T13:16:12","guid":{"rendered":"http:\/\/mf.untz.ba\/?page_id=167"},"modified":"2026-05-05T10:46:58","modified_gmt":"2026-05-05T08:46:58","slug":"uprava-fakulteta","status":"publish","type":"page","link":"http:\/\/mf.untz.ba\/?page_id=167","title":{"rendered":"Menad\u017ement Ma\u0161inskog fakulteta"},"content":{"rendered":"\n<p><\/p>\n\n\n\n<figure class=\"wp-block-table is-style-regular\"><table class=\"has-fixed-layout\"><tbody><tr><td class=\"has-text-align-center\" data-align=\"center\"><strong>DEKAN<\/strong><\/td><td class=\"has-text-align-center\" data-align=\"center\"><strong>PRODEKAN ZA NASTAVU I STUDENTSKA<\/strong> <strong>PITANJA<\/strong><\/td><td class=\"has-text-align-center\" data-align=\"center\"><strong>PRODEKAN ZA NAU\u010cNO-ISTRA\u017dIVA\u010cKI RAD<\/strong><\/td><\/tr><tr><td class=\"has-text-align-center\" data-align=\"center\"><img loading=\"lazy\" width=\"1527\" height=\"1830\" class=\"wp-image-10180\" style=\"width: 150px;\" src=\"http:\/\/mf.untz.ba\/wp-content\/uploads\/2025\/08\/Slika_Alan-e1756446594533.jpg\" alt=\"\" srcset=\"http:\/\/mf.untz.ba\/wp-content\/uploads\/2025\/08\/Slika_Alan-e1756446594533.jpg 1527w, http:\/\/mf.untz.ba\/wp-content\/uploads\/2025\/08\/Slika_Alan-e1756446594533-250x300.jpg 250w, http:\/\/mf.untz.ba\/wp-content\/uploads\/2025\/08\/Slika_Alan-e1756446594533-854x1024.jpg 854w, http:\/\/mf.untz.ba\/wp-content\/uploads\/2025\/08\/Slika_Alan-e1756446594533-768x920.jpg 768w, http:\/\/mf.untz.ba\/wp-content\/uploads\/2025\/08\/Slika_Alan-e1756446594533-1282x1536.jpg 1282w\" sizes=\"(max-width: 1527px) 100vw, 1527px\" \/><\/td><td class=\"has-text-align-center\" data-align=\"center\"><img loading=\"lazy\" width=\"1498\" height=\"1747\" class=\"wp-image-10595\" style=\"width: 150px;\" src=\"http:\/\/mf.untz.ba\/wp-content\/uploads\/2026\/03\/viber_image_2026-02-16_13-12-57-327-1.jpg\" alt=\"\" srcset=\"http:\/\/mf.untz.ba\/wp-content\/uploads\/2026\/03\/viber_image_2026-02-16_13-12-57-327-1.jpg 1498w, http:\/\/mf.untz.ba\/wp-content\/uploads\/2026\/03\/viber_image_2026-02-16_13-12-57-327-1-257x300.jpg 257w, http:\/\/mf.untz.ba\/wp-content\/uploads\/2026\/03\/viber_image_2026-02-16_13-12-57-327-1-878x1024.jpg 878w, http:\/\/mf.untz.ba\/wp-content\/uploads\/2026\/03\/viber_image_2026-02-16_13-12-57-327-1-768x896.jpg 768w, http:\/\/mf.untz.ba\/wp-content\/uploads\/2026\/03\/viber_image_2026-02-16_13-12-57-327-1-1317x1536.jpg 1317w\" sizes=\"(max-width: 1498px) 100vw, 1498px\" \/><\/td><td class=\"has-text-align-center\" data-align=\"center\"><img loading=\"lazy\" width=\"650\" height=\"725\" class=\"wp-image-9539\" style=\"width: 150px;\" src=\"http:\/\/mf.untz.ba\/wp-content\/uploads\/2024\/12\/1735074033922-e1735160136477.jpg\" alt=\"\" srcset=\"http:\/\/mf.untz.ba\/wp-content\/uploads\/2024\/12\/1735074033922-e1735160136477.jpg 650w, http:\/\/mf.untz.ba\/wp-content\/uploads\/2024\/12\/1735074033922-e1735160136477-269x300.jpg 269w\" sizes=\"(max-width: 650px) 100vw, 650px\" \/><\/td><\/tr><tr><td class=\"has-text-align-center\" data-align=\"center\"><strong>Dr. sci. Alan Top\u010di\u0107, red. prof.<\/strong><\/td><td class=\"has-text-align-center\" data-align=\"center\"><strong>Dr. sci. Jasmin Halilovi\u0107, vanr. prof.<\/strong><\/td><td class=\"has-text-align-center\" data-align=\"center\"><strong>Dr. sci. Izudin Deli\u0107, vanr. prof.<\/strong><\/td><\/tr><tr><td class=\"has-text-align-center\" data-align=\"center\">UNOI Link: <a href=\"http:\/\/mf.untz.ba\/?page_id=25\">http:\/\/mf.untz.ba\/?page_id=25<\/a><\/td><td class=\"has-text-align-center\" data-align=\"center\">UNOI Link: <a href=\"http:\/\/mf.untz.ba\/?page_id=25\">http:\/\/mf.untz.ba\/?page_id=25<\/a><\/td><td class=\"has-text-align-center\" data-align=\"center\">UNOI Link: <a href=\"http:\/\/mf.untz.ba\/?page_id=25\">http:\/\/mf.untz.ba\/?page_id=25<\/a><\/td><\/tr><tr><td class=\"has-text-align-center\" data-align=\"center\">Tel.:+38735 320923<\/td><td class=\"has-text-align-center\" data-align=\"center\">Tel.:+38735 320926<\/td><td class=\"has-text-align-center\" data-align=\"center\">Tel.:+38735 320925<\/td><\/tr><tr><td class=\"has-text-align-center\" data-align=\"center\">e-mail.: dekan.msf@untz.ba<\/td><td class=\"has-text-align-center\" data-align=\"center\">e-mail.: nastava.msf@untz.ba<\/td><td class=\"has-text-align-center\" data-align=\"center\">e-mail.: nir.msf@untz.ba<\/td><\/tr><tr><td class=\"has-text-align-center\" data-align=\"center\">&nbsp;<\/td><td class=\"has-text-align-center\" data-align=\"center\">&nbsp;<\/td><td class=\"has-text-align-center\" data-align=\"center\">&nbsp;<\/td><\/tr><tr><td class=\"has-text-align-center\" data-align=\"center\"><strong>VODITELJ STUDIJSKOG ODSJEKA\/PROGRAMA<\/strong> <strong>ENERGETIKA I TERMO-FLUIDNI IN\u017dENJERING<\/strong><\/td><td class=\"has-text-align-center\" data-align=\"center\"><strong>VODITELJ STUDIJSKOG ODSJEKA\/PROGRAMA<\/strong> <strong>PROIZVODNO MA\u0160INSTVO<\/strong><\/td><td class=\"has-text-align-center\" data-align=\"center\"><strong>VODITELJ STUDIJSKOG ODSJEKA\/PROGRAMA<\/strong> <strong>MEHATRONIKA<\/strong><\/td><\/tr><tr><td class=\"has-text-align-center\" data-align=\"center\"><img loading=\"lazy\" width=\"224\" height=\"322\" class=\"wp-image-9541\" style=\"width: 150px;\" src=\"http:\/\/mf.untz.ba\/wp-content\/uploads\/2024\/12\/sandy-e1735160233740.png\" alt=\"\" srcset=\"http:\/\/mf.untz.ba\/wp-content\/uploads\/2024\/12\/sandy-e1735160233740.png 224w, http:\/\/mf.untz.ba\/wp-content\/uploads\/2024\/12\/sandy-e1735160233740-209x300.png 209w\" sizes=\"(max-width: 224px) 100vw, 224px\" \/><\/td><td class=\"has-text-align-center\" data-align=\"center\"><img src=\"https:\/\/profile-images.xing.com\/images\/98770f9a179a3be0979a49b6225c530b-2\/edin-cerjakovi%C4%87.1024x1024.jpg\" alt=\"Dr. Edin Cerjakovi\u0107 - Associate Professor - Univerzitet u Tuzli | XING\" style=\"width: 170px;\"><\/td><td class=\"has-text-align-center\" data-align=\"center\"><\/td><\/tr><tr><td class=\"has-text-align-center\" data-align=\"center\"><strong>Dr. sci. Sandira Elj\u0161an, red. prof.<\/strong><\/td><td class=\"has-text-align-center\" data-align=\"center\"><strong>Dr. sci. Edin Cerjakovi\u0107, vanr. prof.<\/strong><\/td><td class=\"has-text-align-center\" data-align=\"center\"><strong>&nbsp;<\/strong><\/td><\/tr><tr><td class=\"has-text-align-center\" data-align=\"center\">UNOI Link: <a href=\"http:\/\/mf.untz.ba\/?page_id=25\">http:\/\/mf.untz.ba\/?page_id=25<\/a><\/td><td class=\"has-text-align-center\" data-align=\"center\">UNOI Link: <a href=\"http:\/\/mf.untz.ba\/?page_id=25\">http:\/\/mf.untz.ba\/?page_id=25<\/a><\/td><td class=\"has-text-align-center\" data-align=\"center\">UNOI Link:<\/td><\/tr><tr><td class=\"has-text-align-center\" data-align=\"center\">Tel.:+38735 320939<\/td><td class=\"has-text-align-center\" data-align=\"center\">Tel.:+38735 320929<\/td><td class=\"has-text-align-center\" data-align=\"center\">Tel.:<\/td><\/tr><tr><td class=\"has-text-align-center\" data-align=\"center\">e-mail.: sandira.eljsan@untz.ba<\/td><td class=\"has-text-align-center\" data-align=\"center\">e-mail.: edin.cerjakovic@untz.ba<\/td><td class=\"has-text-align-center\" data-align=\"center\">e-mail.:<\/td><\/tr><tr><td class=\"has-text-align-center\" data-align=\"center\">&nbsp;<\/td><td class=\"has-text-align-center\" data-align=\"center\">&nbsp;<\/td><td class=\"has-text-align-center\" data-align=\"center\">&nbsp;<\/td><\/tr><tr><td class=\"has-text-align-center\" data-align=\"center\"><strong>VODITELJ DRUGOG CIKLUSA STUDIJA<\/strong><\/td><td class=\"has-text-align-center\" data-align=\"center\"><strong>VODITELJ TRE\u0106EG CIKLUSA STUDIJA<\/strong><\/td><td class=\"has-text-align-center\" data-align=\"center\"><strong>POMO\u0106NIK GENERALNOG SEKRETARA <\/strong><\/td><\/tr><tr><td class=\"has-text-align-center\" data-align=\"center\"><img src=\"https:\/\/i1.rgstatic.net\/ii\/profile.image\/485462621069318-1492754716622_Q512\/Adnan-Mustafic-2.jpg\" alt=\"Adnan MUSTAFIC | Assistant Professor | PhD Dipl.-Ing. | University of ...\" style=\"width: 180px;\"><\/td><td class=\"has-text-align-center\" data-align=\"center\"><img loading=\"lazy\" width=\"233\" height=\"243\" class=\"wp-image-5385\" style=\"width: 170px;\" src=\"http:\/\/mf.untz.ba\/wp-content\/uploads\/2021\/02\/7-2-e1735160399402.jpg\" alt=\"\"><\/td><td class=\"has-text-align-center\" data-align=\"center\"><img loading=\"lazy\" width=\"1100\" height=\"1256\" class=\"wp-image-6640\" style=\"width: 170px;\" src=\"http:\/\/mf.untz.ba\/wp-content\/uploads\/2022\/06\/Slika-za-web-Aida-1-e1735160462515.jpg\" alt=\"\" srcset=\"http:\/\/mf.untz.ba\/wp-content\/uploads\/2022\/06\/Slika-za-web-Aida-1-e1735160462515.jpg 1100w, http:\/\/mf.untz.ba\/wp-content\/uploads\/2022\/06\/Slika-za-web-Aida-1-e1735160462515-263x300.jpg 263w, http:\/\/mf.untz.ba\/wp-content\/uploads\/2022\/06\/Slika-za-web-Aida-1-e1735160462515-897x1024.jpg 897w, http:\/\/mf.untz.ba\/wp-content\/uploads\/2022\/06\/Slika-za-web-Aida-1-e1735160462515-768x877.jpg 768w\" sizes=\"(max-width: 1100px) 100vw, 1100px\" \/><\/td><\/tr><tr><td class=\"has-text-align-center\" data-align=\"center\"><strong>Dr. sci. Adnan Mustafi\u0107, docent<\/strong><\/td><td class=\"has-text-align-center\" data-align=\"center\"><strong>Dr. sci. Izet Ali\u0107, red. prof.<\/strong><\/td><td class=\"has-text-align-center\" data-align=\"center\"><strong>Aida Joldi\u0107, dipl. pravnik<\/strong><\/td><\/tr><tr><td class=\"has-text-align-center\" data-align=\"center\">UNOI Link: <a href=\"http:\/\/mf.untz.ba\/?page_id=25\">http:\/\/mf.untz.ba\/?page_id=25<\/a><\/td><td class=\"has-text-align-center\" data-align=\"center\">UNOI Link: <a href=\"http:\/\/mf.untz.ba\/?page_id=25\">http:\/\/mf.untz.ba\/?page_id=25<\/a><\/td><td class=\"has-text-align-center\" data-align=\"center\">&nbsp;<\/td><\/tr><tr><td class=\"has-text-align-center\" data-align=\"center\">Tel.:+38735 320920<\/td><td class=\"has-text-align-center\" data-align=\"center\">Tel.:+38735 320920<\/td><td class=\"has-text-align-center\" data-align=\"center\">Tel.:+38735 320924<\/td><\/tr><tr><td class=\"has-text-align-center\" data-align=\"center\">e-mail.: adnan.mustafic@untz.ba<\/td><td class=\"has-text-align-center\" data-align=\"center\">e-mail.: izet.alic@untz.ba<\/td><td class=\"has-text-align-center\" data-align=\"center\">e-mail.: aida.malkanovic@untz.ba<\/td><\/tr><tr><td class=\"has-text-align-center\" data-align=\"center\">&nbsp;<\/td><td class=\"has-text-align-center\" data-align=\"center\">&nbsp;<\/td><td class=\"has-text-align-center\" data-align=\"center\">&nbsp;<\/td><\/tr><tr><td class=\"has-text-align-center\" data-align=\"center\"><strong>VI\u0160I&nbsp;REFERENT ZA STUDENTSKA PITANJA<\/strong><\/td><td class=\"has-text-align-center\" data-align=\"center\"><strong>TEHNI\u010cKI SEKRETAR U DEKANATU<\/strong><\/td><td class=\"has-text-align-center\" data-align=\"center\">&nbsp;<strong>REFERENT ZA STUDENTSKA PITANJA<\/strong><\/td><\/tr><tr><td class=\"has-text-align-center\" data-align=\"center\"><img loading=\"lazy\" width=\"906\" height=\"1225\" class=\"wp-image-5417\" style=\"width: 150px;\" src=\"http:\/\/mf.untz.ba\/wp-content\/uploads\/2021\/02\/amela.jpg\" alt=\"\" srcset=\"http:\/\/mf.untz.ba\/wp-content\/uploads\/2021\/02\/amela.jpg 906w, http:\/\/mf.untz.ba\/wp-content\/uploads\/2021\/02\/amela-222x300.jpg 222w, http:\/\/mf.untz.ba\/wp-content\/uploads\/2021\/02\/amela-757x1024.jpg 757w, http:\/\/mf.untz.ba\/wp-content\/uploads\/2021\/02\/amela-768x1038.jpg 768w\" sizes=\"(max-width: 906px) 100vw, 906px\" \/><\/td><td class=\"has-text-align-center\" data-align=\"center\"><img loading=\"lazy\" width=\"816\" height=\"1034\" class=\"wp-image-5419\" style=\"width: 150px;\" src=\"http:\/\/mf.untz.ba\/wp-content\/uploads\/2021\/02\/Brankica.jpg\" alt=\"\" srcset=\"http:\/\/mf.untz.ba\/wp-content\/uploads\/2021\/02\/Brankica.jpg 816w, http:\/\/mf.untz.ba\/wp-content\/uploads\/2021\/02\/Brankica-237x300.jpg 237w, http:\/\/mf.untz.ba\/wp-content\/uploads\/2021\/02\/Brankica-808x1024.jpg 808w, http:\/\/mf.untz.ba\/wp-content\/uploads\/2021\/02\/Brankica-768x973.jpg 768w\" sizes=\"(max-width: 816px) 100vw, 816px\" \/><\/td><td class=\"has-text-align-center\" data-align=\"center\"><img src=\"http:\/\/mf.untz.ba\/wp-content\/uploads\/2022\/06\/20220602_110711-1024x909.jpg\" alt=\"Slika ima prazan alternativni atribut; njen naziv fajla je 20220602_110711-1024x909.jpg\" style=\"width: 220px;\"><\/td><\/tr><tr><td class=\"has-text-align-center\" data-align=\"center\"><strong>Amela Damad\u017ei\u0107, dipl. pravnik<\/strong><\/td><td class=\"has-text-align-center\" data-align=\"center\"><strong>Brankica Petrovi\u0107<\/strong><\/td><td class=\"has-text-align-center\" data-align=\"center\"><strong>&nbsp;Larisa Ali\u0107<\/strong><\/td><\/tr><tr><td class=\"has-text-align-center\" data-align=\"center\">&nbsp;<\/td><td class=\"has-text-align-center\" data-align=\"center\">&nbsp;<\/td><td class=\"has-text-align-center\" data-align=\"center\">&nbsp;<\/td><\/tr><tr><td class=\"has-text-align-center\" data-align=\"center\">Tel.:+38735 320924<\/td><td class=\"has-text-align-center\" data-align=\"center\">Tel.:+38735 320920<\/td><td class=\"has-text-align-center\" data-align=\"center\">Tel.:+38735 320924&nbsp;<\/td><\/tr><tr><td class=\"has-text-align-center\" data-align=\"center\">e-mail.: amela.damadzic@untz.ba<\/td><td class=\"has-text-align-center\" data-align=\"center\">e-mail.: brankica.miljanovic@untz.ba<br>dekanat.msf@untz.ba<\/td><td class=\"has-text-align-center\" data-align=\"center\">e-mail.: larisa.alic@untz.ba&nbsp;<\/td><\/tr><\/tbody><\/table><\/figure>\n\n\n\n<p><\/p>\n","protected":false},"excerpt":{"rendered":"<p>DEKAN PRODEKAN ZA NASTAVU I STUDENTSKA PITANJA PRODEKAN ZA NAU\u010cNO-ISTRA\u017dIVA\u010cKI RAD Dr. sci. Alan Top\u010di\u0107, red. prof. Dr. sci. Jasmin Halilovi\u0107, vanr. prof. Dr. sci. Izudin Deli\u0107, vanr. prof. UNOI Link: http:\/\/mf.untz.ba\/?page_id=25 UNOI Link:&#46;&#46;&#46;<\/p>\n","protected":false},"author":1,"featured_media":0,"parent":18,"menu_order":0,"comment_status":"closed","ping_status":"open","template":"","meta":[],"_links":{"self":[{"href":"http:\/\/mf.untz.ba\/index.php?rest_route=\/wp\/v2\/pages\/167"}],"collection":[{"href":"http:\/\/mf.untz.ba\/index.php?rest_route=\/wp\/v2\/pages"}],"about":[{"href":"http:\/\/mf.untz.ba\/index.php?rest_route=\/wp\/v2\/types\/page"}],"author":[{"embeddable":true,"href":"http:\/\/mf.untz.ba\/index.php?rest_route=\/wp\/v2\/users\/1"}],"replies":[{"embeddable":true,"href":"http:\/\/mf.untz.ba\/index.php?rest_route=%2Fwp%2Fv2%2Fcomments&post=167"}],"version-history":[{"count":46,"href":"http:\/\/mf.untz.ba\/index.php?rest_route=\/wp\/v2\/pages\/167\/revisions"}],"predecessor-version":[{"id":10689,"href":"http:\/\/mf.untz.ba\/index.php?rest_route=\/wp\/v2\/pages\/167\/revisions\/10689"}],"up":[{"embeddable":true,"href":"http:\/\/mf.untz.ba\/index.php?rest_route=\/wp\/v2\/pages\/18"}],"wp:attachment":[{"href":"http:\/\/mf.untz.ba\/index.php?rest_route=%2Fwp%2Fv2%2Fmedia&parent=167"}],"curies":[{"name":"wp","href":"https:\/\/api.w.org\/{rel}","templated":true}]}}