{"id":21,"date":"2014-12-08T19:46:25","date_gmt":"2014-12-08T18:46:25","guid":{"rendered":"http:\/\/mf.untz.ba\/?page_id=21"},"modified":"2025-03-12T12:03:48","modified_gmt":"2025-03-12T11:03:48","slug":"o-fakultetu","status":"publish","type":"page","link":"http:\/\/mf.untz.ba\/?page_id=21","title":{"rendered":"O fakultetu"},"content":{"rendered":"<p>Studij ma\u0161instva u Tuzli datira od 1961. godine kada je otpo\u010deo sa radom I stepen ma\u0161inskog smjera u rudarstvu pri Rudarskom fakultetu u Tuzli, a 1974. godine organiziran je i II stepen rudarsko-ma\u0161inskog smjera. 1987. godine osnovan je Studij ma\u0161instva u sklopu Fakulteta elektrotehnike i ma\u0161instva, odsjek Energetsko ma\u0161instvo.<br \/>\nGodine 1997. formira se i drugi odsjek &#8211; Proizvodno ma\u0161instvo. Realizacija nastavnog procesa odvijala se prema principu da su prve dvije godine studija zajedni\u010dke za oba odsjeka, dok je studij trajao 9+1 \u0161kolskih semestara ili 5 akademskih godina.<\/p>\n<p>Od 2000. godine, organiziranjem Univerziteta u Tuzli po savremenom organizacionom modelu, Ma\u0161inski fakultet postaje jedna od njegovih organizacionih jedinica. Od 2003. godina Ma\u0161inski fakultet je smje\u0161ten u objekt na adresi Univerzitetska 4, slika 1. Prva generacija studenata koji studiraju po Bolonjskoj deklaraciji upisana je u \u0161kolskoj 2003\/04. godini, a nastava se organizirana po principu 4+1+3. \u0160kolske 2004\/05. godine upisana je prva generacija studenata na novi odsjek, Mehatronika na I ciklus studija koji traje 8 semestara,<br \/>\nodnosno 4 godine. Za sva tri odsjeka na I ciklusu studija prve dvije godine studija imaju zajedni\u010dke nastavne predmete, a u tre\u0107oj godini studenti nastavljaju studij na jednom od tri odsjeka: Proizvodno ma\u0161instvo, Energetsko ma\u0161instvo i Mehatronika.<\/p>\n<p>Nastavni planovi i programi su sa\u010dinjeni na bazi planova i programa relevantnih univerziteta Evrope \u0161to treba da omogu\u0107i prohodnost studenata, odnosno, nastavak studija na doma\u0107im i evropskim univerzitetima, pri \u010demu se u obzir uzimaju i potrebe privrednih subjekata u BiH i \u0161ire. S obzirom na otvorenost Fakulteta, a u cilju saradnje i izmjene iskustava sa drugim fakultetima, u nastavnom procesu, osim nastavnika sa ovog Fakulteta, u\u010destvuju i nastavnici sa drugih fakulteta i univerziteta: Fakulteta strojarstva i brodogradnje iz Zagreba, Strojarskog fakulteta iz Rijeke, Strojarskog fakulteta iz Slavonskog Broda, City University iz Londona, te profesori sa Ma\u0161inskih fakulteta iz Zenice, Biha\u0107a, Mostara, Sarajeva, itd. Danas, Ma\u0161inski fakultet ima oko 650 studenata. Od 1987. godine na Ma\u0161inskom fakultetu Univerziteta u Tuzli diplomiralo je vi\u0161e od 600 studenata, doktorske disertacije obranilo je vi\u0161e od 25, a magistarske radove 90 kandidata.<\/p>\n<p>I ciklus studija na Ma\u0161inskom fakultetu Univerziteta u Tuzli<\/p>\n<p>Nastava I ciklusu studija na Ma\u0161inskom fakultetu Univerziteta u Tuzli izvodi se na tri odsjeka i to:<br \/>\na) Energetika i termo-fluidni in\u017eenjering,<br \/>\nb) Proizvodno ma\u0161instvo,<br \/>\nc) Mehatronika.<\/p>\n<p>Prve dvije godine studija su zajedni\u010dke za sva tri navedena odsjeka, dok na tre\u0107oj i \u010detvrtoj godinistudenti svih odsjeka stje\u010du specifi\u010dna stru\u010dna znanja iz oblasti za koju se obrazuju. Uspje\u0161nom obranom zavr\u0161nog rada studenti stje\u010du stru\u010dno zvanje: Bacheler in\u017einjer ma\u0161instva (odsjek: Energetika i termo-fluidni in\u017eenjering, Proizvodno ma\u0161instvo ili Mehatronika).<\/p>\n<p>II ciklus studija na Ma\u0161inskom fakultetu Univerziteta u Tuzli<\/p>\n<p>II ciklus studija se izvodi prema nastavnom planu i programu kao studij u trajanju od dva semestra sa slijede\u0107im odsjecima:<br \/>\n\u2022 Mehatronika,<\/p>\n<p>\u2022 Energetika i termo-fluidni in\u017eenjering,<\/p>\n<p>Usmjerenja: Odr\u017eiva energija i okolina,<br \/>\nTermoenergetika.<br \/>\n\u2022 Proizvodno ma\u0161instvo,<br \/>\nUsmjerenja: Industrijski in\u017eenjering,<br \/>\nProizvodne tehnologije.<\/p>\n<p>Uspje\u0161nom obranom zavr\u0161nog rada II ciklusa studija kandidat sti\u010de nau\u010dni stepen:<br \/>\n1. Magistar iz oblasti ma\u0161instva; odsjek: Mehatronika,<br \/>\n2. Magistar iz oblasti ma\u0161instva; odsjek: Energetika i termo-fluidni in\u017eenjering, usmjerenje Odr\u017eiva energija i okolina\/Termoenergetika,<br \/>\n3. Magistar oblasti ma\u0161instva; odsjek: Proizvodno ma\u0161instvo, usmjerenje Industrijski in\u017eenjering\/Proizvodne tehnologije.<\/p>\n<p>III ciklus studija na Ma\u0161inskom fakultetu Univerziteta u Tuzli<\/p>\n<p>III ciklus studija traje tri akademske godine i nosi 180 ECTS bodova. Nastava doktorskog programa je organizovana u \u0161est usmjerenja:<br \/>\na) Proizvodne tehnologije,<br \/>\nb) Industrijski in\u017eenjering,<br \/>\nc) Odr\u017eiva energija i okolina,<br \/>\nd) Termoenergetika,<br \/>\ne) Mehatronika,<br \/>\nf) Ma\u0161inske konstrukcije.<\/p>\n<p>Svi predmeti doktorskog studija su jednosemestarski, a dijele se u tri skupine:<br \/>\n1. Obavezni predmet za sva usmjerenja(1 predmet),<br \/>\n2. Obavezni predmeti za odabrano usmjerenje (3 predmeta),<br \/>\n3. Izborni predmeti za odabrano usmjerenje (2 predmeta).<\/p>\n<p>Nastava se organizuje u prva dva semestra i to po tri predmeta u semestru. Nastava se izvodi kroz predavanja, seminare, istra\u017eiva\u010dki i prakti\u010dni rad. Izborni predmeti se mogu izvoditi za grupe studenata (do 3 najvi\u0161e) i u obliku konsultacija, uz individualni rad studenta na zadatoj temi iz u\u017eeg podru\u010dja istra\u017eivanja. Studij se, u pravilu, izvodi na B\/H\/S jeziku,<br \/>\nili na jednom od svjetskih jezika.<\/p>\n<p>Zavr\u0161etkom doktorskog studija na Ma\u0161inskom fakultetu Univerziteta u Tuzli sti\u010de se akademski stepen doktora tehni\u010dkih nauka iz podru\u010dja ma\u0161instva.<\/p>\n<p><a href=\"http:\/\/mf.untz.ba\/wp-content\/uploads\/2021\/01\/285C698E-28CA-4953-9BB4-64DE27DA1A58_w408_r1_s.jpg\"><img loading=\"lazy\" class=\" wp-image-4764 aligncenter\" src=\"http:\/\/mf.untz.ba\/wp-content\/uploads\/2021\/01\/285C698E-28CA-4953-9BB4-64DE27DA1A58_w408_r1_s-300x169.jpg\" alt=\"\" width=\"259\" height=\"146\" srcset=\"http:\/\/mf.untz.ba\/wp-content\/uploads\/2021\/01\/285C698E-28CA-4953-9BB4-64DE27DA1A58_w408_r1_s-300x169.jpg 300w, http:\/\/mf.untz.ba\/wp-content\/uploads\/2021\/01\/285C698E-28CA-4953-9BB4-64DE27DA1A58_w408_r1_s.jpg 408w\" sizes=\"(max-width: 259px) 100vw, 259px\" \/><\/a><\/p>\n","protected":false},"excerpt":{"rendered":"<p>Studij ma\u0161instva u Tuzli datira od 1961. godine kada je otpo\u010deo sa radom I stepen ma\u0161inskog smjera u rudarstvu pri Rudarskom fakultetu u Tuzli, a 1974. godine organiziran je i II stepen rudarsko-ma\u0161inskog smjera.&#46;&#46;&#46;<\/p>\n","protected":false},"author":1,"featured_media":0,"parent":18,"menu_order":0,"comment_status":"closed","ping_status":"closed","template":"","meta":[],"_links":{"self":[{"href":"http:\/\/mf.untz.ba\/index.php?rest_route=\/wp\/v2\/pages\/21"}],"collection":[{"href":"http:\/\/mf.untz.ba\/index.php?rest_route=\/wp\/v2\/pages"}],"about":[{"href":"http:\/\/mf.untz.ba\/index.php?rest_route=\/wp\/v2\/types\/page"}],"author":[{"embeddable":true,"href":"http:\/\/mf.untz.ba\/index.php?rest_route=\/wp\/v2\/users\/1"}],"replies":[{"embeddable":true,"href":"http:\/\/mf.untz.ba\/index.php?rest_route=%2Fwp%2Fv2%2Fcomments&post=21"}],"version-history":[{"count":15,"href":"http:\/\/mf.untz.ba\/index.php?rest_route=\/wp\/v2\/pages\/21\/revisions"}],"predecessor-version":[{"id":9852,"href":"http:\/\/mf.untz.ba\/index.php?rest_route=\/wp\/v2\/pages\/21\/revisions\/9852"}],"up":[{"embeddable":true,"href":"http:\/\/mf.untz.ba\/index.php?rest_route=\/wp\/v2\/pages\/18"}],"wp:attachment":[{"href":"http:\/\/mf.untz.ba\/index.php?rest_route=%2Fwp%2Fv2%2Fmedia&parent=21"}],"curies":[{"name":"wp","href":"https:\/\/api.w.org\/{rel}","templated":true}]}}