{"id":23,"date":"2014-12-08T19:46:47","date_gmt":"2014-12-08T18:46:47","guid":{"rendered":"http:\/\/mf.untz.ba\/?page_id=23"},"modified":"2025-06-25T12:16:52","modified_gmt":"2025-06-25T10:16:52","slug":"nastavno-osoblje","status":"publish","type":"page","link":"http:\/\/mf.untz.ba\/?page_id=23","title":{"rendered":"Nastavno osoblje \/ Teaching Staff"},"content":{"rendered":"\n<figure class=\"wp-block-table aligncenter\"><table><tbody><tr><td>Nastavno osoblje \/ Teaching Staff<\/td><td>E-mail<\/td><td>Curriculum Vitae CV<\/td><\/tr><tr><td><strong>Profesor emeritus\/Professor Emeritus<\/strong><\/td><td><\/td><td><\/td><\/tr><tr><td>Dr. sci. D\u017eemo Tufek\u010di\u0107<\/td><td>dzemo_tufekcic@hotmail.com <\/td><td><a href=\"http:\/\/mf.untz.ba\/wp-content\/uploads\/2023\/10\/EuBiografija_Dzemo_Tufekcic_2023_04_20.pdf\">Dr. sci. D\u017eemo Tufek\u010di\u0107<\/a><\/td><\/tr><tr><td><strong>Redovni profesori \/ Full professors:<\/strong><\/td><td>&nbsp;<\/td><td><\/td><\/tr><tr><td>Dr. sci. Spre\u010di\u0107 Denijal &nbsp;<\/td><td>denijal.sprecic@untz.ba<\/td><td><a href=\"https:\/\/drive.google.com\/file\/d\/14LeW3RoDqsCecJxMeMwzmwEHgZtvXGj_\/view?usp=sharing\">CV BS<\/a> \/ <a href=\"https:\/\/drive.google.com\/file\/d\/14Iwx_SXMliF7dpfJrRpCBShBG9f6TVdX\/view?usp=sharing\">CV ENG<\/a><\/td><\/tr><tr><td>Dr. sci. Ali\u0107 Izet &#8211; <strong>Voditelj tre\u0107eg ciklusa studija<\/strong><\/td><td>&nbsp;izet.alic@untz.ba<\/td><td><a href=\"https:\/\/drive.google.com\/file\/d\/14jYrLOJN5bMYC1BEzXMu_tLYiyGvp4HJ\/view?usp=sharing\">CV BS <\/a>\/ <a href=\"https:\/\/drive.google.com\/file\/d\/14nIaxUHK3wDziOx0mjZoo2Js5ut_GhoL\/view?usp=sharing\">CV ENG<\/a><\/td><\/tr><tr><td>Dr. sci. Elj\u0161an Sandira &#8211; <strong>Voditeljica studijskog odsjeka &#8221;Energetika i termo-fluidni in\u017eenjering&#8221;<\/strong><\/td><td>&nbsp;sandira.eljsan@untz.ba<\/td><td><a href=\"https:\/\/drive.google.com\/file\/d\/14y1s_NVuNYfI3PwdxdQ__17FuBP-9cFR\/view?usp=sharing\">CV BS<\/a> \/ <a href=\"https:\/\/drive.google.com\/file\/d\/14pSsAjf-emr952DDPIoMw0CrCTk-y11S\/view?usp=sharing\">CV ENG<\/a><\/td><\/tr><tr><td>Dr. sci. Alan Top\u010di\u0107 &#8211;  <strong>Dekan\/Dean<\/strong><\/td><td>alan.topcic@untz.ba<\/td><td><a href=\"https:\/\/drive.google.com\/file\/d\/16nWlN8hGWpiBGo2Nu8lVzOQY_qV10R6H\/view?usp=sharing\">CV BS<\/a> \/ <a href=\"https:\/\/drive.google.com\/file\/d\/16iWPd2FuCI6u8xilUeVeZLcro3GyHuBm\/view?usp=sharing\">CV ENG<\/a><\/td><\/tr><tr><td>Dr. sci. Ali\u0107 Fikret<\/td><td>fikret.alic@untz.ba<\/td><td><a href=\"https:\/\/drive.google.com\/file\/d\/161vn1YMR-XkRSRfLAgOtcWQZl__5GGCZ\/view?usp=sharing\">CV BS<\/a> \/ <a href=\"https:\/\/drive.google.com\/file\/d\/15zNXjA_mGlytyxeomt7AmTzem7lYb9dw\/view?usp=sharing\">CV ENG<\/a><\/td><\/tr><tr><td>Dr. sci. Buljuba\u0161i\u0107 Indira &nbsp;&nbsp;<\/td><td>indira.buljubasic@untz.ba<\/td><td><a href=\"https:\/\/drive.google.com\/file\/d\/13sfRM_3HOVHFiowU42FOxl2UMNyVJ8Wr\/view?usp=sharing\">CV BS<\/a> \/ <a href=\"https:\/\/drive.google.com\/file\/d\/13uVItVvSLlggnPlOmG0uOVnSKGdGPUpo\/view?usp=sharing\">CV ENG<\/a><\/td><\/tr><tr><td>Dr. sci. Emir \u0160ari\u0107<\/td><td>emir.saric@untz.ba<\/td><td><a href=\"https:\/\/drive.google.com\/file\/d\/15zqu9EZU3uDGOmN7Grdi6ufb_Wktj1n5\/view?usp=sharing\">CV BS<\/a> \/ <a href=\"https:\/\/drive.google.com\/file\/d\/15tsI1k7dASc3Tr6tgVUDq3PhBb0mSAma\/view?usp=sharing\">CV ENG<\/a><\/td><\/tr><tr><td>Dr. sci. Butkovi\u0107 Samir <\/td><td>&nbsp;samir.butkovic@untz.ba<\/td><td><a href=\"https:\/\/drive.google.com\/file\/d\/159NZZ48dVl_oAfYp3CWrNaFFSAENYV8j\/view?usp=sharing\">CV BS<\/a> \/ <a href=\"https:\/\/drive.google.com\/file\/d\/15DPk7mdHdq6o_Jt9wFO4G5ulJ1cj5B1w\/view?usp=sharing\">CV ENG<\/a><\/td><\/tr><tr><td><strong>Vanredni profesori \/ Associate professors:<\/strong><\/td><td><\/td><td><\/td><\/tr><tr><td>Dr. sci. Lovri\u0107 Sla\u0111an <\/td><td>sladjan.lovric@untz.ba<\/td><td><a href=\"https:\/\/drive.google.com\/file\/d\/13mbD2qkvgU-_poUmO32u8PuAoEYZvnpJ\/view?usp=sharing\">CV BS<\/a> \/ <a href=\"https:\/\/drive.google.com\/file\/d\/13no9Jrruy48hz0TM_uBs3PNR1zyDxqRC\/view?usp=sharing\">CV ENG<\/a><\/td><\/tr><tr><td>Dr. sci. \u0106osi\u0107 Salko<\/td><td>salko.cosic@untz.ba<\/td><td><a href=\"https:\/\/drive.google.com\/file\/d\/14NjWaznPaDShfZDSgJgPhK7_bjMu_YE7\/view?usp=sharing\">CV BS<\/a> \/ <a href=\"https:\/\/drive.google.com\/file\/d\/14Oc2V5YzEyt6X4pkdYYq5KNDF58PtiZ0\/view?usp=sharing\">CV ENG<\/a><\/td><\/tr><tr><td>Dr. sci. Deli\u0107 Izudin &#8211; <strong>Prodekan za Nau\u010dno-istra\u017eiva\u010dki rad<\/strong><\/td><td>izudin.delic@untz.ba<\/td><td><a href=\"https:\/\/drive.google.com\/file\/d\/16U7HrseQixzOzzq5EkkMphP7EoNAAc6r\/view?usp=sharing\">CV BS<\/a> \/ <a href=\"https:\/\/drive.google.com\/file\/d\/16P1oh6u9FXwlXIXGw0Ke9Ei_Q3lQWE0x\/view?usp=sharing\">CV ENG<\/a><\/td><\/tr><tr><td>Dr. sci. Mehmedovi\u0107 Muhamed<\/td><td>muhamed.mehmedovic@untz.ba<\/td><td><a href=\"https:\/\/drive.google.com\/file\/d\/165J-gPDxVLB8vIzEIM2jQvM-02p7mnUG\/view?usp=sharing\">CV BS<\/a> \/ <a href=\"https:\/\/drive.google.com\/file\/d\/16E0JtR1u6bh8Pg1NgxoD2dEqQscmoh7V\/view?usp=sharing\">CV ENG<\/a><\/td><\/tr><tr><td>Dr. sci. Cerjakovi\u0107 Edin &#8211; <strong>Voditelj studijskog odsjeka &#8221;Proizvodno ma\u0161instvo&#8221;<\/strong><\/td><td>edin.cerjakovic@untz.ba<\/td><td><a href=\"https:\/\/drive.google.com\/file\/d\/17-AmgSNj8EjaYnD-jVavYg2kRjZCGGtM\/view?usp=sharing\">CV BS<\/a> \/ <a href=\"https:\/\/drive.google.com\/file\/d\/17-1YKTfQkRccHSZ52aXdJNSqK3jlzngH\/view?usp=sharing\">CV ENG<\/a><\/td><\/tr><tr><td>Dr. sci. Osmanovi\u0107 Almir<\/td><td>almir.osmanovic@untz.ba<\/td><td><a href=\"https:\/\/drive.google.com\/file\/d\/13hlvFbudg6zZTTrOCjXg8__lqc106b7x\/view?usp=sharing\">CV BS<\/a> \/<a href=\"https:\/\/drive.google.com\/file\/d\/13lWJaApKeDRquxQthS0fh2TxTxnTseaD\/view?usp=sharing\"> CV ENG<\/a><\/td><\/tr><tr><td>Dr. sci. Osmi\u0107 Midhat<\/td><td>midhat.osmic@untz.ba<\/td><td><a href=\"https:\/\/drive.google.com\/file\/d\/142_htVdkQYr1J1jCIurEpYNJcrcq-zF5\/view?usp=sharing\">CV BS<\/a> \/ <a href=\"https:\/\/drive.google.com\/file\/d\/13yot2DGCGHhBYVI3yhvuk0R5NCWa18XX\/view?usp=sharing\">CV ENG<\/a><\/td><\/tr><tr><td><\/td><td><\/td><td><\/td><\/tr><tr><td><strong>Docenti \/ Assistant professors:<\/strong><\/td><td>&nbsp;<\/td><td><\/td><\/tr><tr><td>Dr. sci. Kari\u0107 Seniha<\/td><td>seniha.karic@untz.ba<\/td><td><a href=\"https:\/\/drive.google.com\/file\/d\/15uAvT6HQeRnqO2uHM9la0unlbnJSxII3\/view?usp=sharing\">CV BS<\/a> \/ <a href=\"https:\/\/drive.google.com\/file\/d\/15mM21ZrOjL7nwbXvEEIiQ9awKlwuHetn\/view?usp=sharing\">CV ENG<\/a><\/td><\/tr><tr><td>Dr. sci.&nbsp;Halilovi\u0107 Jasmin &#8211; <strong>Prodekan za nastavu i studentska pitanja<\/strong><\/td><td>jasmin.halilovic@untz.ba<\/td><td><a href=\"https:\/\/drive.google.com\/file\/d\/16VQ9CKXeoHwFzZcRP3Vpxk5CoxsmKh7x\/view?usp=sharing\">CV BS<\/a> \/ <a href=\"https:\/\/drive.google.com\/file\/d\/16cTL_8VcopPPwVzv-W2lQcRfDbg5DbuL\/view?usp=sharing\">CV ENG<\/a><\/td><\/tr><tr><td>Dr. sci. Mustafi\u0107 Adnan <strong>&#8211; Voditelj drugog ciklus studija<\/strong><\/td><td>adnan.mustafic@untz.ba<\/td><td><a href=\"https:\/\/drive.google.com\/file\/d\/14bynONEWj7j2vesdfjuQ9-Hp3W5g9wPS\/view?usp=sharing\">CV BS<\/a> \/ <a href=\"https:\/\/drive.google.com\/file\/d\/14TmJbvOkhRd9M2kukK7wUVDa821x79Fg\/view?usp=sharing\">CV ENG<\/a><\/td><\/tr><tr><td>Dr. sci. Nasi\u0107 Edis<\/td><td>edis.nasic@untz.ba<\/td><td><a href=\"https:\/\/drive.google.com\/file\/d\/14NC-w7ArYOebIzUNvndliZQvBUcRbjLx\/view?usp=sharing\">CV BS<\/a> \/ <a href=\"https:\/\/drive.google.com\/file\/d\/14R3bdA12udhjuXb_ru_BbUYYltsOXkA4\/view?usp=sharing\">CV ENG<\/a><\/td><\/tr><tr><td>Dr. sci. D\u017eemal Kova\u010devi\u0107<\/td><td>dzemal.kovacevic@untz.ba<\/td><td><a href=\"https:\/\/drive.google.com\/file\/d\/14h2xvIWw-mP617SEJKrPuqYx-WJ-GclA\/view?usp=sharing\">CV BS<\/a> \/ <a href=\"https:\/\/drive.google.com\/file\/d\/14kuJZwqjdPvpM8eMpIIFjkmhlj0KgXlM\/view?usp=sharing\">CV ENG<\/a><\/td><\/tr><tr><td>&nbsp;<\/td><td>&nbsp;<\/td><td><\/td><\/tr><tr><td><strong>Vi\u0161i asistenti \/ Senior assistants:<\/strong><\/td><td>&nbsp;<\/td><td><\/td><\/tr><tr><td>Heri\u0107 Muhamed, MA<\/td><td>muhamed.heric@untz.ba<\/td><td><a href=\"https:\/\/drive.google.com\/file\/d\/11kQDkMo9YgwSMWNihfGT7vjEF5wFWXtO\/view?usp=sharing\">CV BS<\/a> \/ <a href=\"https:\/\/drive.google.com\/file\/d\/11mH2acrll5WZPQCfcLF_KJgKxJZcDflT\/view?usp=sharing\">CV ENG<\/a><\/td><\/tr><tr><td>Rami\u0107 Lejla, MA<\/td><td>lejla.ramic@untz.ba<\/td><td><a href=\"https:\/\/drive.google.com\/file\/d\/15y3sBWD_IlrBKbeeROry-crBfBRnnHh7\/view?usp=sharing\">CV BS<\/a> \/ <a href=\"https:\/\/drive.google.com\/file\/d\/15yyNSa0uF1CW00T-JmQ9o1cW8Gd7F8PE\/view?usp=sharing\">CV ENG<\/a><\/td><\/tr><tr><td>Be\u0107irovi\u0107 Denis, MA<\/td><td>denis-msf.becirovic@untz.ba<\/td><td><a href=\"https:\/\/drive.google.com\/file\/d\/142b459WEfNkf0_sYVyCi3Abe4k_kPKRi\/view?usp=sharing\">CV BS<\/a> \/ <a href=\"https:\/\/drive.google.com\/file\/d\/148dH8NKUyGOsmUMELoz9wrrSvLSrWD0s\/view?usp=sharing\">CV ENG<\/a><\/td><\/tr><tr><td>\u0160abanovi\u0107 Meliha, MA<\/td><td>&nbsp;huskic_meliha@hotmail.com<\/td><td><a href=\"https:\/\/drive.google.com\/file\/d\/157E9pFcmsHrZ9IY3Qb0jyTfHvtSu0mNC\/view?usp=sharing\">CV BS<\/a> \/ <a href=\"https:\/\/drive.google.com\/file\/d\/15dfDJvwfpeF6OavgLo22qe8a2CkpZtos\/view?usp=sharing\">CV ENG<\/a><\/td><\/tr><tr><td>&nbsp;<\/td><td>&nbsp;<\/td><td><\/td><\/tr><tr><td>&nbsp;<\/td><td>&nbsp;<\/td><td><\/td><\/tr><tr><td><strong>Asistenti \/ Assistants:<\/strong><\/td><td>&nbsp;<\/td><td><\/td><\/tr><tr><td>Ali\u0107 Elmedin<\/td><td>elmedin.alic@untz.ba<\/td><td><a href=\"https:\/\/drive.google.com\/file\/d\/151wAebDfkhKDOk-tLJYksWjsEIEmQcnA\/view?usp=sharing\">CV BS<\/a> \/ <a href=\"https:\/\/drive.google.com\/file\/d\/15JPteOoDHY-QSTOnvyQF0gvQReMtFpbW\/view?usp=sharing\">CV ENG<\/a><\/td><\/tr><tr><td>Emki\u0107 Amir<\/td><td>amir.emkic@untz.ba<\/td><td><a href=\"https:\/\/drive.google.com\/file\/d\/1xN9hSWJ9YlJuktTmglthx38788EKzHFl\/view?usp=sharing\">CV BS<\/a> \/ <a href=\"https:\/\/drive.google.com\/file\/d\/1lIKsJV6v4xULLFFliS-NSh7z_7x36MFR\/view?usp=sharing\">CV ENG<\/a><\/td><\/tr><tr><td>Be\u0161i\u0107 Vedad<\/td><td>vedad.besic@untz.ba<\/td><td><a href=\"https:\/\/drive.google.com\/file\/d\/1tdyZLUBuLXJpEuET9Gdu07HRSnFbVaTb\/view?usp=sharing\">CV BS<\/a> \/ <a href=\"https:\/\/drive.google.com\/file\/d\/19HkvwfQ-e5AMg-MvWhXDqhhdx0XAvqKJ\/view?usp=sharing\">CV ENG<\/a><\/td><\/tr><\/tbody><\/table><\/figure>\n","protected":false},"excerpt":{"rendered":"<p>Nastavno osoblje \/ Teaching Staff E-mail Curriculum Vitae CV Profesor emeritus\/Professor Emeritus Dr. sci. D\u017eemo Tufek\u010di\u0107 dzemo_tufekcic@hotmail.com Dr. sci. D\u017eemo Tufek\u010di\u0107 Redovni profesori \/ Full professors: &nbsp; Dr. sci. Spre\u010di\u0107 Denijal &nbsp; denijal.sprecic@untz.ba CV&#46;&#46;&#46;<\/p>\n","protected":false},"author":1,"featured_media":0,"parent":18,"menu_order":0,"comment_status":"closed","ping_status":"closed","template":"","meta":[],"_links":{"self":[{"href":"http:\/\/mf.untz.ba\/index.php?rest_route=\/wp\/v2\/pages\/23"}],"collection":[{"href":"http:\/\/mf.untz.ba\/index.php?rest_route=\/wp\/v2\/pages"}],"about":[{"href":"http:\/\/mf.untz.ba\/index.php?rest_route=\/wp\/v2\/types\/page"}],"author":[{"embeddable":true,"href":"http:\/\/mf.untz.ba\/index.php?rest_route=\/wp\/v2\/users\/1"}],"replies":[{"embeddable":true,"href":"http:\/\/mf.untz.ba\/index.php?rest_route=%2Fwp%2Fv2%2Fcomments&post=23"}],"version-history":[{"count":72,"href":"http:\/\/mf.untz.ba\/index.php?rest_route=\/wp\/v2\/pages\/23\/revisions"}],"predecessor-version":[{"id":10082,"href":"http:\/\/mf.untz.ba\/index.php?rest_route=\/wp\/v2\/pages\/23\/revisions\/10082"}],"up":[{"embeddable":true,"href":"http:\/\/mf.untz.ba\/index.php?rest_route=\/wp\/v2\/pages\/18"}],"wp:attachment":[{"href":"http:\/\/mf.untz.ba\/index.php?rest_route=%2Fwp%2Fv2%2Fmedia&parent=23"}],"curies":[{"name":"wp","href":"https:\/\/api.w.org\/{rel}","templated":true}]}}