{"id":25,"date":"2014-12-08T19:47:56","date_gmt":"2014-12-08T18:47:56","guid":{"rendered":"http:\/\/mf.untz.ba\/?page_id=25"},"modified":"2025-03-21T11:45:42","modified_gmt":"2025-03-21T10:45:42","slug":"naucne-oblasti","status":"publish","type":"page","link":"http:\/\/mf.untz.ba\/?page_id=25","title":{"rendered":"Nau\u010dne oblasti izbora"},"content":{"rendered":"\n<p><strong>U\u017dE NAU\u010cNE OBLASTI IZBORA NASTAVNIKA I SARADNIKA, UPOSLENIKA NA MA\u0160INSKOM FAKULTETU UNIVERZITETA U TUZLI<\/strong><\/p>\n\n\n\n<div class=\"wp-block-file\"><a href=\"http:\/\/mf.untz.ba\/wp-content\/uploads\/2021\/02\/Opste-masinstvo.pdf\">Op\u0161te ma\u0161instvo<\/a><a href=\"http:\/\/mf.untz.ba\/wp-content\/uploads\/2021\/02\/Opste-masinstvo.pdf\" class=\"wp-block-file__button\" download>Preuzmi<\/a><\/div>\n\n\n\n<p><strong>Nastavnici\/saradnici uposlenici Univerziteta u Tuzli: <\/strong><\/p>\n\n\n\n<ol><li><em>Dr. sci. Salko \u0106osi\u0107, vanr. prof.<\/em><\/li><li><em>Dr. sci. Seniha Kari\u0107, docent<\/em><\/li><li><em>Vedad Be\u0161i\u0107, asistent<\/em><\/li><\/ol>\n\n\n\n<p><\/p>\n\n\n\n<div class=\"wp-block-file\"><a href=\"http:\/\/mf.untz.ba\/wp-content\/uploads\/2021\/02\/Masinske-konstrukcije.pdf\">Ma\u0161inske konstrukcije<\/a><a href=\"http:\/\/mf.untz.ba\/wp-content\/uploads\/2021\/02\/Masinske-konstrukcije.pdf\" class=\"wp-block-file__button\" download>Preuzmi<\/a><\/div>\n\n\n\n<p><strong>Nastavnici\/saradnici uposlenici Univerziteta u Tuzli:<\/strong><\/p>\n\n\n\n<ol><li><em>Dr. sci. Denijal Spre\u010di\u0107, red. prof.<\/em><\/li><li><em>Dr. sci. Jasmin Halilovi\u0107, docent<\/em><\/li><li><em>Dr. sci. Edis Nasi\u0107, docent<\/em><\/li><li><em>Dr. sci. D\u017eemal Kova\u010devi\u0107, docent<\/em><\/li><li><em>Elmedin Ali\u0107, asistent<\/em><\/li><\/ol>\n\n\n\n<p><\/p>\n\n\n\n<div class=\"wp-block-file\"><a href=\"http:\/\/mf.untz.ba\/wp-content\/uploads\/2021\/02\/Energetska-postrojenja-i-ekologija.pdf\">Energetska postrojenja i ekologija<\/a><a href=\"http:\/\/mf.untz.ba\/wp-content\/uploads\/2021\/02\/Energetska-postrojenja-i-ekologija.pdf\" class=\"wp-block-file__button\" download>Preuzmi<\/a><\/div>\n\n\n\n<p><strong>Nastavnici\/saradnici uposlenici Univerziteta u Tuzli:<\/strong><\/p>\n\n\n\n<ol><li><em>Dr. sci. Indira Buljuba\u0161i\u0107, red. prof.<\/em><\/li><li><em>Dr. sci. Midhat Osmi\u0107, vanr. prof.<\/em><\/li><li><em>Meliha \u0160abanovi\u0107, MA, vi\u0161i asistent<\/em><\/li><\/ol>\n\n\n\n<p><\/p>\n\n\n\n<div class=\"wp-block-file\"><a href=\"http:\/\/mf.untz.ba\/wp-content\/uploads\/2021\/02\/Toplotna-i-fluidna-tehnika.pdf\">Toplotna i fluidna tehnika<\/a><a href=\"http:\/\/mf.untz.ba\/wp-content\/uploads\/2021\/02\/Toplotna-i-fluidna-tehnika.pdf\" class=\"wp-block-file__button\" download>Preuzmi<\/a><\/div>\n\n\n\n<p><strong>Nastavnici\/saradnici uposlenici Univerziteta u Tuzli:<\/strong><\/p>\n\n\n\n<ol><li><em>Dr. sci. Izet Ali\u0107, red. prof.<\/em><\/li><li><em>Dr. sci. Sandira Elj\u0161an, red. prof.<\/em><\/li><li><em>Dr. sci. Fikret Ali\u0107, red. prof.<\/em><\/li><li><em>Dr. sci. Izudin Deli\u0107, vanr. prof.<\/em><\/li><li><em>Lejla Rami\u0107, MA, vi\u0161i asistent<\/em><\/li><\/ol>\n\n\n\n<p><\/p>\n\n\n\n<div class=\"wp-block-file\"><a href=\"http:\/\/mf.untz.ba\/wp-content\/uploads\/2021\/02\/Industrijski-inzinjering-i-upravljanje-proizvodnjom.pdf\">Industrijski in\u017einjering i upravljanje proizvodnjom<\/a><a href=\"http:\/\/mf.untz.ba\/wp-content\/uploads\/2021\/02\/Industrijski-inzinjering-i-upravljanje-proizvodnjom.pdf\" class=\"wp-block-file__button\" download>Preuzmi<\/a><\/div>\n\n\n\n<p><strong>Nastavnici\/saradnici uposlenici Univerziteta u Tuzli:<\/strong><\/p>\n\n\n\n<ol><li><em>Dr. sci. Alan Top\u010di\u0107, red. prof.<\/em><\/li><li><em>Dr. sci. Edin Cerjakovi\u0107, vanr. prof.<\/em><\/li><li><em>Dr. sci. Sla\u0111an Lovri\u0107, vanr. prof.<\/em><\/li><li><em>Muhamed Heri\u0107, MA, vi\u0161i asistent<\/em><\/li><\/ol>\n\n\n\n<p><\/p>\n\n\n\n<div class=\"wp-block-file\"><a href=\"http:\/\/mf.untz.ba\/wp-content\/uploads\/2021\/02\/Masinski-proizvodni-inzinjering.pdf\">Ma\u0161inski proizvodni in\u017einjering<\/a><a href=\"http:\/\/mf.untz.ba\/wp-content\/uploads\/2021\/02\/Masinski-proizvodni-inzinjering.pdf\" class=\"wp-block-file__button\" download>Preuzmi<\/a><\/div>\n\n\n\n<p><strong>Nastavnici\/saradnici uposlenici Univerziteta u Tuzli:<\/strong><\/p>\n\n\n\n<ol><li><em>Dr. sci. Samir Butkovi\u0107, red. prof.<\/em><\/li><li><em>Dr. sci. Emir \u0160ari\u0107, red. prof.<\/em><\/li><li><em>Dr. sci. Muhamed Mehmedovi\u0107, vanr. prof.<\/em><\/li><li><em>Dr. sci. Adnan Mustafi\u0107, docent<\/em><\/li><li><em>Denis Be\u0107irovi\u0107, MA, vi\u0161i asistent<\/em><\/li><\/ol>\n\n\n\n<p><\/p>\n\n\n\n<div class=\"wp-block-file\"><a href=\"http:\/\/mf.untz.ba\/wp-content\/uploads\/2021\/02\/Mehatronicki-inzenjering.pdf\">Mehatroni\u010dki in\u017eenjering<\/a><a href=\"http:\/\/mf.untz.ba\/wp-content\/uploads\/2021\/02\/Mehatronicki-inzenjering.pdf\" class=\"wp-block-file__button\" download>Preuzmi<\/a><\/div>\n\n\n\n<p><strong>Nastavnici\/saradnici uposlenici Univerziteta u Tuzli:<\/strong><\/p>\n\n\n\n<ol><li><em>Dr. sci. Almir Osmanovi\u0107, vanr. prof.<\/em><\/li><\/ol>\n\n\n\n<p><\/p>\n\n\n\n<div class=\"wp-block-file\"><a href=\"http:\/\/mf.untz.ba\/wp-content\/uploads\/2021\/02\/Mehatronicki-sistemi.pdf\">Mehatroni\u010dki sistemi<\/a><a href=\"http:\/\/mf.untz.ba\/wp-content\/uploads\/2021\/02\/Mehatronicki-sistemi.pdf\" class=\"wp-block-file__button\" download>Preuzmi<\/a><\/div>\n\n\n\n<p><strong>Nastavnici\/saradnici uposlenici Univerziteta u Tuzli:<\/strong><\/p>\n\n\n\n<ol><li><em>Dr. sci. Elvedin Traki\u0107, vanr. prof.<\/em><\/li><li><em>Dr. sci. Mirza Be\u0107irovi\u0107, docent (spoljni saradnik)<\/em><\/li><li><em>Amir Emki\u0107, asistent<\/em><\/li><\/ol>\n\n\n\n<p><\/p>\n","protected":false},"excerpt":{"rendered":"<p>U\u017dE NAU\u010cNE OBLASTI IZBORA NASTAVNIKA I SARADNIKA, UPOSLENIKA NA MA\u0160INSKOM FAKULTETU UNIVERZITETA U TUZLI Nastavnici\/saradnici uposlenici Univerziteta u Tuzli: Dr. sci. Salko \u0106osi\u0107, vanr. prof. Dr. sci. Seniha Kari\u0107, docent Vedad Be\u0161i\u0107, asistent Nastavnici\/saradnici&#46;&#46;&#46;<\/p>\n","protected":false},"author":1,"featured_media":0,"parent":18,"menu_order":0,"comment_status":"closed","ping_status":"closed","template":"","meta":[],"_links":{"self":[{"href":"http:\/\/mf.untz.ba\/index.php?rest_route=\/wp\/v2\/pages\/25"}],"collection":[{"href":"http:\/\/mf.untz.ba\/index.php?rest_route=\/wp\/v2\/pages"}],"about":[{"href":"http:\/\/mf.untz.ba\/index.php?rest_route=\/wp\/v2\/types\/page"}],"author":[{"embeddable":true,"href":"http:\/\/mf.untz.ba\/index.php?rest_route=\/wp\/v2\/users\/1"}],"replies":[{"embeddable":true,"href":"http:\/\/mf.untz.ba\/index.php?rest_route=%2Fwp%2Fv2%2Fcomments&post=25"}],"version-history":[{"count":20,"href":"http:\/\/mf.untz.ba\/index.php?rest_route=\/wp\/v2\/pages\/25\/revisions"}],"predecessor-version":[{"id":9877,"href":"http:\/\/mf.untz.ba\/index.php?rest_route=\/wp\/v2\/pages\/25\/revisions\/9877"}],"up":[{"embeddable":true,"href":"http:\/\/mf.untz.ba\/index.php?rest_route=\/wp\/v2\/pages\/18"}],"wp:attachment":[{"href":"http:\/\/mf.untz.ba\/index.php?rest_route=%2Fwp%2Fv2%2Fmedia&parent=25"}],"curies":[{"name":"wp","href":"https:\/\/api.w.org\/{rel}","templated":true}]}}