{"id":308,"date":"2015-05-13T12:22:18","date_gmt":"2015-05-13T10:22:18","guid":{"rendered":"http:\/\/mf.untz.ba\/?page_id=308"},"modified":"2015-05-13T15:19:33","modified_gmt":"2015-05-13T13:19:33","slug":"mobilni-pristup","status":"publish","type":"page","link":"http:\/\/mf.untz.ba\/?page_id=308","title":{"rendered":"Mobilni pristup"},"content":{"rendered":"<p>Fakultetsku stranicu je mogu\u0107e pregledati i preko mobilnog ure\u0111aja na Android platformi. Korisnici ostalih platformi (kao \u0161to su iOS, Windows Phone, Ubuntu Touch i sl.) mobilnoj verziji fakultetske stranice mogu pristupiti kroz web pretra\u017eiva\u010d na mobilnom ure\u0111aju. Potrebno je samo da unesu adresu (mf.untz.ba), a stranica \u0107e se automatski prilagoditi veli\u010dini zaslona (responsive).<\/p>\n<p style=\"text-align: center;\"> <a href=\"http:\/\/mf.untz.ba\/dokumenti\/apps\/mfuntz.apk\"><img loading=\"lazy\" class=\"aligncenter\" src=\"http:\/\/mf.untz.ba\/dokumenti\/apps\/button.png\" alt=\"\" width=\"254\" height=\"43\" \/><\/a><em>Trenutna verzija: 0.1<\/em><\/p>\n<p><strong>Aplikacija se instalira na sljede\u0107i na\u010din:<\/strong><\/p>\n<ol>\n<li>preuzmite aplikaciju na linku iznad<\/li>\n<li>kada se ista skine na va\u0161 ure\u0111aj, otvorite skinuti dokument (mfuntz.apk) &#8211; on se nalazi u va\u0161em Downloads programu\/folderu<\/li>\n<li>pokrenite dokument &#8220;mfuntz.apk&#8221; (bez navodnika)<\/li>\n<li>kod nekih korisnika program \u0107e zapo\u010deti instalaciju, me\u0111utim kod nekih korisnika \u0107e Android sprije\u010diti instalaciju iz razloga \u0161to pojedini telefoni ne dozvoljavaju instaliranje aplikacija sa razli\u010ditih stranica.<\/li>\n<\/ol>\n<p><strong>Ukoliko do\u0111e do toga, slijedite sljede\u0107e korake:<\/strong><\/p>\n<ul>\n<li>oti\u0111ite u postavke va\u0161eg telefona (settings)<\/li>\n<li>listajte kroz izbornik dok ne na\u0111ete opciju Sigurnost (security), kada je na\u0111ete kliknite na nju<\/li>\n<li>na\u0111ite i kliknite na opciju Nepoznati izvori (Unknown sources), a potom OK<\/li>\n<li>nakon toga se vratite u folder Downloads, na\u0111ite mfuntz.apk aplikaciju i pokrenite je<\/li>\n<li>pratite upustva na telefonu.<\/li>\n<\/ul>\n<hr \/>\n<p style=\"text-align: center;\">Imajte na umu da ova aplikacija mo\u017ee sadr\u017eavati odre\u0111ena ograni\u010denja u pogledu punog iskori\u0161tavanja Android mogu\u0107nosti. Aplikacija je jo\u0161 uvijek u ranoj fazi te su mogu\u0107i odre\u0111eni &#8220;bugovi&#8221; (gre\u0161ke). Aplikacija se ne a\u017eurira automatski jer nije na Google Play marketu. A\u017euriranje vr\u0161ite ru\u010dno tako \u0161to obri\u0161ete staru verziju aplikacije i instalirate novu. Verzije aplikacije pi\u0161u ispod linka za preuzimanje aplikacije.<\/p>\n","protected":false},"excerpt":{"rendered":"<p>Fakultetsku stranicu je mogu\u0107e pregledati i preko mobilnog ure\u0111aja na Android platformi. Korisnici ostalih platformi (kao \u0161to su iOS, Windows Phone, Ubuntu Touch i sl.) mobilnoj verziji fakultetske stranice mogu pristupiti kroz web pretra\u017eiva\u010d&#46;&#46;&#46;<\/p>\n","protected":false},"author":1,"featured_media":0,"parent":0,"menu_order":0,"comment_status":"closed","ping_status":"open","template":"","meta":[],"_links":{"self":[{"href":"http:\/\/mf.untz.ba\/index.php?rest_route=\/wp\/v2\/pages\/308"}],"collection":[{"href":"http:\/\/mf.untz.ba\/index.php?rest_route=\/wp\/v2\/pages"}],"about":[{"href":"http:\/\/mf.untz.ba\/index.php?rest_route=\/wp\/v2\/types\/page"}],"author":[{"embeddable":true,"href":"http:\/\/mf.untz.ba\/index.php?rest_route=\/wp\/v2\/users\/1"}],"replies":[{"embeddable":true,"href":"http:\/\/mf.untz.ba\/index.php?rest_route=%2Fwp%2Fv2%2Fcomments&post=308"}],"version-history":[{"count":3,"href":"http:\/\/mf.untz.ba\/index.php?rest_route=\/wp\/v2\/pages\/308\/revisions"}],"predecessor-version":[{"id":314,"href":"http:\/\/mf.untz.ba\/index.php?rest_route=\/wp\/v2\/pages\/308\/revisions\/314"}],"wp:attachment":[{"href":"http:\/\/mf.untz.ba\/index.php?rest_route=%2Fwp%2Fv2%2Fmedia&parent=308"}],"curies":[{"name":"wp","href":"https:\/\/api.w.org\/{rel}","templated":true}]}}