{"id":47,"date":"2014-12-08T19:58:45","date_gmt":"2014-12-08T18:58:45","guid":{"rendered":"http:\/\/mf.untz.ba\/?page_id=47"},"modified":"2021-01-19T11:45:01","modified_gmt":"2021-01-19T10:45:01","slug":"studentska-sluzba","status":"publish","type":"page","link":"http:\/\/mf.untz.ba\/?page_id=47","title":{"rendered":"Studentska slu\u017eba"},"content":{"rendered":"<p>Svaki radni dan u terminu od 11.00-14.00 sati.<br \/>\nTelefon: 035 320 924<\/p>\n<p>Slu\u017eba za studentska pitanja obavlja poslove upisa i ispisa studenata na sve nivoe studija koje se realizuju na Fakultetu, sve administrativne poslove oko organizovanja nastave i ispita, izrade i odbrane diplomskih radova, magistarskih teza i doktorskih disertacija, obradu podataka i sve administrativne poslove po studentskim zahtjevima.<\/p>\n<p>U okviru Slu\u017ebe za studentska pitanja sistematizovana su sljede\u0107a radna mjesta:<\/p>\n<p>Amela Damad\u017ei\u0107, dipl.pravnik<br \/>\n<em>Vi\u0161i referent za studentska pitanja-\u0161ef slu\u017ebe<\/em><br \/>\n<em>amela.damadzic@untz.ba<\/em><\/p>\n<p>&nbsp;<\/p>\n","protected":false},"excerpt":{"rendered":"<p>Svaki radni dan u terminu od 11.00-14.00 sati. Telefon: 035 320 924 Slu\u017eba za studentska pitanja obavlja poslove upisa i ispisa studenata na sve nivoe studija koje se realizuju na Fakultetu, sve administrativne poslove&#46;&#46;&#46;<\/p>\n","protected":false},"author":1,"featured_media":0,"parent":33,"menu_order":0,"comment_status":"closed","ping_status":"closed","template":"","meta":[],"_links":{"self":[{"href":"http:\/\/mf.untz.ba\/index.php?rest_route=\/wp\/v2\/pages\/47"}],"collection":[{"href":"http:\/\/mf.untz.ba\/index.php?rest_route=\/wp\/v2\/pages"}],"about":[{"href":"http:\/\/mf.untz.ba\/index.php?rest_route=\/wp\/v2\/types\/page"}],"author":[{"embeddable":true,"href":"http:\/\/mf.untz.ba\/index.php?rest_route=\/wp\/v2\/users\/1"}],"replies":[{"embeddable":true,"href":"http:\/\/mf.untz.ba\/index.php?rest_route=%2Fwp%2Fv2%2Fcomments&post=47"}],"version-history":[{"count":6,"href":"http:\/\/mf.untz.ba\/index.php?rest_route=\/wp\/v2\/pages\/47\/revisions"}],"predecessor-version":[{"id":4759,"href":"http:\/\/mf.untz.ba\/index.php?rest_route=\/wp\/v2\/pages\/47\/revisions\/4759"}],"up":[{"embeddable":true,"href":"http:\/\/mf.untz.ba\/index.php?rest_route=\/wp\/v2\/pages\/33"}],"wp:attachment":[{"href":"http:\/\/mf.untz.ba\/index.php?rest_route=%2Fwp%2Fv2%2Fmedia&parent=47"}],"curies":[{"name":"wp","href":"https:\/\/api.w.org\/{rel}","templated":true}]}}