{"id":4725,"date":"2021-01-17T16:03:13","date_gmt":"2021-01-17T15:03:13","guid":{"rendered":"http:\/\/mf.untz.ba\/?page_id=4725"},"modified":"2024-12-26T22:21:52","modified_gmt":"2024-12-26T21:21:52","slug":"alumni","status":"publish","type":"page","link":"http:\/\/mf.untz.ba\/?page_id=4725","title":{"rendered":"Alumni"},"content":{"rendered":"<div id=\"feednaslov\">\n<h1 style=\"text-align: center;\"><strong><span style=\"color: #800000;\">ALUMNI<\/span><\/strong><\/h1>\n<h3 style=\"text-align: center;\"><strong><span style=\"color: #800000;\">MA\u0160INSKI FAKULTET UNIVERZITETA U TUZLI<\/span><\/strong><\/h3>\n<h3 style=\"text-align: center;\"><\/h3>\n<h3 style=\"text-align: center;\"><strong><em>O udru\u017eenju<\/em><\/strong><\/h3>\n<\/div>\n<div id=\"vijest\">\n<p style=\"text-align: center;\"><em>Ma\u0161inski fakultet Univerziteta u Tuzli pokre\u0107e osnivanje Udruge biv\u0161ih studenata &#8211; Alumni -M\u0160F, s ciljem da pove\u017ee sve zainteresovane za saradnju s Ma\u0161inskim fakultetom. U vezi svih ostalih aktivnosti te organizacije osniva\u010dke skup\u0161tine Udruge svi zainteresovani koji\u00a0 \u017eele\u00a0 da\u00a0 se pridru\u017ee Udruzi &#8211; Alumni M\u0160F bit \u0107e blagovremeno obavije\u0161teni.<\/em><\/p>\n<p style=\"text-align: center;\"><em>Do tada, molimo sve one koji su zainteresovani, da popune formu obrasca i po\u0161alju na adresu u obrascu. Link za obrazac:<\/em> <strong><a href=\"https:\/\/docs.google.com\/forms\/d\/e\/1FAIpQLSdGVXb7vDJ2umeovUKEeIvs6Z-Rr1H9x9RVWeBRRLCLR-0nbg\/viewform?usp=sharing\">OBRAZAC-ALUMNI<\/a>\u00a0<\/strong><\/p>\n<p style=\"text-align: center;\"><em>Kontakt za sve prijedloge, sugestije i kritike:<\/em><\/p>\n<p style=\"text-align: center;\"><em><strong>Univerzitet u Tuzli &#8211; Ma\u0161inski fakultet<\/strong><\/em><\/p>\n<p style=\"text-align: center;\"><em>Adresa: Urfeta Vejzagi\u0107a broj 4., 75 000 Tuzla, BiH<\/em><\/p>\n<p style=\"text-align: center;\"><em>Tel:. 00387 35 320-920<\/em><\/p>\n<p style=\"text-align: center;\"><em>E-mail: nir.msf@untz.ba<\/em><\/p>\n<p style=\"text-align: center;\">\n<\/div>\n","protected":false},"excerpt":{"rendered":"<p>ALUMNI MA\u0160INSKI FAKULTET UNIVERZITETA U TUZLI O udru\u017eenju Ma\u0161inski fakultet Univerziteta u Tuzli pokre\u0107e osnivanje Udruge biv\u0161ih studenata &#8211; Alumni -M\u0160F, s ciljem da pove\u017ee sve zainteresovane za saradnju s Ma\u0161inskim fakultetom. U vezi&#46;&#46;&#46;<\/p>\n","protected":false},"author":3,"featured_media":8543,"parent":0,"menu_order":0,"comment_status":"closed","ping_status":"closed","template":"","meta":[],"_links":{"self":[{"href":"http:\/\/mf.untz.ba\/index.php?rest_route=\/wp\/v2\/pages\/4725"}],"collection":[{"href":"http:\/\/mf.untz.ba\/index.php?rest_route=\/wp\/v2\/pages"}],"about":[{"href":"http:\/\/mf.untz.ba\/index.php?rest_route=\/wp\/v2\/types\/page"}],"author":[{"embeddable":true,"href":"http:\/\/mf.untz.ba\/index.php?rest_route=\/wp\/v2\/users\/3"}],"replies":[{"embeddable":true,"href":"http:\/\/mf.untz.ba\/index.php?rest_route=%2Fwp%2Fv2%2Fcomments&post=4725"}],"version-history":[{"count":10,"href":"http:\/\/mf.untz.ba\/index.php?rest_route=\/wp\/v2\/pages\/4725\/revisions"}],"predecessor-version":[{"id":9565,"href":"http:\/\/mf.untz.ba\/index.php?rest_route=\/wp\/v2\/pages\/4725\/revisions\/9565"}],"wp:featuredmedia":[{"embeddable":true,"href":"http:\/\/mf.untz.ba\/index.php?rest_route=\/wp\/v2\/media\/8543"}],"wp:attachment":[{"href":"http:\/\/mf.untz.ba\/index.php?rest_route=%2Fwp%2Fv2%2Fmedia&parent=4725"}],"curies":[{"name":"wp","href":"https:\/\/api.w.org\/{rel}","templated":true}]}}