{"id":5333,"date":"2021-02-09T19:54:52","date_gmt":"2021-02-09T18:54:52","guid":{"rendered":"http:\/\/mf.untz.ba\/?page_id=5333"},"modified":"2024-12-24T14:23:34","modified_gmt":"2024-12-24T13:23:34","slug":"erasmus","status":"publish","type":"page","link":"http:\/\/mf.untz.ba\/?page_id=5333","title":{"rendered":"Mobilnost"},"content":{"rendered":"\n<p><\/p>\n\n\n\n<p>02.10.2024.<\/p>\n\n\n\n<p><strong>UNAPRE\u0110ENJE AUTONOMIJE BESPILOTNIH SISTEMA: Izazovi i inovacije u multi-domenskim okru\u017eenjima<\/strong><\/p>\n\n\n\n<figure class=\"wp-block-gallery columns-3 is-cropped\"><ul class=\"blocks-gallery-grid\"><li class=\"blocks-gallery-item\"><figure><a href=\"http:\/\/mf.untz.ba\/wp-content\/uploads\/2024\/12\/461798886_969470148530715_5130722738783228734_n.jpg\"><img loading=\"lazy\" width=\"287\" height=\"300\" src=\"http:\/\/mf.untz.ba\/wp-content\/uploads\/2024\/12\/461798886_969470148530715_5130722738783228734_n-287x300.jpg\" alt=\"\" data-id=\"9501\" data-full-url=\"http:\/\/mf.untz.ba\/wp-content\/uploads\/2024\/12\/461798886_969470148530715_5130722738783228734_n.jpg\" data-link=\"http:\/\/mf.untz.ba\/?attachment_id=9501\" class=\"wp-image-9501\" srcset=\"http:\/\/mf.untz.ba\/wp-content\/uploads\/2024\/12\/461798886_969470148530715_5130722738783228734_n-287x300.jpg 287w, http:\/\/mf.untz.ba\/wp-content\/uploads\/2024\/12\/461798886_969470148530715_5130722738783228734_n-980x1024.jpg 980w, http:\/\/mf.untz.ba\/wp-content\/uploads\/2024\/12\/461798886_969470148530715_5130722738783228734_n-768x803.jpg 768w, http:\/\/mf.untz.ba\/wp-content\/uploads\/2024\/12\/461798886_969470148530715_5130722738783228734_n-1469x1536.jpg 1469w, http:\/\/mf.untz.ba\/wp-content\/uploads\/2024\/12\/461798886_969470148530715_5130722738783228734_n.jpg 1959w\" sizes=\"(max-width: 287px) 100vw, 287px\" \/><\/a><\/figure><\/li><li class=\"blocks-gallery-item\"><figure><a href=\"http:\/\/mf.untz.ba\/wp-content\/uploads\/2024\/12\/461933512_969470208530709_5306746285233163889_n.jpg\"><img loading=\"lazy\" width=\"254\" height=\"300\" src=\"http:\/\/mf.untz.ba\/wp-content\/uploads\/2024\/12\/461933512_969470208530709_5306746285233163889_n-254x300.jpg\" alt=\"\" data-id=\"9502\" data-full-url=\"http:\/\/mf.untz.ba\/wp-content\/uploads\/2024\/12\/461933512_969470208530709_5306746285233163889_n.jpg\" data-link=\"http:\/\/mf.untz.ba\/?attachment_id=9502\" class=\"wp-image-9502\" srcset=\"http:\/\/mf.untz.ba\/wp-content\/uploads\/2024\/12\/461933512_969470208530709_5306746285233163889_n-254x300.jpg 254w, http:\/\/mf.untz.ba\/wp-content\/uploads\/2024\/12\/461933512_969470208530709_5306746285233163889_n-867x1024.jpg 867w, http:\/\/mf.untz.ba\/wp-content\/uploads\/2024\/12\/461933512_969470208530709_5306746285233163889_n-768x907.jpg 768w, http:\/\/mf.untz.ba\/wp-content\/uploads\/2024\/12\/461933512_969470208530709_5306746285233163889_n-1301x1536.jpg 1301w, http:\/\/mf.untz.ba\/wp-content\/uploads\/2024\/12\/461933512_969470208530709_5306746285233163889_n.jpg 1734w\" sizes=\"(max-width: 254px) 100vw, 254px\" \/><\/a><\/figure><\/li><li class=\"blocks-gallery-item\"><figure><a href=\"http:\/\/mf.untz.ba\/wp-content\/uploads\/2024\/12\/461944147_969470288530701_8749772660015513150_n.jpg\"><img loading=\"lazy\" width=\"300\" height=\"225\" src=\"http:\/\/mf.untz.ba\/wp-content\/uploads\/2024\/12\/461944147_969470288530701_8749772660015513150_n-300x225.jpg\" alt=\"\" data-id=\"9503\" data-full-url=\"http:\/\/mf.untz.ba\/wp-content\/uploads\/2024\/12\/461944147_969470288530701_8749772660015513150_n.jpg\" data-link=\"http:\/\/mf.untz.ba\/?attachment_id=9503\" class=\"wp-image-9503\" srcset=\"http:\/\/mf.untz.ba\/wp-content\/uploads\/2024\/12\/461944147_969470288530701_8749772660015513150_n-300x225.jpg 300w, http:\/\/mf.untz.ba\/wp-content\/uploads\/2024\/12\/461944147_969470288530701_8749772660015513150_n-1024x768.jpg 1024w, http:\/\/mf.untz.ba\/wp-content\/uploads\/2024\/12\/461944147_969470288530701_8749772660015513150_n-768x576.jpg 768w, http:\/\/mf.untz.ba\/wp-content\/uploads\/2024\/12\/461944147_969470288530701_8749772660015513150_n-1536x1152.jpg 1536w, http:\/\/mf.untz.ba\/wp-content\/uploads\/2024\/12\/461944147_969470288530701_8749772660015513150_n.jpg 2048w\" sizes=\"(max-width: 300px) 100vw, 300px\" \/><\/a><\/figure><\/li><\/ul><\/figure>\n\n\n\n<p>Dr.sc. D\u017eenan Lapandic odr\u017eao je zanimljivo predavanje na Ma\u0161inskom fakultetu Univerziteta u Tuzli vezano za izazove upravljanja bespilotnim dronovima.<\/p>\n\n\n\n<p>Kolegi D\u017eenanu se zahvaljujemo sto je nesebi\u010dno podijelio sa studentima svoja iskustva istra\u017eivanja i studiranja na presti\u017enim europskim univerzitetima.<\/p>\n\n\n\n<p>21.05.2024.<\/p>\n\n\n\n<p>U protekla dva dana u okviru realizacije ERASMUS projekta imali smo \u010dast na Ma\u0161inskom fakultetu Univerziteta u Tuzli ugostiti Prof.Dr. \u00d6zler Karakas sa Pamukkale University\/Engineering Faculty\/Department of Mechanical Engineering (Denizli, Turska), razmijeniti iskustva i razmotriti na\u010dine unaprje\u0111enja postoje\u0107e saradnje.<\/p>\n\n\n\n<div class=\"wp-block-image\"><figure class=\"aligncenter size-large is-resized\"><a href=\"http:\/\/mf.untz.ba\/wp-content\/uploads\/2024\/12\/441199972_877521994392198_1805477233718856145_n.jpg\"><img loading=\"lazy\" src=\"http:\/\/mf.untz.ba\/wp-content\/uploads\/2024\/12\/441199972_877521994392198_1805477233718856145_n.jpg\" alt=\"\" class=\"wp-image-9506\" width=\"488\" height=\"397\" srcset=\"http:\/\/mf.untz.ba\/wp-content\/uploads\/2024\/12\/441199972_877521994392198_1805477233718856145_n.jpg 976w, http:\/\/mf.untz.ba\/wp-content\/uploads\/2024\/12\/441199972_877521994392198_1805477233718856145_n-300x244.jpg 300w, http:\/\/mf.untz.ba\/wp-content\/uploads\/2024\/12\/441199972_877521994392198_1805477233718856145_n-768x625.jpg 768w\" sizes=\"(max-width: 488px) 100vw, 488px\" \/><\/a><\/figure><\/div>\n\n\n\n<p class=\"has-text-align-left\"><strong><span class=\"has-inline-color has-black-color\">ERASMUS + STUDENTSKA RAZMJENA NA TH K\u00d6LN<\/span><\/strong><\/p>\n\n\n\n<p class=\"has-text-align-center\">Duspara Toni<br>Mirza Had\u017eihasanovi\u0107<\/p>\n\n\n\n<p class=\"has-text-align-left\">U periodu od 15.03. do 19.08.2020. godine, studenti Duspara Toni i Had\u017eihasanovi\u0107 Mirza bili su u\u010desnici Erasmus + razmjene studenata na TH K\u00f6ln-u. Studenti su bili upisani na Fakultetu za automobilske sisteme i proizvodnju, a doma\u0107in profesor i koordinator razmjene bio je profesor Smaji\u0107 Hasan. Kroz nastavu, studenti su pisali radove i polagali ispite, a kroz interdisciplinarni projekt izradili Vodi\u010d za budu\u0107e studente Erasmus razmjene, te radili na osposobljavanju opreme namijenjene univerzitetima u BiH. Oprema koja je dostavljena Ma\u0161inskom fakultetu u Tuzli, ali i drugim fakultetima u BiH, slu\u017ei za prakti\u010dan dio nastave na vje\u017ebama koje se ti\u010du automatizacije i PLC programiranja. Tako\u0111er, TH K\u00f6ln je omogu\u0107io kurs njema\u010dkog jezika studentima koji dolaze na razmjenu. Iako u ote\u017eavaju\u0107im okolnostima zbog pandemije Koronavirusa, razmjena je pro\u0161la bez ve\u0107ih problema, te su sve nastavne obaveze uspje\u0161no zavr\u0161ene. Slobodno vrijeme studenti su koristili za upoznavanje grada i okoline, te dru\u017eenje s doma\u0107im studentima.<\/p>\n\n\n\n<figure class=\"wp-block-gallery aligncenter columns-3 is-cropped\"><ul class=\"blocks-gallery-grid\"><li class=\"blocks-gallery-item\"><figure><a href=\"http:\/\/mf.untz.ba\/wp-content\/uploads\/2021\/02\/image-2.png\"><img loading=\"lazy\" width=\"260\" height=\"346\" src=\"http:\/\/mf.untz.ba\/wp-content\/uploads\/2021\/02\/image-2.png\" alt=\"\" data-id=\"5399\" data-full-url=\"http:\/\/mf.untz.ba\/wp-content\/uploads\/2021\/02\/image-2.png\" data-link=\"http:\/\/mf.untz.ba\/?attachment_id=5399\" class=\"wp-image-5399\" srcset=\"http:\/\/mf.untz.ba\/wp-content\/uploads\/2021\/02\/image-2.png 260w, http:\/\/mf.untz.ba\/wp-content\/uploads\/2021\/02\/image-2-225x300.png 225w\" sizes=\"(max-width: 260px) 100vw, 260px\" \/><\/a><\/figure><\/li><li class=\"blocks-gallery-item\"><figure><a href=\"http:\/\/mf.untz.ba\/wp-content\/uploads\/2021\/02\/image-3.png\"><img loading=\"lazy\" width=\"328\" height=\"247\" src=\"http:\/\/mf.untz.ba\/wp-content\/uploads\/2021\/02\/image-3.png\" alt=\"\" data-id=\"5400\" data-full-url=\"http:\/\/mf.untz.ba\/wp-content\/uploads\/2021\/02\/image-3.png\" data-link=\"http:\/\/mf.untz.ba\/?attachment_id=5400\" class=\"wp-image-5400\" srcset=\"http:\/\/mf.untz.ba\/wp-content\/uploads\/2021\/02\/image-3.png 328w, http:\/\/mf.untz.ba\/wp-content\/uploads\/2021\/02\/image-3-300x226.png 300w\" sizes=\"(max-width: 328px) 100vw, 328px\" \/><\/a><\/figure><\/li><li class=\"blocks-gallery-item\"><figure><a href=\"http:\/\/mf.untz.ba\/wp-content\/uploads\/2021\/02\/image-4.png\"><img loading=\"lazy\" width=\"256\" height=\"340\" src=\"http:\/\/mf.untz.ba\/wp-content\/uploads\/2021\/02\/image-4.png\" alt=\"\" data-id=\"5401\" data-full-url=\"http:\/\/mf.untz.ba\/wp-content\/uploads\/2021\/02\/image-4.png\" data-link=\"http:\/\/mf.untz.ba\/?attachment_id=5401\" class=\"wp-image-5401\" srcset=\"http:\/\/mf.untz.ba\/wp-content\/uploads\/2021\/02\/image-4.png 256w, http:\/\/mf.untz.ba\/wp-content\/uploads\/2021\/02\/image-4-226x300.png 226w\" sizes=\"(max-width: 256px) 100vw, 256px\" \/><\/a><\/figure><\/li><\/ul><\/figure>\n","protected":false},"excerpt":{"rendered":"<p>02.10.2024. UNAPRE\u0110ENJE AUTONOMIJE BESPILOTNIH SISTEMA: Izazovi i inovacije u multi-domenskim okru\u017eenjima Dr.sc. D\u017eenan Lapandic odr\u017eao je zanimljivo predavanje na Ma\u0161inskom fakultetu Univerziteta u Tuzli vezano za izazove upravljanja bespilotnim dronovima. Kolegi D\u017eenanu se zahvaljujemo&#46;&#46;&#46;<\/p>\n","protected":false},"author":3,"featured_media":0,"parent":0,"menu_order":0,"comment_status":"closed","ping_status":"closed","template":"","meta":[],"_links":{"self":[{"href":"http:\/\/mf.untz.ba\/index.php?rest_route=\/wp\/v2\/pages\/5333"}],"collection":[{"href":"http:\/\/mf.untz.ba\/index.php?rest_route=\/wp\/v2\/pages"}],"about":[{"href":"http:\/\/mf.untz.ba\/index.php?rest_route=\/wp\/v2\/types\/page"}],"author":[{"embeddable":true,"href":"http:\/\/mf.untz.ba\/index.php?rest_route=\/wp\/v2\/users\/3"}],"replies":[{"embeddable":true,"href":"http:\/\/mf.untz.ba\/index.php?rest_route=%2Fwp%2Fv2%2Fcomments&post=5333"}],"version-history":[{"count":6,"href":"http:\/\/mf.untz.ba\/index.php?rest_route=\/wp\/v2\/pages\/5333\/revisions"}],"predecessor-version":[{"id":9509,"href":"http:\/\/mf.untz.ba\/index.php?rest_route=\/wp\/v2\/pages\/5333\/revisions\/9509"}],"wp:attachment":[{"href":"http:\/\/mf.untz.ba\/index.php?rest_route=%2Fwp%2Fv2%2Fmedia&parent=5333"}],"curies":[{"name":"wp","href":"https:\/\/api.w.org\/{rel}","templated":true}]}}