{"id":5334,"date":"2021-02-09T19:54:52","date_gmt":"2021-02-09T18:54:52","guid":{"rendered":"http:\/\/mf.untz.ba\/?page_id=5334"},"modified":"2025-03-13T11:37:36","modified_gmt":"2025-03-13T10:37:36","slug":"industrijska-praksa-ostalo","status":"publish","type":"page","link":"http:\/\/mf.untz.ba\/?page_id=5334","title":{"rendered":"Industrijska praksa"},"content":{"rendered":"\n<p>Ma\u0161inski fakultet ima potpisane Sporazume o saradnji i memorandume sa privrednim subjekatima i drugim<br>institucijama. Potpisanim sporazumima omogu\u0107eno je obavljanje industrijske prakse za studente u trajanju od 60 sati. <\/p>\n\n\n\n<p>Privredni subjekti \u010dija je djelatnost iz oblasti koje pokriva studijski program <strong>Energetika i termo-fluidni in\u017eenjering<\/strong> (I ciklus studija):<\/p>\n\n\n\n<p>1. COMVERSUM d.o.o. Tuzla<br>2. CENTRALNO GRIJANJE d.d. Tuzla<br>3. TEHNOPETROL d.o.o. Tuzla<br>4. REDPRIME d.o.o. Tuzla<br>5. EURO BAU d.o.o. \u017divinice<br>6. C-CON d.o.o. Tuzla<br>7. TERMO-INGENERING d.o.o. Lukavac<br>8. JATA GROUP d.o.o. Srebrenik<br>9. FAP-PROM d.o.o. \u017divinice<br>10. AM-PNEUMATIK d.o.o Tuzla<br>11. WILDERWISE BH d.o.o. \u017divinice<br>12. GLOBAL ISPAT KOKSNA INDUSTRIJA d.o.o. Lukavac<br>13. PROBOSING d.o.o. Tuzla<br>14. INMER d.o.o Grada\u010dac<br>15. ORDAGI\u0106 d.o.o Srebrenik<br>16. PROIZVODNJA ELEKTRI\u010cNE ENERGIJE SOLAR EMIR d.o.o \u017divinice<br>17. BOST IN\u017dENJERING d.o.o. Tuzla<br>18. AFT BOSNIA d.o.o. \u017divinice<br>19. AMM Solutions d.o.o. Tuzla<br>20. Rudnici mrkog uglja \u201eBanovi\u0107i\u201c d.d. Banovi\u0107i<br>21. \u0160KODA AUTO a.s. \u010ce\u0161ka<br>22. JP Elektroprivreda BiH d.d. Sarajevo, Zavisno dru\u0161tvo Rudnici Kreka d.o.o. Tuzla<br>23. SU-AD d.o.o. Proizvodnja vatrogasnih vozila \u017divinice<br>24. Institut za sigurnost i okoli\u0161, d.o.o. Tuzla<br>25. SISECAM SODA Lukavac d.o.o. (SSL)<br>26. TTU ENERGETIK d.o.o. Tuzla<br>27. SOLAR EMIR \u017divinice<\/p>\n\n\n\n<p>Privredni subjekti \u010dija je djelatnost iz oblasti koje pokriva studijski program <strong>Proizvodno ma\u0161instvo<\/strong> (I ciklus studija):<\/p>\n\n\n\n<p>1. DISK d.o.o. Tuzla<br>2. PROVISION d.o.o. Lukavac<br>3. COMVERSUM d.o.o. Tuzla<br>4. TMD AUTOMOTIVE d.o.o. Grada\u010dac<br>5. TEHNOPETROL d.o.o. Tuzla<br>6. ERAX-INVEST d.o.o. Banovi\u0107i<br>7. EURO BAU d.o.o. \u017divinice<br>8. C-CON d.o.o. Tuzla<br>9. PRIM CO COMPANY d.o.o. Gra\u010danica<br>10. ALFE-MI d.o.o. \u017divinice<br>11. METAL WORKS d.o.o. Grada\u010dac<br>12. METALIS MI d.o.o. Lukavac<br>13. EKS InTec BH d.o.o. Tuzla<br>14. JATA GROUP d.o.o. Srebrenik<br>15. PMP MIKRON METALNO d.o.o. Tuzla<br>16. FAP-PROM d.o.o. \u017divinice<br>17. ARTISAN d.o.o. Te\u0161anj<br>18. WILDERWISE BH d.o.o. \u017divinice<br>19. PROBOSING d.o.o. Tuzla<br>20. ZEKA COMERC d.o.o Tuzla<br>21. INMER d.o.o Grada\u010dac<br>22. ORDAGI\u0106 d.o.o Srebrenik<br>23. QR OGRADNI SISTEMI d.o.o. Gra\u010danica<br>24. BME d.o.o. Te\u0161anj<br>25. FERRETO GROUP CENTRAL EUROPE d.o.O. Usora<br>26. BOST IN\u017dENJERING d.o.o. Tuzla<br>27. Institut za zavarivanje d.o.o. Tuzla<br>28. AFT BOSNIA d.o.o. \u017divinice<br>29. AMM Solutions d.o.o. Tuzla<br>30. Rudnici mrkog uglja \u201eBanovi\u0107i\u201cd.d. Banovi\u0107i<br>31. \u0160KODA AUTO a.s. \u010ce\u0161ka<br>32. JP Elektroprivreda BiH d.d. Sarajevo, Zavisno dru\u0161tvo Rudnici Kreka d.o.o. Tuzla<br>33. SU-AD d.o.o. Proizvodnja vatrogasnih vozila \u017divinice<br>34. Institut za sigurnost i okoli\u0161, d.o.o. Tuzla<br>35. MBT BH d.o.o. Tuzla<br>36. INDEX d.o.o. Gra\u010danica<\/p>\n\n\n\n<p>Privredni subjekti \u010dija je djelatnost iz oblasti koje pokriva studijski program <strong>Mehatronika<\/strong> (I ciklus studija):<\/p>\n\n\n\n<p>1. RAMEX d.o.o. Kladanj<br>2. DISK d.o.o. Tuzla<br>3. PROVISION d.o.o. Lukavac<br>4. CENTRALNO GRIJANJE d.d. Tuzla<br>5. TMD AUTOMOTIVE d.o.o. Grada\u010dac<br>6. TEHNOPETROL d.o.o. Tuzla<br>7. REDPRIME d.o.o. Tuzla<br>8. ERAX-INVEST d.o.o. Banovi\u0107i<br>9. EURO BAU d.o.o. \u017divinice<br>10. C-CON d.o.o. Tuzla<br>11. PRIM CO COMPANY d.o.o. Gra\u010danica<br>12. ALFE-MI d.o.o. \u017divinice<br>13. TERMO-INGENERING d.o.o. Lukavac<br>14. METAL WORKS d.o.o. Grada\u010dac<br>15. METALIS MI d.o.o. Lukavac<br>16. EKS InTec BH d.o.o. Tuzla<br>17. JATA GROUP d.o.o. Srebrenik<br>18. PMP MIKRON METALNO d.o.o. Tuzla<br>19. FAP-PROM d.o.o. \u017divinice<br>20. ARTISAN d.o.o. Te\u0161anj<br>21. AM-PNEUMATIK d.o.o Tuzla<br>22. WILDERWISE BH d.o.o. \u017divinice<br>23. GLOBAL ISPAT KOKSNA INDUSTRIJA d.o.o. Lukavac<br>24. PROBOSING d.o.o. Tuzla<br>25. ZEKA COMERC d.o.o Tuzla<br>26. INMER d.o.o Grada\u010dac<br>27. ORDAGI\u0106 d.o.o Srebrenik<br>28. QR OGRADNI SISTEMI d.o.o. Gra\u010danica<br>29. BME d.o.o. Te\u0161anj<br>30. PROIZVODNJA ELEKTRI\u010cNE ENERGIJE SOLAR EMIR d.o.o \u017divinice<br>31. FERRETO GROUP CENTRAL EUROPE d.o.O. Usora<br>32. BOST IN\u017dENJERING d.o.o. Tuzla<br>33. Institut za zavarivanje d.o.o. Tuzla<br>34. AFT BOSNIA d.o.o. \u017divinice<br>35. AMM Solutions d.o.o. Tuzla<br>36. Rudnici mrkog uglja \u201eBanovi\u0107i\u201cd.d. Banovi\u0107i<br>37. \u0160KODA AUTO a.s. \u010ce\u0161ka<br>38. JP Elektroprivreda BiH d.d. Sarajevo, Zavisno dru\u0161tvo Rudnici Kreka d.o.o. Tuzla<br>39. SU-AD d.o.o. Proizvodnja vatrogasnih vozila \u017divinice<br>40. Institut za sigurnost i okoli\u0161, d.o.o. Tuzla<br>41. SISECAM SODA Lukavac d.o.o. (SSL)<br>42. TTU ENERGETIK d.o.o. Tuzla<br>43. MBT BH d.o.o. Tuzla<br>44. INDEX d.o.o. Gra\u010danica<br>45. SOLAR EMIR \u017divinice<\/p>\n\n\n\n<p>Pored navedenih privrednih subjekata student mo\u017ee izraziti \u017eelju za obavljanjem industrijske prakse i u nekom privrednom subjektu koji se ne nalazi na popisu. O tome treba blagovremeno obavijestiti mentora i prodekana za nastavu i studentska pitanja koji \u0107e uspostaviti saradnju.<\/p>\n\n\n\n<p><a href=\"https:\/\/docs.google.com\/document\/d\/11hfnpI0EAjLX8xPzoiRFqdDb_bmKmIZh\/edit?usp=sharing&amp;ouid=111632435225808330276&amp;rtpof=true&amp;sd=true\">Dnevnik industrijske prakse_template<\/a><\/p>\n","protected":false},"excerpt":{"rendered":"<p>Ma\u0161inski fakultet ima potpisane Sporazume o saradnji i memorandume sa privrednim subjekatima i drugiminstitucijama. Potpisanim sporazumima omogu\u0107eno je obavljanje industrijske prakse za studente u trajanju od 60 sati. Privredni subjekti \u010dija je djelatnost iz&#46;&#46;&#46;<\/p>\n","protected":false},"author":3,"featured_media":0,"parent":0,"menu_order":0,"comment_status":"closed","ping_status":"closed","template":"","meta":[],"_links":{"self":[{"href":"http:\/\/mf.untz.ba\/index.php?rest_route=\/wp\/v2\/pages\/5334"}],"collection":[{"href":"http:\/\/mf.untz.ba\/index.php?rest_route=\/wp\/v2\/pages"}],"about":[{"href":"http:\/\/mf.untz.ba\/index.php?rest_route=\/wp\/v2\/types\/page"}],"author":[{"embeddable":true,"href":"http:\/\/mf.untz.ba\/index.php?rest_route=\/wp\/v2\/users\/3"}],"replies":[{"embeddable":true,"href":"http:\/\/mf.untz.ba\/index.php?rest_route=%2Fwp%2Fv2%2Fcomments&post=5334"}],"version-history":[{"count":6,"href":"http:\/\/mf.untz.ba\/index.php?rest_route=\/wp\/v2\/pages\/5334\/revisions"}],"predecessor-version":[{"id":9858,"href":"http:\/\/mf.untz.ba\/index.php?rest_route=\/wp\/v2\/pages\/5334\/revisions\/9858"}],"wp:attachment":[{"href":"http:\/\/mf.untz.ba\/index.php?rest_route=%2Fwp%2Fv2%2Fmedia&parent=5334"}],"curies":[{"name":"wp","href":"https:\/\/api.w.org\/{rel}","templated":true}]}}