{"id":5335,"date":"2021-02-09T19:54:52","date_gmt":"2021-02-09T18:54:52","guid":{"rendered":"http:\/\/mf.untz.ba\/?page_id=5335"},"modified":"2024-12-24T13:57:24","modified_gmt":"2024-12-24T12:57:24","slug":"projects-2","status":"publish","type":"page","link":"http:\/\/mf.untz.ba\/?page_id=5335","title":{"rendered":"Projekti"},"content":{"rendered":"\n<div class=\"wp-block-image\"><figure class=\"aligncenter size-large\"><a href=\"http:\/\/mf.untz.ba\/wp-content\/uploads\/2024\/12\/projekti.jpg\"><img loading=\"lazy\" width=\"512\" height=\"257\" src=\"http:\/\/mf.untz.ba\/wp-content\/uploads\/2024\/12\/projekti.jpg\" alt=\"\" class=\"wp-image-9487\" srcset=\"http:\/\/mf.untz.ba\/wp-content\/uploads\/2024\/12\/projekti.jpg 512w, http:\/\/mf.untz.ba\/wp-content\/uploads\/2024\/12\/projekti-300x151.jpg 300w\" sizes=\"(max-width: 512px) 100vw, 512px\" \/><\/a><\/figure><\/div>\n\n\n\n<p>PREGLED STRUKTURE PROJEKATA<\/p>\n\n\n\n<figure class=\"wp-block-table aligncenter is-style-stripes\"><table><thead><tr><th class=\"has-text-align-left\" data-align=\"left\"><\/th><\/tr><\/thead><tbody><tr><td class=\"has-text-align-left\" data-align=\"left\"><\/td><\/tr><tr><td class=\"has-text-align-left\" data-align=\"left\"><span class=\"has-inline-color has-black-color\"><strong><strong>CEEPUS<\/strong><\/strong>\u00a0(Central European Exchange Programme for University Studies) je srednjoevropski program za razmjenu studenata i akademskog osoblja. Ovaj program omogu\u0107ava mobilnost studenata i univerzitetskih profesora sa osnovnim ciljem unaprije\u0111enja obrazovanja na visoko\u0161kolskim ustanovama.<\/span><\/td><\/tr><tr><td class=\"has-text-align-left\" data-align=\"left\">Vi\u0161e o Ceepus projektima na Ma\u0161inskom fakultetu na linku:  <a href=\"http:\/\/mf.untz.ba\/?page_id=5337\" data-type=\"URL\" data-id=\"http:\/\/mf.untz.ba\/?page_id=5337\"><strong>CEEPUS<\/strong><\/a><\/td><\/tr><tr><td class=\"has-text-align-left\" data-align=\"left\"><\/td><\/tr><tr><td class=\"has-text-align-left\" data-align=\"left\"><\/td><\/tr><tr><td class=\"has-text-align-left\" data-align=\"left\"><span class=\"has-inline-color has-black-color\"><strong>ERASMUS+ <\/strong>studentima nudi odli\u010dnu priliku da studiraju ili obave praksu na partnerskim visokoobrazovnim institucijama u zemljama Evropske unije i zemljama u\u010desnicima u ovom programu mobilnosti.<\/span><\/td><\/tr><tr><td class=\"has-text-align-left\" data-align=\"left\">Vi\u0161e o ERASMUS+ projektima na Ma\u0161inskom fakultetu na linku:<strong> <a href=\"http:\/\/mf.untz.ba\/?page_id=5336\" data-type=\"URL\" data-id=\"http:\/\/mf.untz.ba\/?page_id=5336\">ERASMUS+<\/a><\/strong><\/td><\/tr><tr><td class=\"has-text-align-left\" data-align=\"left\"><\/td><\/tr><tr><td class=\"has-text-align-left\" data-align=\"left\"><\/td><\/tr><tr><td class=\"has-text-align-left\" data-align=\"left\"><strong><span class=\"has-inline-color has-black-color\">NAU\u010cNO-ISTRA\u017dIVA\u010cKI\/STRU\u010cNI PROJEKTI<\/span><\/strong><br><span class=\"has-inline-color has-black-color\">Ma\u0161inski fakultet Univerziteta u Tuzli je kroz svoj rad u\u010destvovao u brojnim projektima sa razli\u010ditom tematikom, od nau\u010dno-istra\u017eiva\u010dkih, stru\u010dnih do razvojnih projekata.<\/span><\/td><\/tr><tr><td class=\"has-text-align-left\" data-align=\"left\">Vi\u0161e o reallizovanim i aktivnim projektima (me\u0111unarodni i doma\u0107i) na linku:  <a href=\"http:\/\/mf.untz.ba\/?page_id=5361\" data-type=\"URL\" data-id=\"http:\/\/mf.untz.ba\/?page_id=5361\"><strong>PROJEKTI<\/strong><\/a><\/td><\/tr><tr><td class=\"has-text-align-left\" data-align=\"left\"><\/td><\/tr><\/tbody><tfoot><tr><td class=\"has-text-align-left\" data-align=\"left\"><\/td><\/tr><\/tfoot><\/table><\/figure>\n","protected":false},"excerpt":{"rendered":"<p>PREGLED STRUKTURE PROJEKATA CEEPUS\u00a0(Central European Exchange Programme for University Studies) je srednjoevropski program za razmjenu studenata i akademskog osoblja. Ovaj program omogu\u0107ava mobilnost studenata i univerzitetskih profesora sa osnovnim ciljem unaprije\u0111enja obrazovanja na visoko\u0161kolskim&#46;&#46;&#46;<\/p>\n","protected":false},"author":3,"featured_media":0,"parent":0,"menu_order":0,"comment_status":"closed","ping_status":"closed","template":"","meta":[],"_links":{"self":[{"href":"http:\/\/mf.untz.ba\/index.php?rest_route=\/wp\/v2\/pages\/5335"}],"collection":[{"href":"http:\/\/mf.untz.ba\/index.php?rest_route=\/wp\/v2\/pages"}],"about":[{"href":"http:\/\/mf.untz.ba\/index.php?rest_route=\/wp\/v2\/types\/page"}],"author":[{"embeddable":true,"href":"http:\/\/mf.untz.ba\/index.php?rest_route=\/wp\/v2\/users\/3"}],"replies":[{"embeddable":true,"href":"http:\/\/mf.untz.ba\/index.php?rest_route=%2Fwp%2Fv2%2Fcomments&post=5335"}],"version-history":[{"count":13,"href":"http:\/\/mf.untz.ba\/index.php?rest_route=\/wp\/v2\/pages\/5335\/revisions"}],"predecessor-version":[{"id":9499,"href":"http:\/\/mf.untz.ba\/index.php?rest_route=\/wp\/v2\/pages\/5335\/revisions\/9499"}],"wp:attachment":[{"href":"http:\/\/mf.untz.ba\/index.php?rest_route=%2Fwp%2Fv2%2Fmedia&parent=5335"}],"curies":[{"name":"wp","href":"https:\/\/api.w.org\/{rel}","templated":true}]}}