{"id":5336,"date":"2021-02-09T19:54:52","date_gmt":"2021-02-09T18:54:52","guid":{"rendered":"http:\/\/mf.untz.ba\/?page_id=5336"},"modified":"2024-12-24T13:01:50","modified_gmt":"2024-12-24T12:01:50","slug":"erasmus-2","status":"publish","type":"page","link":"http:\/\/mf.untz.ba\/?page_id=5336","title":{"rendered":"Erasmus +"},"content":{"rendered":"\n<figure class=\"wp-block-image size-large\"><a href=\"http:\/\/mf.untz.ba\/wp-content\/uploads\/2024\/12\/erasmus.jpg\"><img loading=\"lazy\" width=\"300\" height=\"154\" src=\"http:\/\/mf.untz.ba\/wp-content\/uploads\/2024\/12\/erasmus.jpg\" alt=\"\" class=\"wp-image-9465\"\/><\/a><\/figure>\n\n\n\n<p>ERASMUS+ studentima nudi odli\u010dnu priliku da studiraju ili obave praksu na partnerskim visokoobrazovnim institucijama u zemljama Evropske unije i zemljama u\u010desnicima u ovom programu mobilnosti.<\/p>\n\n\n\n<p><strong>Kako se prijaviti?<\/strong><\/p>\n\n\n\n<p>Zainteresovani studenti se prijavljuje na otvorene konkurse u okviru ERASMUS+ programa mobilnosti dostavljanjem sljede\u0107e dokumentacije na osnovu koje se svaki kandidat evaluira:&nbsp;<\/p>\n\n\n\n<ol><li><a href=\"http:\/\/untz.ba\/wp-content\/uploads\/2021\/02\/Prijavni_obrazac-2020-21.docx\">Prijavni obrazac<\/a><\/li><li>Fotografija (formata 35\u00d745 mm)<\/li><li>Fotokopija paso\u0161a (stranica sa generalijskim podacima)<\/li><li>CV (<a href=\"https:\/\/europass.cedefop.europa.eu\/documents\/curriculum-vitae\"><u>https:\/\/europass.cedefop.europa.eu\/documents\/curriculum-vitae<\/u><\/a>)<\/li><li>Motivaciono pismo na engleskom jeziku<\/li><li>Prijedlog&nbsp;<a href=\"http:\/\/untz.ba\/wp-content\/uploads\/2021\/02\/Learning_Agreement_Ugovor_o_ucenju_ak_2020_21_god.doc\">Erasmus+ Learning Agreement<\/a><\/li><li>Certifikat o poznavanju engleskog jezika, minimalno nivo B1<\/li><li>Za studente I ciklusa: Prepis ocjena \u2013 preveden na engleski jezik<\/li><li>Za studente II ciklusa: Potvrda o statusu studenta izdata od strane fakulteta \u2013 prevedena na engleski jezik<\/li><li>Za studente III ciklusa: Potvrda o statusu studenta izdata od strane fakulteta i prepis ocjena \u2013 prevedeni na engleski jezik<\/li><\/ol>\n\n\n\n<p>Prijave se dostavljaju putem e-maila na&nbsp;<a href=\"mailto:internationalstudents@untz.ba\"><u>internationalstudents@untz.ba<\/u><\/a>&nbsp;sa napomenom PRIJAVA ZA ERASMUS+ (NAZIV UNIVERZITETA). Svi dokumenti se dostavljaju na engleskom jeziku, i moraju biti potpisani i skenirani u PDF formatu sa jasno nazna\u010denim imenom i prezimenom kandidata i nazivom svakog dokumenta (primjer: Transcript_First Name, Last Name).<\/p>\n\n\n\n<p>Odabir kandidata se vr\u0161i u skladu sa&nbsp;<a href=\"http:\/\/untz.ba\/wp-content\/uploads\/2021\/01\/Pravilnik_o_medjunarodnoj_mobilnosti_30_07_2020.pdf\">PRAVILNIK o me\u0111unarodnoj mobilnosti<\/a>&nbsp;i&nbsp;<a href=\"http:\/\/untz.ba\/wp-content\/uploads\/2021\/01\/2c_STUDENTI_Tablica_kriterija_za_mobilnost_odlaznih_studenata.pdf\">Kriterijma za mobilnost studenata<\/a>.<\/p>\n\n\n\n<p><strong>Trajanje mobilnosti<\/strong><\/p>\n\n\n\n<p>Mobilnost traje od minimalno 2 mjeseca do maksimalno 12 mjeseci. Studenti u toku jednog ciklusa studija mogu oti\u0107i dva puta na mobilnost.<\/p>\n\n\n\n<p><strong>\u0160ta uklju\u010duje Erasmus+ stipendija?<\/strong><\/p>\n\n\n\n<p>Potpisani sporazumi izme\u0111u Univerziteta u Tuzli i partnerskih visokoobrazovnih institucija iz \u201cprogramskih zemalja\u201d \u0161irom Evrope defini\u0161u broj mobilnosti koji se, kroz otvorene konkurse, nude na\u0161im studentima. Odabrani kandidat za vrijeme trajanja mobilnosti dobija mjese\u010dnu stipendiju, a pokriveni su i putni tro\u0161kovi.<\/p>\n\n\n\n<p><em>Iznos stipendije<\/em><\/p>\n\n\n\n<p>Iznos stipendije za studente se razlikuju zavisno od visine tro\u0161kova \u017eivota u programskoj zemlji i definisani su Erasmus+ pravilnikom. Ovaj iznos se ra\u010duna prema broju mjeseci, odnosno broju dana, koje \u0107e provesti u inostranstvu.<\/p>\n\n\n\n<p><span class=\"has-inline-color has-vivid-red-color\"><strong>VI\u0160E O AKTUALNIM POZIVIMA NA LINKU:<\/strong><\/span><\/p>\n\n\n\n<p><a href=\"http:\/\/untz.ba\/saradnja\/ums-saradnja\/projekti\/erasmus-plus-program\/\">http:\/\/untz.ba\/saradnja\/ums-saradnja\/projekti\/erasmus-plus-program\/<\/a><\/p>\n","protected":false},"excerpt":{"rendered":"<p>ERASMUS+ studentima nudi odli\u010dnu priliku da studiraju ili obave praksu na partnerskim visokoobrazovnim institucijama u zemljama Evropske unije i zemljama u\u010desnicima u ovom programu mobilnosti. Kako se prijaviti? Zainteresovani studenti se prijavljuje na otvorene&#46;&#46;&#46;<\/p>\n","protected":false},"author":3,"featured_media":0,"parent":0,"menu_order":0,"comment_status":"closed","ping_status":"closed","template":"","meta":[],"_links":{"self":[{"href":"http:\/\/mf.untz.ba\/index.php?rest_route=\/wp\/v2\/pages\/5336"}],"collection":[{"href":"http:\/\/mf.untz.ba\/index.php?rest_route=\/wp\/v2\/pages"}],"about":[{"href":"http:\/\/mf.untz.ba\/index.php?rest_route=\/wp\/v2\/types\/page"}],"author":[{"embeddable":true,"href":"http:\/\/mf.untz.ba\/index.php?rest_route=\/wp\/v2\/users\/3"}],"replies":[{"embeddable":true,"href":"http:\/\/mf.untz.ba\/index.php?rest_route=%2Fwp%2Fv2%2Fcomments&post=5336"}],"version-history":[{"count":2,"href":"http:\/\/mf.untz.ba\/index.php?rest_route=\/wp\/v2\/pages\/5336\/revisions"}],"predecessor-version":[{"id":9466,"href":"http:\/\/mf.untz.ba\/index.php?rest_route=\/wp\/v2\/pages\/5336\/revisions\/9466"}],"wp:attachment":[{"href":"http:\/\/mf.untz.ba\/index.php?rest_route=%2Fwp%2Fv2%2Fmedia&parent=5336"}],"curies":[{"name":"wp","href":"https:\/\/api.w.org\/{rel}","templated":true}]}}