{"id":5337,"date":"2021-02-09T19:54:52","date_gmt":"2021-02-09T18:54:52","guid":{"rendered":"http:\/\/mf.untz.ba\/?page_id=5337"},"modified":"2024-12-26T22:36:49","modified_gmt":"2024-12-26T21:36:49","slug":"ceepus","status":"publish","type":"page","link":"http:\/\/mf.untz.ba\/?page_id=5337","title":{"rendered":"Ceepus"},"content":{"rendered":"\n<div class=\"wp-block-group\"><div class=\"wp-block-group__inner-container\">\n<div class=\"wp-block-columns\">\n<div class=\"wp-block-column is-vertically-aligned-center\" style=\"flex-basis:100%\">\n<figure class=\"wp-block-image size-large\"><a href=\"http:\/\/mf.untz.ba\/wp-content\/uploads\/2024\/12\/CEEPUS.jpg\"><img loading=\"lazy\" width=\"155\" height=\"131\" src=\"http:\/\/mf.untz.ba\/wp-content\/uploads\/2024\/12\/CEEPUS.jpg\" alt=\"\" class=\"wp-image-9480\"\/><\/a><\/figure>\n\n\n\n<p><strong>\u0160ta je CEEPUS?<\/strong><\/p>\n\n\n\n<p><strong>CEEPUS<\/strong>&nbsp;(Central European Exchange Programme for University Studies) je srednjoevropski program za razmjenu studenata i akademskog osoblja. Ovaj program omogu\u0107ava mobilnost studenata i univerzitetskih profesora sa osnovnim ciljem unaprije\u0111enja obrazovanja na visoko\u0161kolskim ustanovama.<\/p>\n\n\n\n<p>Dr\u017eave-\u010dlanice CEEPUS-a su: Austrija, Albanija, Bosna i Hercegovina, Bugarska, Sjeverna Makedonija, Crna Gora, \u010ce\u0161ka Republika, Hrvatska, Ma\u0111arska, Moldavija, Poljska, Rumunija, Slova\u010dka, Srbija, Slovenija. Bosna i Hercegovina je \u010dlanica CEEPUS programa od 2007. godine.<\/p>\n\n\n\n<p>Glavni cilj aktuelnog&nbsp;<strong>CEEPUS III<\/strong>&nbsp;programa razmjene je upotreba regionalne akademske mobilnosti kao strate\u0161kog programa za implementaciju Bolonjskih ciljeva, te povezivanje nau\u010dno istra\u017eiva\u010dkih oblasti kroz kreiranje univerzitetskih mre\u017ea koje \u0107e, izme\u0111u ostalog, raditi na zajedni\u010dkim programima i sticanju prava na zajedni\u010dke diplome (sa fokusom na PhD programe).<\/p>\n\n\n\n<p>CEEPUS se u 25 godina postojanja dokazao kao program koji raste i razvija se za i uz svoje korisnike, i koji su ga najprije ocijenili kao \u2018User friendly\u2019 program.<\/p>\n\n\n\n<p>CEEPUS nudi studentima i akademskom osoblju iz BiH mogu\u0107nost boravka u 15 zemalja Centralne Evrope, uz vrlo jednostavan proces prijave putem jedinstvenog \u2018on-line\u2019 sistema.<\/p>\n\n\n\n<p>Dr\u017eavni CEEPUS uredi (NCO) zadu\u017eeni su za realizaciju Programa na dr\u017eavnim nivoima, dok Centralni CEEPUS ured (CCO) vr\u0161i koordinaciju rada NCO-a, te evaluaciju i promociju Programa.<\/p>\n\n\n\n<p>Me\u0111u dr\u017eavama \u010dlanicama CEEPUS-a nema transfera finansijskih sredstava. Interna valuta Programa je \u2018mjese\u010dna stipendija\u2019, a svaka dr\u017eava doma\u0107in obezbje\u0111uje sredstva za isplatu najmanje 100 mjese\u010dnih stipendija godi\u0161nje za gostuju\u0107e (incoming) profesore i studente. Maksimalan broj mjese\u010dnih stipendija nije odre\u0111en, a neke zemlje \u010dlanice programa obezbje\u0111uju i do 2000 mjese\u010dnih stipendija godi\u0161nje.<\/p>\n\n\n\n<p>NCO zemlje doma\u0107ina odobrava aplikacije gostuju\u0107ih profesora i studenata\/isplatu stipendija, nakon \u0161to su njihove aplikacije evaluirane i odobrene od strane lokalnih koordinatora (na mati\u010dnim fakultetima i fakultetima doma\u0107inima) i NCO-a mati\u010dne zemlje.<\/p>\n\n\n\n<p>Iako su iznosi mjese\u010dnih stipendija razli\u010diti u svim dr\u017eava \u010dlanicama, oni moraju biti dovoljni za pla\u0107anje osnovnih \u017eivotnih tro\u0161kova u dr\u017eavi doma\u0107inu.<\/p>\n\n\n\n<p>Svi u\u010desnici u CEEPUS III razmjeni oslobo\u0111eni su pla\u0107anja \u0161kolarina na univerzitetu doma\u0107inu.<\/p>\n\n\n\n<p>Detaljne informacije i cjelokupna dokumentacija potrebna za konkurisanje nalazi se na web stranici&nbsp;<a href=\"http:\/\/www.ceepus.info\/\">CEEPUS III programa<\/a>.<\/p>\n\n\n\n<p><strong>Pregled liste  CEEPUS mre\u017ea ispred Ma\u0161inskog fakulteta Univerziteta u Tuzli<\/strong><\/p>\n\n\n\n<figure class=\"wp-block-table is-style-stripes\"><table><tbody><tr><td class=\"has-text-align-left\" data-align=\"left\">CEEPUS mre\u017ea CIII-BA-1402-06-2425 ; \u010clanovi unutar mre\u017ee su Univerziteti iz Srbije, Bosne i Hercegovine, Bugarske, Hrvatske, Ma\u0111arske, Sjeverne Makedonije, Poljske, Rumunije i Slova\u010dke. Naziv projekta je: <em>\u201eNew teaching technologies and new applications in modernization of teaaching at the faculties of technical sciences in connection with the needs of small and medium enterprises in the environment&#8221;.<\/em> WEB address: <a rel=\"noreferrer noopener\" href=\"https:\/\/www.ceepus.info\/nw\/1402-2425%20(Umbrella)\" target=\"_blank\">CEEPUS BA-1402-06-2425<\/a><\/td><\/tr><tr><td class=\"has-text-align-left\" data-align=\"left\">CEEPUS mre\u017ea CIII-RS-1511-05-2425; \u010clanovi unutar mre\u017ee su Univerziteti iz Srbije, Bosne i Hercegovine, \u010ce\u0161ke, Ma\u0111arske, Crne Gore, Poljske, Sjeverne Makedonije, Rumunije, Slova\u010dke. The name of the project is: <em>\u201eResearch and Development of new technologies for&nbsp; Innovative Services in Sustainable Logistics 4.0\u201c<\/em> WEB address: <a rel=\"noreferrer noopener\" href=\"https:\/\/www.ceepus.info\/nw\/1511-2425\" target=\"_blank\">CEEPUS RS1511-05-2425<\/a><\/td><\/tr><tr><td class=\"has-text-align-left\" data-align=\"left\">CEEPUS mre\u017ea CIII-RS-1812-02-2425; \u010clanovi unutar mre\u017ee su Univerziteti iz Srbije, Bosne i Hercegovine, \u010ce\u0161ke, Ma\u0111arske, Crne Gore, Poljske, Sjeverne Makedonije, Rumunije, Slova\u010dke. The name of the project is:<em> \u201eApplication of CAx technologies in smart production as a significant basis for the development of Industry 4.0 in small and medium-sized enterprises &#8211; connection between industry and higher education institutions through lifelong learning\u201c <\/em>WEB address: <a rel=\"noreferrer noopener\" href=\"https:\/\/www.ceepus.info\/nw\/1812-2425\" target=\"_blank\">CEEPUS RS1812-02-2425<\/a><\/td><\/tr><tr><td class=\"has-text-align-left\" data-align=\"left\">CEEPUS mre\u017ea CIII-RS-1813-02-2425; \u010clanovi unutar mre\u017ee su Univerziteti iz Srbije, Bosne i Hercegovine, \u010ce\u0161ke, Ma\u0111arske, Slovenije, Crne Gore, Poljske, Sjeverne Makedonije, Rumunije, Slova\u010dke. The name of the project is: <em>\u201eMetrology, quality and environmental aspects in Industry 4.0\u201c<\/em> WEB address: <a href=\"https:\/\/www.ceepus.info\/nw\/1813-2425\">CEEPUS RS1813-02-2425.<\/a><\/td><\/tr><\/tbody><\/table><\/figure>\n<\/div>\n<\/div>\n<\/div><\/div>\n\n\n\n<p><\/p>\n","protected":false},"excerpt":{"rendered":"","protected":false},"author":3,"featured_media":0,"parent":0,"menu_order":0,"comment_status":"closed","ping_status":"closed","template":"","meta":[],"_links":{"self":[{"href":"http:\/\/mf.untz.ba\/index.php?rest_route=\/wp\/v2\/pages\/5337"}],"collection":[{"href":"http:\/\/mf.untz.ba\/index.php?rest_route=\/wp\/v2\/pages"}],"about":[{"href":"http:\/\/mf.untz.ba\/index.php?rest_route=\/wp\/v2\/types\/page"}],"author":[{"embeddable":true,"href":"http:\/\/mf.untz.ba\/index.php?rest_route=\/wp\/v2\/users\/3"}],"replies":[{"embeddable":true,"href":"http:\/\/mf.untz.ba\/index.php?rest_route=%2Fwp%2Fv2%2Fcomments&post=5337"}],"version-history":[{"count":6,"href":"http:\/\/mf.untz.ba\/index.php?rest_route=\/wp\/v2\/pages\/5337\/revisions"}],"predecessor-version":[{"id":9577,"href":"http:\/\/mf.untz.ba\/index.php?rest_route=\/wp\/v2\/pages\/5337\/revisions\/9577"}],"wp:attachment":[{"href":"http:\/\/mf.untz.ba\/index.php?rest_route=%2Fwp%2Fv2%2Fmedia&parent=5337"}],"curies":[{"name":"wp","href":"https:\/\/api.w.org\/{rel}","templated":true}]}}