{"id":56,"date":"2014-12-08T20:00:58","date_gmt":"2014-12-08T19:00:58","guid":{"rendered":"http:\/\/mf.untz.ba\/?page_id=56"},"modified":"2023-04-18T09:41:47","modified_gmt":"2023-04-18T07:41:47","slug":"energetsko-masinstvo","status":"publish","type":"page","link":"http:\/\/mf.untz.ba\/?page_id=56","title":{"rendered":"Energetika i termo-fluidni in\u017eenjering"},"content":{"rendered":"\n<p class=\"has-text-align-center\">Link za vi\u0161e informacija\u2026.<\/p>\n\n\n\n<p class=\"has-text-align-center\"><a href=\"https:\/\/etfi-msf.ba\/\" data-type=\"URL\" data-id=\"https:\/\/etfi-msf.ba\/\"><strong>https:\/\/etfi-msf.ba\/<\/strong><\/a><\/p>\n\n\n<p>Odsjek Energetika i Termo-Fluidni In\u017eenjering svoj nastavni i nau\u010dni program bazira na tri sinergijska fokusa:<\/p>\n<p>FOKUS PRVI-\u00a0\u00a0\u00a0\u00a0\u00a0\u00a0\u00a0 Moderna konverzija energije;<\/p>\n<p>FOKUS DRUGI-\u00a0\u00a0\u00a0\u00a0 Savremeni termo-fluidni in\u017eenjering;<\/p>\n<p>TRE\u0106I FOKUS- Laboratorijski timski rad &amp; uklju\u010divanje studenata u istra\u017eiva\u010dke i istra\u017eiva\u010dko-razvojne projekte.\u00a0<\/p>\n<p>***<\/p>\n<ul>\n<li>Imperativ odsjeka Energetika i Termo-Fluidni In\u017eenjering je dobivanje moderno osposobljenog in\u017eenjera, koji ispunjava savremene standarde znanja, vje\u0161tine te brzinu potpomognuto razli\u010ditim numeri\u010dkim softverima za simulaciju i analizu.<\/li>\n<li>Termo-fluidni in\u017eenjering je dinami\u010dno polje istra\u017eivanja i razvoja koje je primjenljivo na gotovo sve aplikacije za proizvodnju i primjenu energije u na\u0161em dana\u0161njem svijetu.<\/li>\n<li>Bilo da se radi o hla\u0111enju elektroni\u010dkih ure\u0111aja, istra\u017eivanju gorivih \u0107elija i vodonika ili mikrofluidi\u010dnim \u010dipovima i ure\u0111ajima, razvoj termo-fluidnog in\u017eenjeringa omogu\u0107ava svijetu da odr\u017eivije i efikasnije koristi energiju.<\/li>\n<li>Osim zajedni\u010dkih predmeta na prve dvije godine studija ma\u0161instva gdje se fokusira na fundamentalne discipline, na tre\u0107oj i \u010detvrtoj godini se kroz nastavni program produbljuju znanja iz skupine predmeta koji se baziraju na konverziji energije i termo-fluidnom modeliranju razli\u010ditih procesa i pojava.<\/li>\n<li>Fokus na vi\u0161im godinama studija usmjeren je na laboratorijski rad, eksperimentalno ispitivanje te aktivnu inkluziju studenata u istra\u017eiva\u010dke i istra\u017eiva\u010dko-razvojne projekte. Stoga, in\u017eenjeri u ovom polju bi\u0107e \u00a0dobro pripremljeni za gotovo sve izazove u raznim granama industrije.<\/li>\n<li>Solarne i vjetroelektrane kao i ostali moderni izvori obnovljive energije u fokusu su na odsjeku Energetika i Termo-Fluidni In\u017eenjering.<\/li>\n<li>Elektri\u010dna i hibridna motorna vozila, vozila pogonjena vodonikom, fotonaponski paneli i vjetroturbine, primjeri su tehnolo\u0161kih inovacija koje mogu zamijeniti potrebu za fosilnim gorivom, o \u010demu se naro\u010dita pa\u017enja posve\u0107uje na vi\u0161im godinama studija.<\/li>\n<\/ul>\n<p style=\"text-align: center;\">\u00a0<\/p>","protected":false},"excerpt":{"rendered":"<p>Link za vi\u0161e informacija\u2026. https:\/\/etfi-msf.ba\/ Odsjek Energetika i Termo-Fluidni In\u017eenjering svoj nastavni i nau\u010dni program bazira na tri sinergijska fokusa: FOKUS PRVI-\u00a0\u00a0\u00a0\u00a0\u00a0\u00a0\u00a0 Moderna konverzija energije; FOKUS DRUGI-\u00a0\u00a0\u00a0\u00a0 Savremeni termo-fluidni in\u017eenjering; TRE\u0106I FOKUS- Laboratorijski timski&#46;&#46;&#46;<\/p>\n","protected":false},"author":1,"featured_media":0,"parent":54,"menu_order":0,"comment_status":"closed","ping_status":"closed","template":"","meta":[],"_links":{"self":[{"href":"http:\/\/mf.untz.ba\/index.php?rest_route=\/wp\/v2\/pages\/56"}],"collection":[{"href":"http:\/\/mf.untz.ba\/index.php?rest_route=\/wp\/v2\/pages"}],"about":[{"href":"http:\/\/mf.untz.ba\/index.php?rest_route=\/wp\/v2\/types\/page"}],"author":[{"embeddable":true,"href":"http:\/\/mf.untz.ba\/index.php?rest_route=\/wp\/v2\/users\/1"}],"replies":[{"embeddable":true,"href":"http:\/\/mf.untz.ba\/index.php?rest_route=%2Fwp%2Fv2%2Fcomments&post=56"}],"version-history":[{"count":14,"href":"http:\/\/mf.untz.ba\/index.php?rest_route=\/wp\/v2\/pages\/56\/revisions"}],"predecessor-version":[{"id":7509,"href":"http:\/\/mf.untz.ba\/index.php?rest_route=\/wp\/v2\/pages\/56\/revisions\/7509"}],"up":[{"embeddable":true,"href":"http:\/\/mf.untz.ba\/index.php?rest_route=\/wp\/v2\/pages\/54"}],"wp:attachment":[{"href":"http:\/\/mf.untz.ba\/index.php?rest_route=%2Fwp%2Fv2%2Fmedia&parent=56"}],"curies":[{"name":"wp","href":"https:\/\/api.w.org\/{rel}","templated":true}]}}