{"id":58,"date":"2014-12-08T20:01:18","date_gmt":"2014-12-08T19:01:18","guid":{"rendered":"http:\/\/mf.untz.ba\/?page_id=58"},"modified":"2015-04-20T19:40:41","modified_gmt":"2015-04-20T17:40:41","slug":"mehatronika","status":"publish","type":"page","link":"http:\/\/mf.untz.ba\/?page_id=58","title":{"rendered":"Mehatronika"},"content":{"rendered":"<p>Na odsjeku Mehatronika se obrazuju stru\u010dni kadrovi sa fundamentalnim i aplikativnim znanjem iz oblasti mehatronike, koja predstavlja interdisciplinarno tehni\u010dko i nau\u010dno podru\u010dje na kojem se susre\u0107u i integriraju ma\u0161inske, elektroni\u010dke i informati\u010dke discipline, a koji su osposobljeni za planiranje, upravljanje, razvoj i rije\u0161avanje slo\u017eenih razvojnih i tehnolo\u0161kih problema sa obzirom na zahtjeve tr\u017ei\u0161ta. Studij je organiziran interdisciplinarno i obuhvata podru\u010dja: mehanike, elektrotehnike \u2013 elektronike, automatike i informatike s ciljem da studenti ovladaju ovim kompleksnim znanjima. Te\u017ei\u0161te zajedni\u010dkih predmeta je na osnovnim nau\u010dnim disciplinama, a stru\u010dni nivo nastave zasniva se na disciplinama koje predstavaljaju odre\u0111eno specijalisti\u010dko usmjerenje.<\/p>\n<p>Nakon uspje\u0161nog zavr\u0161etka studijskog programa student \u0107e biti osposobljen da:<\/p>\n<ul>\n<li>identificira, formuli\u0161e i rje\u0161ava probleme vezane za interdisciplinarni studij sa aspekta mehatroni\u010dkog pristupa, kori\u0161tenjem odgovaraju\u0107ih teorijskih i prakti\u010dnih znanja;<\/li>\n<li>koncentri\u0161e razvoj tehni\u010dkih rje\u0161enja kroz interakciju mehani\u010dkog in\u017eenjeringa, elektroni\u010dkog in\u017eenjeringa i informati\u010dkih nauka.<\/li>\n<\/ul>\n","protected":false},"excerpt":{"rendered":"<p>Na odsjeku Mehatronika se obrazuju stru\u010dni kadrovi sa fundamentalnim i aplikativnim znanjem iz oblasti mehatronike, koja predstavlja interdisciplinarno tehni\u010dko i nau\u010dno podru\u010dje na kojem se susre\u0107u i integriraju ma\u0161inske, elektroni\u010dke i informati\u010dke discipline, a&#46;&#46;&#46;<\/p>\n","protected":false},"author":1,"featured_media":0,"parent":54,"menu_order":0,"comment_status":"closed","ping_status":"closed","template":"","meta":[],"_links":{"self":[{"href":"http:\/\/mf.untz.ba\/index.php?rest_route=\/wp\/v2\/pages\/58"}],"collection":[{"href":"http:\/\/mf.untz.ba\/index.php?rest_route=\/wp\/v2\/pages"}],"about":[{"href":"http:\/\/mf.untz.ba\/index.php?rest_route=\/wp\/v2\/types\/page"}],"author":[{"embeddable":true,"href":"http:\/\/mf.untz.ba\/index.php?rest_route=\/wp\/v2\/users\/1"}],"replies":[{"embeddable":true,"href":"http:\/\/mf.untz.ba\/index.php?rest_route=%2Fwp%2Fv2%2Fcomments&post=58"}],"version-history":[{"count":3,"href":"http:\/\/mf.untz.ba\/index.php?rest_route=\/wp\/v2\/pages\/58\/revisions"}],"predecessor-version":[{"id":264,"href":"http:\/\/mf.untz.ba\/index.php?rest_route=\/wp\/v2\/pages\/58\/revisions\/264"}],"up":[{"embeddable":true,"href":"http:\/\/mf.untz.ba\/index.php?rest_route=\/wp\/v2\/pages\/54"}],"wp:attachment":[{"href":"http:\/\/mf.untz.ba\/index.php?rest_route=%2Fwp%2Fv2%2Fmedia&parent=58"}],"curies":[{"name":"wp","href":"https:\/\/api.w.org\/{rel}","templated":true}]}}