{"id":60,"date":"2014-12-08T20:01:44","date_gmt":"2014-12-08T19:01:44","guid":{"rendered":"http:\/\/mf.untz.ba\/?page_id=60"},"modified":"2024-12-05T08:38:30","modified_gmt":"2024-12-05T07:38:30","slug":"proizvodno-masinstvo","status":"publish","type":"page","link":"http:\/\/mf.untz.ba\/?page_id=60","title":{"rendered":"Proizvodno ma\u0161instvo"},"content":{"rendered":"<p>Na odsjeku za Proizvodno ma\u0161instvo obrazuju se visokostru\u010dni kadrovi za industriju u \u0161irem okru\u017eenju koji su stru\u010dno i nau\u010dno osposobljeni za rije\u0161avanje kompleksnih problema u sferi proizvodnog in\u017einjerstva, od projektovanja preko razvoja i planiranja do upravljanja na svim nivoima od pogona do slo\u017eenih industrijskih sistema. Studenti sti\u010du znanja o transformaciji materijala, prvenstveno metala, u odgovaraju\u0107i oblik, njihovo inkorporiranje u sklopove, te u kona\u010dnici u stvaranje gotovih upotrebljivih proizvoda. Navedene transformacije se odvijaju kroz dostupne savremene proizvodne tehnologije, konvencionalne i nekonvencijalne o kojima studenti dobivaju potrebna saznanja. Zna\u010dajnu ulogu u navedenoj transformaciji imaju saznanja o upravljanju i odr\u017eavanju proizvodnih sistemima, organizacijskim konceptima u proizvodnim subjektima, automatici, elektrotehnici i elektronici, mehatronici, hidraulici i pneumatici, termodinamici, itd. Osim navedenih podru\u010dja izu\u010davanja studenti se upoznaju s osnovama osiguranja kvaliteta kao preduvjetom proizvodnje proizvoda \u017eeljenih svojstava i karakteristika.<\/p>\n<p>Nakon uspje\u0161nog zavr\u0161etka studijskog programa student \u0107e biti osposobljen da:<\/p>\n<ul>\n<li>Identificira, formulira i rje\u0161ava probleme vezane za proizvodno ma\u0161instvo kori\u0161tenjem odgovaraju\u0107ih teorijskih i prakti\u010dnih znanja;<\/li>\n<li>Projektuje komponente i procese u skladu sa postavljenim zahtjevima;<\/li>\n<li>Koristi softvere za projektovanje i numeri\u010dko upravljanje ma\u0161inama u cilju proizvodnje ma\u0161inskih elementa i dijelova;<\/li>\n<\/ul>\n\n\n<p class=\"has-text-align-center\">Vi\u0161e informacija o Laboratoriji za Rapid prototyping and Reverse Engineering mo\u017ee se dobiti putem linka: <strong><a href=\"http:\/\/www.rprelab.mf.untz.ba\/\">http:\/\/www.rprelab.mf.untz.ba\/<\/a><\/strong><\/p>\n","protected":false},"excerpt":{"rendered":"<p>Na odsjeku za Proizvodno ma\u0161instvo obrazuju se visokostru\u010dni kadrovi za industriju u \u0161irem okru\u017eenju koji su stru\u010dno i nau\u010dno osposobljeni za rije\u0161avanje kompleksnih problema u sferi proizvodnog in\u017einjerstva, od projektovanja preko razvoja i planiranja&#46;&#46;&#46;<\/p>\n","protected":false},"author":1,"featured_media":0,"parent":54,"menu_order":0,"comment_status":"closed","ping_status":"closed","template":"","meta":[],"_links":{"self":[{"href":"http:\/\/mf.untz.ba\/index.php?rest_route=\/wp\/v2\/pages\/60"}],"collection":[{"href":"http:\/\/mf.untz.ba\/index.php?rest_route=\/wp\/v2\/pages"}],"about":[{"href":"http:\/\/mf.untz.ba\/index.php?rest_route=\/wp\/v2\/types\/page"}],"author":[{"embeddable":true,"href":"http:\/\/mf.untz.ba\/index.php?rest_route=\/wp\/v2\/users\/1"}],"replies":[{"embeddable":true,"href":"http:\/\/mf.untz.ba\/index.php?rest_route=%2Fwp%2Fv2%2Fcomments&post=60"}],"version-history":[{"count":7,"href":"http:\/\/mf.untz.ba\/index.php?rest_route=\/wp\/v2\/pages\/60\/revisions"}],"predecessor-version":[{"id":9127,"href":"http:\/\/mf.untz.ba\/index.php?rest_route=\/wp\/v2\/pages\/60\/revisions\/9127"}],"up":[{"embeddable":true,"href":"http:\/\/mf.untz.ba\/index.php?rest_route=\/wp\/v2\/pages\/54"}],"wp:attachment":[{"href":"http:\/\/mf.untz.ba\/index.php?rest_route=%2Fwp%2Fv2%2Fmedia&parent=60"}],"curies":[{"name":"wp","href":"https:\/\/api.w.org\/{rel}","templated":true}]}}