{"id":852,"date":"2016-11-08T01:07:49","date_gmt":"2016-11-08T00:07:49","guid":{"rendered":"http:\/\/mf.untz.ba\/?page_id=852"},"modified":"2016-11-08T01:07:49","modified_gmt":"2016-11-08T00:07:49","slug":"studentski-servis","status":"publish","type":"page","link":"http:\/\/mf.untz.ba\/?page_id=852","title":{"rendered":"Studentski servis"},"content":{"rendered":"<p style=\"text-align: justify;\">Studentski servis omogu\u0107ava studentima Univerziteta u Tuzli pristup li\u010dnoj email adresi na UNTZ domeni, pregled polo\u017eenih ispita i pristup Wi-Fi konekciji na fakultetu.<\/p>\n<p><strong>Link za pristup servisu (email, pregled ispita):<\/strong> <a href=\"http:\/\/www.student.untz.ba\/\" target=\"_blank\">www.student.untz.ba<\/a><\/p>\n<p><strong>SSID Wi-Fi konekcije (naziv Wi-Fi pristupne mre\u017ee):<\/strong> UNTZ<\/p>\n<hr \/>\n<h6>Format prijave na servis i wifi za studente Ma\u0161inskog fakulteta<\/h6>\n<p style=\"padding-left: 30px;\"><strong>Korisni\u010dko ime:<\/strong> <span style=\"color: #ff0000;\">Ime<\/span>.<span style=\"color: #ff0000;\">Prezime<\/span>@student.mf.untz.ba<\/p>\n<p style=\"padding-left: 30px;\"><strong>\u0160ifra:<\/strong> Va\u0161 JMBG<\/p>\n<p>&nbsp;<\/p>\n<h6>PRIMJER<\/h6>\n<p style=\"padding-left: 30px;\"><strong>Korisni\u010dko ime:<\/strong> <span style=\"color: #ff0000;\">Haris<\/span>.<span style=\"color: #ff0000;\">Harisovic<\/span>@student.mf.untz.ba<\/p>\n<p style=\"padding-left: 30px;\"><strong>\u0160ifra:<\/strong> JMBG broj<\/p>\n<hr \/>\n<h6>Univerzitetska podr\u0161ka (UNTZ Administrator)<\/h6>\n<p>Za sve upite vezane za serversku isporuku web sadr\u017eaja, probleme sa emailom, kreiranje i administraciju emailova, probleme sa autentifikacijom i sli\u010dno, koristite sljede\u0107i kontakt:<\/p>\n<ul>\n<li>E-mail: <a href=\"mailto:podrska.mrezadm@untz.ba\">podrska.mrezadm@untz.ba<\/a><\/li>\n<\/ul>\n<p>Ukoliko korisnik nije u mogu\u0107nosti poslati e-mail, podr\u0161ku mo\u017ee zatra\u017eiti na telefon broj +387 35 277-587.<\/p>\n","protected":false},"excerpt":{"rendered":"<p>Studentski servis omogu\u0107ava studentima Univerziteta u Tuzli pristup li\u010dnoj email adresi na UNTZ domeni, pregled polo\u017eenih ispita i pristup Wi-Fi konekciji na fakultetu. Link za pristup servisu (email, pregled ispita): www.student.untz.ba SSID Wi-Fi konekcije&#46;&#46;&#46;<\/p>\n","protected":false},"author":1,"featured_media":0,"parent":0,"menu_order":0,"comment_status":"closed","ping_status":"closed","template":"","meta":[],"_links":{"self":[{"href":"http:\/\/mf.untz.ba\/index.php?rest_route=\/wp\/v2\/pages\/852"}],"collection":[{"href":"http:\/\/mf.untz.ba\/index.php?rest_route=\/wp\/v2\/pages"}],"about":[{"href":"http:\/\/mf.untz.ba\/index.php?rest_route=\/wp\/v2\/types\/page"}],"author":[{"embeddable":true,"href":"http:\/\/mf.untz.ba\/index.php?rest_route=\/wp\/v2\/users\/1"}],"replies":[{"embeddable":true,"href":"http:\/\/mf.untz.ba\/index.php?rest_route=%2Fwp%2Fv2%2Fcomments&post=852"}],"version-history":[{"count":1,"href":"http:\/\/mf.untz.ba\/index.php?rest_route=\/wp\/v2\/pages\/852\/revisions"}],"predecessor-version":[{"id":853,"href":"http:\/\/mf.untz.ba\/index.php?rest_route=\/wp\/v2\/pages\/852\/revisions\/853"}],"wp:attachment":[{"href":"http:\/\/mf.untz.ba\/index.php?rest_route=%2Fwp%2Fv2%2Fmedia&parent=852"}],"curies":[{"name":"wp","href":"https:\/\/api.w.org\/{rel}","templated":true}]}}