{"id":920,"date":"2016-11-18T15:53:54","date_gmt":"2016-11-18T14:53:54","guid":{"rendered":"http:\/\/mf.untz.ba\/?page_id=920"},"modified":"2024-12-23T22:40:19","modified_gmt":"2024-12-23T21:40:19","slug":"spisak-predmeta-po-godinama-i-odsjecima","status":"publish","type":"page","link":"http:\/\/mf.untz.ba\/?page_id=920","title":{"rendered":"Spisak predmeta po godinama i odsjecima"},"content":{"rendered":"<h2><span style=\"color: #0000ff;\"><strong>I CIKLUS STUDIJA<\/strong><\/span><\/h2>\n<h3><strong><span style=\"color: #00ccff;\">PRVA GODINA STUDIJA<\/span><br \/>\n<\/strong><\/h3>\n<h4><strong>Zimski semestar<\/strong><\/h4>\n<ol>\n<li>Matematika I<\/li>\n<li>Statika<\/li>\n<li>Fizika<\/li>\n<li>Materijali I<\/li>\n<li>Konstruktivna geometrija<\/li>\n<li>Osnovi teorije sistema (i)<\/li>\n<li>Osnove ma\u0161inske tehnike (i)<\/li>\n<li>Softverski alati u in\u017eenjerstvu (i)<\/li>\n<\/ol>\n<h4><strong>Ljetni semestar<\/strong><\/h4>\n<ol>\n<li>Matematika II<\/li>\n<li>Kinematika<\/li>\n<li>Ra\u010dunari i programiranje<\/li>\n<li>Tehni\u010dka dokumentacija<\/li>\n<li>Materijali II<\/li>\n<li>Tehni\u010dki standardi i propisi (i)<\/li>\n<li>Oblikovanje i razvijanje pla\u0161teva (i)<\/li>\n<li>Okolinski razvoj (i)<\/li>\n<\/ol>\n<h3><strong><span style=\"color: #00ccff;\">DRUGA GODINA STUDIJA<\/span><br \/>\n<\/strong><\/h3>\n<h4><strong>Zimski semestar<\/strong><\/h4>\n<ol>\n<li>Matematika III<\/li>\n<li>Ma\u0161inski elementi I<\/li>\n<li>Nauka o \u010dvrsto\u0107i I<\/li>\n<li>Dinamika i oscilacije<\/li>\n<li>Konstruisanje ra\u010dunarom<\/li>\n<li>Numeri\u010dke metode u ma\u0161instvu (i)<\/li>\n<li>Projektovanje ma\u0161inskih konstrukcija (i)<\/li>\n<li>Kompujterska grafika i 3D modeliranje (i)<\/li>\n<\/ol>\n<h4><strong>Ljetni semestar<\/strong><\/h4>\n<ol>\n<li>Ma\u0161inski elementi II<\/li>\n<li>Nauka o \u010dvrsto\u0107i II<\/li>\n<li>Mehanika fluida I<\/li>\n<li>Termodinamika I<\/li>\n<li>Elektrotehnika i elektronika<\/li>\n<li>Savremeni materijali (i)<\/li>\n<li>Osnove mehani\u010dkih prenosnika snage (i)<\/li>\n<li>Statistika u ma\u0161instvu (i)<\/li>\n<\/ol>\n<h3><span style=\"color: #00ccff;\"><strong>TRE\u0106A GODINA STUDIJA<\/strong><\/span><\/h3>\n<h4><strong>Energetika i termo-fluidni in\u017eenjering\u00a0<\/strong><\/h4>\n<h4><strong>Zimski semestar<\/strong><\/h4>\n<ol>\n<li>Mehanika fluida II<\/li>\n<li>Termodinamika II<\/li>\n<li>Prenos topline i mase I<\/li>\n<li>Osnove proizvodnih tehnologija<\/li>\n<li>Uljna hidraulika i pneumatika<\/li>\n<li>Tehni\u010dki engleski jezik I<\/li>\n<li>Elektromotori pogoni i upravljanje (i)<\/li>\n<li>Mehani\u010dke operacije (i)<\/li>\n<li>CAD sistemi (i)<\/li>\n<\/ol>\n<h4><strong>Ljetni semestar<\/strong><\/h4>\n<ol>\n<li>Pumpe, kompresori i ventilatori<\/li>\n<li>Motori SUS<\/li>\n<li>Prenos topline i mase II<\/li>\n<li>Obnovljivi izvori energije<\/li>\n<li>Toplotni aparati i ure\u0111aji<\/li>\n<li>Tehni\u010dki engleski jezik II<\/li>\n<li>Transportna sredstva i ure\u0111aji (i)<\/li>\n<li>Voda, gorivo i mazivo (i)<\/li>\n<li>Industrijska ekologija (i)<\/li>\n<\/ol>\n<h4><strong>Proizvodno ma\u0161instvo<\/strong><\/h4>\n<h4><strong>Zimski semestar<\/strong><\/h4>\n<ol>\n<li>Tehnologija rezanja I<\/li>\n<li>Zavarivanje i termi\u010dka obrada I\u00a0 (Zavarivanje_SP_2019._2020.)<\/li>\n<li>Tehnologija presovanja metalnih prahova<\/li>\n<li>Tehnologija plasti\u010dnosti I<\/li>\n<li>Mehanizmi i dinamika ma\u0161ina<\/li>\n<li>Tehni\u010dki engleski jezik I<\/li>\n<li>Laserske tehnologije (i)<\/li>\n<li>Uljna hidraulika i pneumatika (i)<\/li>\n<li>Tehni\u010dka dijagnostika (i)<\/li>\n<li>Osnove monta\u017ee (i) (2019._2020.)<\/li>\n<li>Tehnologije obrade nemetalnih materijala (i) (2019._2020.)<\/li>\n<\/ol>\n<h4><strong>Ljetni semestar<\/strong><\/h4>\n<ol>\n<li>Tehnologija rezanja II<\/li>\n<li>Zavarivanje i termi\u010dka obrada II (Teorija sinterovanja i termi\u010dke obrade_ SP_2019._2020.)<\/li>\n<li>Tehnologija plasti\u010dnosti II<\/li>\n<li>Transportni sistemi I<\/li>\n<li>Osnovi energetike<\/li>\n<li>Tehni\u010dki engleski jezik II<\/li>\n<li>Mjerenje i kontrola (i) (Proizvodna mjerenja i kontrola 2019._2020.)<\/li>\n<li>Reverzibilni in\u017eenjering (i) (Reverzibilno in\u017eenjerstvo 2019._2020.)<\/li>\n<li>Osnovi mehatronike (i)<\/li>\n<li>Skladi\u0161tenje i upravljanje zalihama (i)<\/li>\n<li>Stezni i rezni alati (i)<\/li>\n<\/ol>\n<h4><strong>Mehatronika<\/strong><\/h4>\n<h4><strong>Zimski semestar<\/strong><\/h4>\n<ol>\n<li>Uljna hidraulika i pneumatika<\/li>\n<li>Energetska elektronika<\/li>\n<li>Proizvodne tehnologije I<\/li>\n<li>Osnove mehatronike I<\/li>\n<li>Mehanizmi u mehatronici<\/li>\n<li>Tehni\u010dki engleski jezik I<\/li>\n<li>Modeliranje i simulacija I (i)<\/li>\n<li>Elektromotorni pogoni u mehatronici (i)<\/li>\n<li>Dinamika mehatroni\u010dkih modula (i)<\/li>\n<\/ol>\n<h4><strong>Ljetni semestar<\/strong><\/h4>\n<ol>\n<li>Fleksibilni transport<\/li>\n<li>Inteligentni senzori<\/li>\n<li>Osnovi mehatronike II<\/li>\n<li>Proizvodne tehnologije II<\/li>\n<li>Mehatronika u energetici<\/li>\n<li>Tehni\u010dki engleski jezik II<\/li>\n<li>Modeliranje i simulacija II (i)<\/li>\n<li>Sinteza mehanizama (i)<\/li>\n<li>Virtualni dizajn u mehatronici (i)<\/li>\n<\/ol>\n<h3><span style=\"color: #00ccff;\"><strong>\u010cETVRTA GODINA STUDIJA<\/strong><\/span><\/h3>\n<h4><strong>Energetika i termo-fluidni in\u017eenjering\u00a0\u00a0<\/strong><\/h4>\n<h4><strong>Zimski semestar<\/strong><\/h4>\n<ol>\n<li>Toplotne turboma\u0161ine<\/li>\n<li>Parni kotlovi I<\/li>\n<li>Energetsko procesna mjerenja<\/li>\n<li>Termoenergetska postrojenja<\/li>\n<li>Grijanje i klimatizacija<\/li>\n<li>Poslovni engleski jezik I<\/li>\n<li>Cjevovodi (i)<\/li>\n<li>Tehni\u010dka dijagnostika (i)<\/li>\n<li>Osnovi termografije (i)<\/li>\n<\/ol>\n<h4><strong>Ljetni semestar<\/strong><\/h4>\n<ol>\n<li>Parni kotlovi II<\/li>\n<li>Hidroma\u0161ine<\/li>\n<li>Hidroenergetska postrojenja<\/li>\n<li>Rashladni sistemi<\/li>\n<li>Poslovni engleski jezik II<\/li>\n<li>Dinamika strujnih procesa (i)<\/li>\n<li>Planiranje i razvoj energetskih sistema (i)<\/li>\n<li>Automatika (i)<\/li>\n<\/ol>\n<h4><strong>Proizvodno ma\u0161instvo<\/strong><\/h4>\n<h4><strong>Zimski semestar<\/strong><\/h4>\n<ol>\n<li>Proizvodni sistemi I<\/li>\n<li>Livenje (Dizajn i analiza industrijskih eksperimenata_SP_2019._2020.)<\/li>\n<li>Transportni sistemi II<\/li>\n<li>Razvoj proizvoda<\/li>\n<li>Alati i naprave (Alati u obradi metala deformisanjem _SP_2019._2020.)<\/li>\n<li>Poslovni engleski jezik I<\/li>\n<li>CAD\/CAM sistemi (i)<\/li>\n<li>Kompjuterski upravljane alatne ma\u0161ine (i) (Osnovi teorije masovnog opslu\u017eivanja (i) )<\/li>\n<li>Automatika i robotika (i)<\/li>\n<li>Osnovi tribologije i sistemi opslu\u017eivanja (i)<\/li>\n<\/ol>\n<h4><strong>Ljetni semestar<\/strong><\/h4>\n<ol>\n<li>Proizvodni sistem II<\/li>\n<li>Teorija eksperimentalnog istra\u017eivanja (Livenje)<\/li>\n<li>Terotehnologija<\/li>\n<li>Tehnolo\u0161ki postupci (Projektovanje tehnolo\u0161kih postupaka)<\/li>\n<li>Programiranje CNC ma\u0161ina<\/li>\n<li>Poslovni engleski jezik II<\/li>\n<li>Industrijska praksa<\/li>\n<li>Zavr\u0161ni rad<\/li>\n<li>Ma\u0161inska vizija (i)<\/li>\n<li>Osnove menad\u017ementa (i) (Operativno planiranje proizvodnje (i))<\/li>\n<li>Motori i motorna vozila (i)<\/li>\n<li>Simulacija procesa proizvodnje (i)<\/li>\n<li>Nekonvencionalni\u00a0 postupci obrade (i)<\/li>\n<\/ol>\n<h4><strong>Mehatronika<\/strong><\/h4>\n<h4><strong>Zimski semestar<\/strong><\/h4>\n<ol>\n<li>Industrijski i mobilni roboti<\/li>\n<li>Mehatronika motornih vozila<\/li>\n<li>Fleksibilna automatika I<\/li>\n<li>Mehatroni\u010dki moduli I<\/li>\n<li>Automatsko upravljanje<\/li>\n<li>Poslovni engleski jezik I<\/li>\n<li>Mjerenje i kontrola (i)<\/li>\n<li>Neuronske mre\u017ee (i)<\/li>\n<li>Energetsko procesna mjerenja (i)<\/li>\n<\/ol>\n<h4><strong>Ljetni semestar<\/strong><\/h4>\n<ol>\n<li>Mehatroni\u010dki moduli II<\/li>\n<li>Biomehatronika<\/li>\n<li>Ma\u0161inska vizija<\/li>\n<li>Fleksibilni proizvodni sistemi<\/li>\n<li>Poslovni engleski jezik II<\/li>\n<li>Fleksibilna automatika II (i)<\/li>\n<li>Osnove menad\u017ementa (i)<\/li>\n<li>Automatizirani obradni centri (i)<\/li>\n<\/ol>\n<hr \/>\n<h2><span style=\"color: #0000ff;\"><strong>II CIKLUS STUDIJA<\/strong><\/span><\/h2>\n<h3><span style=\"color: #00ccff;\"><strong>Energetika i termo-fluidni in\u017eenjering<\/strong><\/span><\/h3>\n<h3><strong>Usmjerenje: Odr\u017eiva energija i okolina<\/strong><\/h3>\n<h4><strong>Predmeti:<\/strong><\/h4>\n<ol>\n<li>Energija i okolina<\/li>\n<li>Energetski sistemi i planiranje<\/li>\n<li>Energetska efikasnost<\/li>\n<li>Termoenergetska analiza procesa<\/li>\n<li>Modeliranje KGH sistema (i)<\/li>\n<li>Numeri\u010dko modeliranje u energetskim strojevima (i)<\/li>\n<li>Materijali u energetici (i)<\/li>\n<li>Numeri\u010dke metode u mehanici kontinuma (i)<\/li>\n<\/ol>\n<h4><strong><span style=\"color: #00ccff;\">Mehatronika<\/span><\/strong><\/h4>\n<h4><strong>Usmjerenje: Mehatronika<\/strong><\/h4>\n<h4><strong>Predmeti:<\/strong><\/h4>\n<ol>\n<li>Sinteza mehatroni\u010dkih modula<\/li>\n<li>PLC &#8211; industrijska aplikacija<\/li>\n<li>Hidrauli\u010dki i pneumatski sistemi<\/li>\n<li>Industrijska automatizacija i robotizacija<\/li>\n<li>Dizajn mehatroni\u010dkih sistema (i)<\/li>\n<li>Proporcionalna i servo hidraulika (i)<\/li>\n<li>Inteligentni mehatroni\u010dki sistemi (i)<\/li>\n<li>Biomehatroni\u010dki sistemi (i)<\/li>\n<\/ol>\n<h4><span style=\"color: #00ccff;\"><strong>Proizvodno ma\u0161instvo<\/strong><\/span><\/h4>\n<h4><strong>Usmjerenje: Industrijski in\u017eenjering<\/strong><\/h4>\n<h4><strong>Predmeti:<\/strong><\/h4>\n<ol>\n<li>Industijska logistika<\/li>\n<li>Modleiranje obradnih procesa<\/li>\n<li>Monta\u017eni sistemi<\/li>\n<li>Kompjuterski integrirana proizvodnja<\/li>\n<li>Studija rada i vremena (i)<\/li>\n<li>Brza izrada proizvoda (i)<\/li>\n<li>Upravljanje proizvodnjom (i)<\/li>\n<li>Projektovanje fabrika (i)<\/li>\n<\/ol>\n<h4><strong>Usmjerenje: Proizvodne tehnologije<\/strong><\/h4>\n<h4><strong>Predmeti:<\/strong><\/h4>\n<ol>\n<li>Nove proizvodne tehnologije<\/li>\n<li>Tehnologi\u010dnost materijala<\/li>\n<li>Modeliranje i optimizacija obradnih procesa<\/li>\n<li>Upravljanje projektima<\/li>\n<li>Konstrukcija deformacionih i obradnih ma\u0161ina (i)<\/li>\n<li>Inovativni ne\u017eeljezni materijali i tehnologije (i)<\/li>\n<li>Virtualne analize obradnih procesa (i)<\/li>\n<li>Tehnologije povr\u0161inske obrade materijala (i)<\/li>\n<\/ol>\n<hr \/>\n<h2><strong><span style=\"color: #0000ff;\">III CIKLUS &#8211; DOKTORSKI STUDIJ IZ PODRU\u010cJA MA\u0160INSTVA<\/span><br \/>\n<\/strong><\/h2>\n<h4><span style=\"color: #00ccff;\"><strong>Usmjerenje: Ma\u0161inske konstrukcije<\/strong><\/span><\/h4>\n<ol>\n<li>Metodologija nau\u010dno istra\u017eiva\u010dkog rada<\/li>\n<li>Teorija konstruisanja<\/li>\n<li>Oblikovanje i optimizacija konstrukcija<\/li>\n<li>Tehnologi\u010dnost ma\u0161inskih konstrukcija i sistema<\/li>\n<li>Projektovanje mehanizacije (i)<\/li>\n<li>Metode analize konstrukcija (i)<\/li>\n<li>Prenosnici snage i kretanja (i)<\/li>\n<li>Mehanika loma i o\u0161te\u0107enja (i)<\/li>\n<li>Teorija stabilnosti konstrukcija (i)<\/li>\n<li>Projektovanje mehatroni\u010dkih sistema (i)<\/li>\n<\/ol>\n<h4><span style=\"color: #00ccff;\"><strong>Usmjerenje: Termoenergetika<\/strong><\/span><\/h4>\n<ol>\n<li>Metodologija nau\u010dno istra\u017eiva\u010dkog rada<\/li>\n<li>Nestacionarni re\u017eimi rada ES<\/li>\n<li>Optimizacija procesnih postrojenja u energetici<\/li>\n<li>Odabrana poglavlja iz KGH<\/li>\n<li>Odabrana poglavlja iz Turboma\u0161ina (i)<\/li>\n<li>Odabrana poglavlja iz Parnih kotlova (i)<\/li>\n<li>Odabrana poglavlja iz Mehanike fluida (i)<\/li>\n<li>Posebna poglavlja iz rashladnih ure\u0111aja i toplotnih pumpi (i)<\/li>\n<li>Kvantitativna infracrvena termografija (i)<\/li>\n<li>Eksperimentalne metode u prenosu toplote i mase (i)<\/li>\n<\/ol>\n<h4><span style=\"color: #00ccff;\"><strong>Usmjerenje: Odr\u017eiva energija i okolina<\/strong><\/span><\/h4>\n<ol>\n<li>Metodologija nau\u010dno istra\u017eiva\u010dkog rada<\/li>\n<li>Upravljanje energijom<\/li>\n<li>Energetski i okolinski sistemi<\/li>\n<li>Strukturna analiza i modeliranje toplotnih procesa<\/li>\n<li>Odabrana poglavlja iz Turboma\u0161ina (i)<\/li>\n<li>Odabrana poglavlja iz Mehanike fluida (i)<\/li>\n<li>Odabrana poglavlja iz Parnih kotlova (i)<\/li>\n<li>Teorija sli\u010dnosti strujanja i modeliranja (i)<\/li>\n<li>Kvantitativna infracrvena termografija (i)<\/li>\n<li>Eksperimentalne metode u prenosu toplote i mase (i)<\/li>\n<\/ol>\n<h4><span style=\"color: #00ccff;\"><strong>Usmjerenje: Industrijski in\u017eenjering<\/strong><\/span><\/h4>\n<ol>\n<li>Metodologija nau\u010dno istra\u017eiva\u010dkog rada<\/li>\n<li>Savremeni koncepti organizacije proizvodnig sistema<\/li>\n<li>Upravljanje \u017eivotnim ciklusom proizvoda<\/li>\n<li>Metode optimizacije in\u017eenjerskih procesa i sistema<\/li>\n<li>Rein\u017eenjering proizvodnih sistema (i)<\/li>\n<li>Upravljanje\u00a0 procesima rada i proizvodnim sistemima (i)<\/li>\n<li>Sistemi masovnog opslu\u017eivanja (i)<\/li>\n<li>Optimizacija tokova materijala u proizvodnim sistemima (i)<\/li>\n<li>Optimizacija performansi proizvodnih sistema (i)<\/li>\n<li>Upravljanje odr\u017eavanjem (i)<\/li>\n<\/ol>\n<h4><span style=\"color: #00ccff;\"><strong>Usmjerenje: Proizvodne tehnologije<\/strong><\/span><\/h4>\n<ol>\n<li>Metodologija nau\u010dno istra\u017eiva\u010dkog rada<\/li>\n<li>Proizvodne tehnologije, izvodi iz teorije<\/li>\n<li>Proizvodne tehnologije-odabrani postupci<\/li>\n<li>Dizaj eksperimenta i tehnike optimizacije<\/li>\n<li>Deformabilnost i obradljivost materijala (i)<\/li>\n<li>Sinterovanje metalnih prahova i keramike (i)<\/li>\n<li>Injekciono presanje metalnih prahova i plastike (i)<\/li>\n<li>Odabrani postupci plasti\u010dnog oblikovanja metala (i)<\/li>\n<li>Savremeni postupci obrade rezanjem (i)<\/li>\n<li>Odabrana poglavlja iz teorije rezanja (i)<\/li>\n<\/ol>\n<h4><span style=\"color: #00ccff;\"><strong>Usmjerenje: Mehatronika<\/strong><\/span><\/h4>\n<ol>\n<li>Metodologija nau\u010dno istra\u017eiva\u010dkog rada<\/li>\n<li>Mehatronika<\/li>\n<li>Ma\u0161inska automatizacija i robotizacija proizvodnje<\/li>\n<li>Biomehatroni\u010dki in\u017eenjering<\/li>\n<li>Komponente mehatroni\u010dkih sitema (i)<\/li>\n<li>Analogija mehani\u010dkih i elektri\u010dnih sistema (i)<\/li>\n<li>Robotizacija procesa proizvodnje (i)<\/li>\n<li>Upravljanje i regulacija mehatroni\u010dkih radnih stanica (i)<\/li>\n<li>Primjena mehatroni\u010dkih sistema na ljudskom lokomotornom sistemu (i)<\/li>\n<li>Mehatroni\u010dki moduli bazirani na biomehatroni\u010dkim sistemima (i)<\/li>\n<\/ol>\n","protected":false},"excerpt":{"rendered":"<p>I CIKLUS STUDIJA PRVA GODINA STUDIJA Zimski semestar Matematika I Statika Fizika Materijali I Konstruktivna geometrija Osnovi teorije sistema (i) Osnove ma\u0161inske tehnike (i) Softverski alati u in\u017eenjerstvu (i) Ljetni semestar Matematika II Kinematika&#46;&#46;&#46;<\/p>\n","protected":false},"author":1,"featured_media":0,"parent":0,"menu_order":0,"comment_status":"closed","ping_status":"closed","template":"","meta":[],"_links":{"self":[{"href":"http:\/\/mf.untz.ba\/index.php?rest_route=\/wp\/v2\/pages\/920"}],"collection":[{"href":"http:\/\/mf.untz.ba\/index.php?rest_route=\/wp\/v2\/pages"}],"about":[{"href":"http:\/\/mf.untz.ba\/index.php?rest_route=\/wp\/v2\/types\/page"}],"author":[{"embeddable":true,"href":"http:\/\/mf.untz.ba\/index.php?rest_route=\/wp\/v2\/users\/1"}],"replies":[{"embeddable":true,"href":"http:\/\/mf.untz.ba\/index.php?rest_route=%2Fwp%2Fv2%2Fcomments&post=920"}],"version-history":[{"count":7,"href":"http:\/\/mf.untz.ba\/index.php?rest_route=\/wp\/v2\/pages\/920\/revisions"}],"predecessor-version":[{"id":9448,"href":"http:\/\/mf.untz.ba\/index.php?rest_route=\/wp\/v2\/pages\/920\/revisions\/9448"}],"wp:attachment":[{"href":"http:\/\/mf.untz.ba\/index.php?rest_route=%2Fwp%2Fv2%2Fmedia&parent=920"}],"curies":[{"name":"wp","href":"https:\/\/api.w.org\/{rel}","templated":true}]}}