{"id":9226,"date":"2024-12-10T15:19:30","date_gmt":"2024-12-10T14:19:30","guid":{"rendered":"http:\/\/mf.untz.ba\/?page_id=9226"},"modified":"2026-04-07T08:11:15","modified_gmt":"2026-04-07T06:11:15","slug":"teme-za-zavrsne-radove","status":"publish","type":"page","link":"http:\/\/mf.untz.ba\/?page_id=9226","title":{"rendered":"Teme za zavr\u0161ne radove"},"content":{"rendered":"\n<p class=\"has-pale-cyan-blue-background-color has-background\"><strong>Teme za zavr\u0161ne radove ak. 2025\/2026<\/strong> <strong>&#8211; I ciklus studija<\/strong><\/p>\n\n\n\n<p><a href=\"https:\/\/drive.google.com\/file\/d\/1_dHYvPgO0pwbKc4g4yozHdMcKweKdMv8\/view?usp=sharing\">Teme za zavr\u0161ne radove_09_10_2025<\/a><\/p>\n\n\n\n<p><a href=\"https:\/\/drive.google.com\/file\/d\/1xS38OEgY_aW1pYX7GunashYHrnzZoEM6\/view?usp=sharing\">Teme za zavr\u0161ne radove_28_10_2025<\/a><\/p>\n\n\n\n<p><a href=\"https:\/\/drive.google.com\/file\/d\/1FSGk-bo3rKHtykaGxjFFsAA2UBoZ4vSL\/view?usp=sharing\">Teme za zavr\u0161ne radove_23_12_2025<\/a><\/p>\n\n\n\n<p><a href=\"https:\/\/drive.google.com\/file\/d\/1P-oDwvl2YoTbcAXsDgWf3sxOkmyOoaxN\/view?usp=sharing\">Teme za zavr\u0161ne radove 09_01_2026<\/a><\/p>\n\n\n\n<p><a href=\"https:\/\/drive.google.com\/file\/d\/1_oxfKblbnkOIC4cyqTP89OZUeq1PQsZD\/view?usp=sharing\">Teme za zavr\u0161ne radove_07_02_2026<\/a><\/p>\n\n\n\n<p><a href=\"https:\/\/drive.google.com\/file\/d\/1QJsfMFvR0GPv8mDfhwNM2WM86ZLMeuBR\/view?usp=sharing\">Teme za zavr\u0161ne radove_20_02_2026<\/a><\/p>\n\n\n\n<p><a href=\"https:\/\/drive.google.com\/file\/d\/1vwRAQ1NNpMvWVqUPIe3pkk8xXuo8EnOm\/view?usp=sharing\">Teme za zavr\u0161ne radove_06_03_2026<\/a><\/p>\n\n\n\n<p><a href=\"https:\/\/drive.google.com\/file\/d\/1PeFbunZooXJ4PETCkU1TWN2x_V6KUBZr\/view?usp=sharing\">Teme za zavr\u0161ne radove_30_03_2026<\/a><\/p>\n\n\n\n<p class=\"has-vivid-cyan-blue-background-color has-background\"><strong>Teme za zavr\u0161ne radove ak. 2024\/2025<\/strong> <strong>&#8211; I ciklus studija<\/strong><\/p>\n\n\n\n<p><a href=\"https:\/\/drive.google.com\/file\/d\/12b7x6nPjKRxUCUYlE5FINiuSaY3rnfIh\/view?usp=sharing\">Teme-za-zavr\u0161ne-radove_02_12_2024<\/a><\/p>\n\n\n\n<p><a href=\"https:\/\/drive.google.com\/file\/d\/1CwkS4hvm5L-PEml7abAbCVSTWJnxudur\/view?usp=sharing\">Teme za zavr\u0161ne radove_20_12_2024<\/a><\/p>\n\n\n\n<p><a href=\"https:\/\/drive.google.com\/file\/d\/1aagE1Kh_AYaxL6hFiWtijqLNxhR0pBkT\/view?usp=sharing\">Teme za zavr\u0161ne radove_31_01_2025<\/a><\/p>\n\n\n\n<p><a href=\"https:\/\/drive.google.com\/file\/d\/1TSGjrM8_xLaknNf1VZS6-N6Jy7vD5RRL\/view?usp=sharing\">Teme za zavr\u0161ne radove_28_02_2025<\/a><\/p>\n\n\n\n<p><a href=\"https:\/\/drive.google.com\/file\/d\/1QVJBLIOnbVCDK9RTYe6DPPUPdgyIvbMr\/view?usp=sharing\">Teme za zavr\u0161ne radove_28_03_2025<\/a><\/p>\n\n\n\n<p><a href=\"https:\/\/drive.google.com\/file\/d\/1bKZhVrQuL_1FYonPDgFiITRVE9Hfj5FX\/view?usp=sharing\">Teme za zavr\u0161ne radove_25_04_2025<\/a><\/p>\n\n\n\n<p><a href=\"https:\/\/drive.google.com\/file\/d\/1xK03bDwMa3xuJ80tv18rQLHMsMviVX1s\/view?usp=sharing\">Teme za zavr\u0161ne radove_29_05_2025<\/a><\/p>\n\n\n\n<p><a href=\"https:\/\/drive.google.com\/file\/d\/148YKfBAG6vTwLbkMUqM6MY9L8B2DxKnf\/view?usp=sharing\">Teme za zavr\u0161ne radove_09_07_2025<\/a><\/p>\n\n\n\n<p><a href=\"https:\/\/drive.google.com\/file\/d\/1Eqjwd0w783H5qJYu5STwUuZT9431bXXx\/view?usp=sharing\">Teme za zavr\u0161ne radove 08_09_2025<\/a><\/p>\n\n\n\n<p class=\"has-pale-cyan-blue-background-color has-background\">Akti<\/p>\n\n\n\n<p><a href=\"http:\/\/untz.ba\/wp-content\/uploads\/2021\/01\/Pravilnik_o_zavrsnom_radu-Iciklus-06_07_2012.pdf\"><a href=\"https:\/\/untz.ba\/wp-content\/uploads\/2025\/09\/PRAVILNIK_o_zavrsnom_radu_na_I_i_integriranom_I_i_II_ciklusu_studija_UnTz_10_09_2025.pdf\">PRAVILNIK_o_zavrsnom_radu_na_I_i_integriranom_I_i_II_ciklusu_studija_UnTz_10_09_2025.pdf<\/a><\/a><\/p>\n\n\n\n<p><a href=\"https:\/\/docs.google.com\/document\/d\/1CtSQ3-nPdcpcSX_gYp0BOHWCLfBCjgsm\/edit?usp=sharing&amp;ouid=111632435225808330276&amp;rtpof=true&amp;sd=true\">Zavr\u0161ni rad &#8211; template<\/a><\/p>\n\n\n\n<p class=\"has-pale-cyan-blue-background-color has-background\"><strong>Teme za zavr\u0161ne magistarske radove ak. 2025\/2026 &#8211; II ciklus studija<\/strong><\/p>\n\n\n\n<ol><li><strong>&#8221;Unapre\u0111enje tokova materijala u okviru serijske proizvodnje primjenom Lean koncepta&#8221;<\/strong>, Kandidatkinja: Almedina Saki\u0107, Mentor: Red. prof. dr. Alan Top\u010di\u0107<\/li><li><strong>&#8221;Projektovanje pneumatske robotske hvataljke za industrijsku automatizaciju&#8221;<\/strong>, Kandidat: Armin Hod\u017ei\u0107, Mentor: Vanr. prof. dr. Almir Osmanovi\u0107<\/li><li><strong>&#8221;Analiza mogu\u0107nosti unapre\u0111enja efikasnosti procesa proizvodnje primjenom simulacione studije&#8221;<\/strong>, Kandidat: Sedin Hasanba\u0161i\u0107, Mentor: Vanr. prof. dr. Sla\u0111an Lovri\u0107<\/li><li><strong>&#8221;Uticaj atmosfere na osobine otvrdnutog sloja pri procesu gasne cementacije \u010delike&#8221;<\/strong>, Kandidat: Elmin Taletovi\u0107, Mentor: Red. prof. dr. Samir Butkovi\u0107<\/li><li><strong>&#8221;Razvoj i analiza inovativne konstrukcije polimernog apsorbera udara&#8221;<\/strong>, Kandidat: Mirza Umihani\u0107, Mentor: Docent dr. Edis Nasi\u0107<\/li><li><strong>&#8221;Analiza potro\u0161nje energije za razli\u010dite sisteme grijanja sa ciljem pobolj\u0161anja energetske efikasnosti u \u0161kolskom objektu&#8221;<\/strong>, Kandidat: Selver Jevrosima, Mentor: Red. prof. dr. Sandira Elj\u0161an<\/li><\/ol>\n\n\n\n<p class=\"has-vivid-cyan-blue-background-color has-background\"><strong>Teme za zavr\u0161ne magistarske radove ak. 2024\/2025 &#8211; II ciklus studija<\/strong><\/p>\n\n\n\n<ol type=\"1\"><li><strong>&#8221;Mehatroni\u010dki pristup aktivnoj kontroli vibracija na dinami\u010dkom sistemu sa 7 stepeni sloboda kretanja&#8221;<\/strong>, Kandidat Adnan Gazibegovi\u0107, bach.ing ma\u0161., Mentor: Vanr. prof. dr. Almir Osmanovi\u0107<\/li><li><strong>\u201eAnaliza bivalentnog re\u017eima rada hibridnog sistema grijanja<strong>\u201c<\/strong>,&nbsp;<\/strong>Kandidat: Amina \u017dabi\u0107, Mentor: Vanr. prof. dr. Izudin Deli\u0107<\/li><li><strong>\u201eMehatroni\u010dki pristup projektovanju ma\u0161ine za izbacivanje teniskih loptica\u201c,&nbsp;<\/strong>Kandidat: Dino Brati\u0107, Mentor: Docent dr. Mirza Be\u0107irovi\u0107<\/li><li><strong>\u201eRazvoj neuronskih mre\u017ea za automatsko generiranje trajektorija robota kori\u0161tenjem 3D prostorskih podataka\u201c,&nbsp;<\/strong>Kandidat: Adin Softi\u0107, Mentor: Vanr. prof. dr. Almir Osmanovi\u0107<\/li><li><strong>\u201eUpravljanje i optimizacija pneumatskih sistema u industrijskim procesima\u201c,&nbsp;<\/strong>Kandidat: Jasmin Musi\u0107, Mentor: Vanr. prof. dr. Almir Osmanovi\u0107<\/li><li><strong>\u201eRazvoj inovativnih konstrukcijskih rje\u0161enja za podizne platforme s ciljem pove\u0107anja nosivosti i efikasnosti u radnom prostoru\u201c,&nbsp;<\/strong>Kandidat: Amir Emki\u0107, Mentor: Docent, dr. Jasmin Halilovi\u0107<\/li><li><strong>\u201ePrimjena vje\u0161ta\u010dke inteligencije u planiranju putanja mobilnih robota\u201c,&nbsp;<\/strong>Kandidat: Ademir Omer\u0107ehaji\u0107, Mentor: Vanr. prof. dr. Almir Osmanovi\u0107<\/li><li><strong>\u201eTehnolo\u0161ka analiza opravdanosti primjene transfer linije\u201c,&nbsp;<\/strong>Kandidat: Maid Ganjgo, Mentor: Vanr. prof. dr. Edin Cerjakovi\u0107<\/li><li><strong>\u201eProjektovanje i automatizacija ure\u0111aja za \u010di\u0161\u0107enje solarnih panela\u201c,&nbsp;<\/strong>Kandidat: Asmir Mujagi\u0107, Mentor: Vanr. prof. dr. Almir Osmanovi\u0107<\/li><li><strong>\u201eMehatroni\u010dki pristup dizajnu, modeliranju i primjeni mekih prihvatnica\u201c,&nbsp;<\/strong>Kandidat: Muhamed Hajdarevi\u0107, Mentor: Vanr. prof. dr. Almir Osmanovi\u0107<\/li><li><strong>\u201eRazvoj mehatroni\u010dkog modela robotske ruke\u201c,&nbsp;<\/strong>Kandidat: Haris Mulali\u0107, Mentor: Docent, dr. Mirza Be\u0107irovi\u0107<\/li><li><strong>\u201eUnapre\u0111enje energetske efikasnosti u industriji primjenom adaptivnog rashladnog sistema\u201c,&nbsp;<\/strong>Kandidat: Selma Labend\u017e Hajdarbegovi\u0107, Mentor: Vanr. prof. dr, Izudin Deli\u0107<\/li><li><strong>\u201eUtjecaj logisti\u010dkih procesa na operativnu gotovost transportnih sredstava cikli\u010dnog tipa pri realizaciji tokova materijala u proizvodnom sistemu\u201c,&nbsp;<\/strong>Kandidat: Ibrahim Kuki\u0107, Mentor: Red. prof. dr, Alan Top\u010di\u0107<\/li><li><strong>\u201ePrimjena mehatronike u automatizaciji proizvodnje komponenti za e-mobilnost\u201c,&nbsp;<\/strong>Kandidat: Adin Jahi\u0107, Mentor: Vanr. prof. dr. Almir Osmanovi\u0107<\/li><li><strong>\u201eModeliranje, simulacija i upravljanje SCARA robotom\u201c,&nbsp;<\/strong>Kandidat: Ahmet Mujkanovi\u0107, Mentor: Vanr. prof. dr. Almir Osmanovi\u0107<\/li><\/ol>\n\n\n\n<p class=\"has-vivid-cyan-blue-background-color has-background\"><strong>Teme za zavr\u0161ne magistarske radove ak. 2023\/2024 &#8211; II ciklus studija<\/strong><\/p>\n\n\n\n<ol type=\"1\"><li><strong>\u201eUticaj geometrije vrha elektrode na nastanak zavariva\u010dke ta\u010dke kod elektrootpornog ta\u010dkastog zavarivanja\u201c<\/strong>,<strong>&nbsp;<\/strong>Kandidat: Denis \u0160ari\u0107, Mentor: Red. prof. dr. Samir Butkovi\u0107<\/li><li><strong>&#8221;Automatizirani sistem za daljinski nadzor i upravljanje elektroormarima u mehatroni\u010dkim sistemima&#8221;<\/strong>, Kandidat: Irma Glibanovi\u0107, bach.ing ma\u0161., Mentor: Vanr. prof. dr. Almir Osmanovi\u0107<\/li><li><strong>&#8221;Analiza kombinovanog dizajna male vertikalne vjetroturbine&#8221;<\/strong>, Kandidat: Demir Hamzi\u0107, bach.ing ma\u0161., Mentor: Vanr. prof. dr. Izudin Deli\u0107<\/li><li><strong>&#8221;Utjecaj karakteristika proizvodne opreme na stabilnost proizvodnog procesa&#8221;<\/strong>, Kandidat Smail Avdagi\u0107, bach.ing.ma\u0161., Mentor: Vanr. prof. dr. Edin Cerjakovi\u0107<\/li><\/ol>\n\n\n\n<p class=\"has-pale-cyan-blue-background-color has-background\">Akti<\/p>\n\n\n\n<p><a href=\"https:\/\/drive.google.com\/file\/d\/1Cvkoh4jMYHVa3Qibp1-2kQSYoZv_IQPs\/view?usp=sharing\">PRAVILNIK o zavr\u0161nom magistarskom radu na drugom ciklusu studija Univerziteta u Tuzli<\/a><\/p>\n\n\n\n<p><a href=\"https:\/\/docs.google.com\/document\/d\/1CtSQ3-nPdcpcSX_gYp0BOHWCLfBCjgsm\/edit?usp=sharing&amp;ouid=111632435225808330276&amp;rtpof=true&amp;sd=true\">Zavr\u0161ni rad &#8211; template<\/a><\/p>\n\n\n\n<p class=\"has-pale-pink-background-color has-background\"><strong>Provjera autenti\u010dnosti \u2013 plagijata (preporuka)<\/strong><\/p>\n\n\n\n<p><a href=\"https:\/\/www.guru99.com\/hr\/best-plagiarism-checker.html\">https:\/\/www.guru99.com\/hr\/best-plagiarism-checker.html<\/a><\/p>\n\n\n\n<p><a href=\"https:\/\/play.google.com\/store\/apps\/details?id=org.contentarcadeapps.plagiarismchecker&amp;hl=hr&amp;pli=1\">https:\/\/play.google.com\/store\/apps\/details?id=org.contentarcadeapps.plagiarismchecker&amp;hl=hr&amp;pli=1<\/a><\/p>\n\n\n\n<p><a href=\"https:\/\/www.appypie.com\/hr\/besplatni-alat-za-provjeru-plagijata\">https:\/\/www.appypie.com\/hr\/besplatni-alat-za-provjeru-plagijata<\/a><\/p>\n\n\n\n<p><a href=\"https:\/\/smodin.io\/hr\/provjerite-ima-li-u-napisanom-tekstu-plagijarizma\">https:\/\/smodin.io\/hr\/provjerite-ima-li-u-napisanom-tekstu-plagijarizma<\/a><\/p>\n\n\n\n<p><a href=\"https:\/\/www.plag.hr\/\">https:\/\/www.plag.hr\/<\/a><\/p>\n","protected":false},"excerpt":{"rendered":"<p>Teme za zavr\u0161ne radove ak. 2025\/2026 &#8211; I ciklus studija Teme za zavr\u0161ne radove_09_10_2025 Teme za zavr\u0161ne radove_28_10_2025 Teme za zavr\u0161ne radove_23_12_2025 Teme za zavr\u0161ne radove 09_01_2026 Teme za zavr\u0161ne radove_07_02_2026 Teme za zavr\u0161ne&#46;&#46;&#46;<\/p>\n","protected":false},"author":3,"featured_media":0,"parent":0,"menu_order":0,"comment_status":"closed","ping_status":"closed","template":"","meta":[],"_links":{"self":[{"href":"http:\/\/mf.untz.ba\/index.php?rest_route=\/wp\/v2\/pages\/9226"}],"collection":[{"href":"http:\/\/mf.untz.ba\/index.php?rest_route=\/wp\/v2\/pages"}],"about":[{"href":"http:\/\/mf.untz.ba\/index.php?rest_route=\/wp\/v2\/types\/page"}],"author":[{"embeddable":true,"href":"http:\/\/mf.untz.ba\/index.php?rest_route=\/wp\/v2\/users\/3"}],"replies":[{"embeddable":true,"href":"http:\/\/mf.untz.ba\/index.php?rest_route=%2Fwp%2Fv2%2Fcomments&post=9226"}],"version-history":[{"count":46,"href":"http:\/\/mf.untz.ba\/index.php?rest_route=\/wp\/v2\/pages\/9226\/revisions"}],"predecessor-version":[{"id":10611,"href":"http:\/\/mf.untz.ba\/index.php?rest_route=\/wp\/v2\/pages\/9226\/revisions\/10611"}],"wp:attachment":[{"href":"http:\/\/mf.untz.ba\/index.php?rest_route=%2Fwp%2Fv2%2Fmedia&parent=9226"}],"curies":[{"name":"wp","href":"https:\/\/api.w.org\/{rel}","templated":true}]}}