{"id":9790,"date":"2025-03-01T23:47:58","date_gmt":"2025-03-01T22:47:58","guid":{"rendered":"http:\/\/mf.untz.ba\/?page_id=9790"},"modified":"2025-03-02T20:54:55","modified_gmt":"2025-03-02T19:54:55","slug":"mf-godisnjak","status":"publish","type":"page","link":"http:\/\/mf.untz.ba\/?page_id=9790","title":{"rendered":"MF Godi\u0161njak"},"content":{"rendered":"\n<p><strong>Godi\u0161njak Ma\u0161inskog fakulteta Univerziteta u Tuzli\/Yearbook of the Faculty of Mechanical Engineering University of Tuzla<\/strong><\/p>\n\n\n\n<div class=\"wp-block-columns\">\n<div class=\"wp-block-column\" style=\"flex-basis:33.33%\">\n<figure class=\"wp-block-image size-large\"><a href=\"http:\/\/mf.untz.ba\/wp-content\/uploads\/2025\/02\/Godisnjak_2024.jpg\"><img loading=\"lazy\" width=\"704\" height=\"996\" src=\"http:\/\/mf.untz.ba\/wp-content\/uploads\/2025\/02\/Godisnjak_2024.jpg\" alt=\"\" class=\"wp-image-9706\" srcset=\"http:\/\/mf.untz.ba\/wp-content\/uploads\/2025\/02\/Godisnjak_2024.jpg 704w, http:\/\/mf.untz.ba\/wp-content\/uploads\/2025\/02\/Godisnjak_2024-212x300.jpg 212w\" sizes=\"(max-width: 704px) 100vw, 704px\" \/><\/a><\/figure>\n<\/div>\n\n\n\n<div class=\"wp-block-column\" style=\"flex-basis:66.66%\">\n<p class=\"has-text-align-left\"><strong>&nbsp;<span class=\"has-inline-color has-vivid-red-color\">ISSN (online) xxxx-xxxx<\/span><\/strong><\/p>\n<\/div>\n<\/div>\n\n\n\n<p><strong>Redakcijski odbor\/Editoral Board Members<\/strong><\/p>\n\n\n\n<p>Prof. dr. Indira Buljuba\u0161i\u0107, prof. dr. Seniha Kari\u0107, prof. dr. Alan Top\u010di\u0107 i Elmedin Ali\u0107, bach.in\u017e.ma\u0161. (sekretar).<\/p>\n\n\n\n<p><strong>Glavni i odgovorni urednik\/Editor-in-Chief<\/strong><\/p>\n\n\n\n<p>Prof. dr. Izudin Deli\u0107<\/p>\n\n\n\n<p><strong>Sekretar redakcije i kontakt osoba\/Editorial Board&nbsp;Secretary and Contact Person<\/strong><\/p>\n\n\n\n<p>Elmedin Ali\u0107, bach.in\u017e.ma\u0161.<br>Kontakt:&nbsp;<a href=\"mailto:godisnjak.msf@untz.ba\" data-type=\"mailto\" data-id=\"mailto:godisnjak.msf@untz.ba\">godisnjak.msf@untz.ba<\/a> <\/p>\n\n\n\n<p><strong>Puni tekst Godi\u0161njaka\/Full-Text of the Yearbook<\/strong><\/p>\n\n\n\n<p><span class=\"has-inline-color has-vivid-red-color\"><strong><a href=\"https:\/\/drive.google.com\/file\/d\/1BS75AUx3Q9aQJS7KyYYUE58WEqItKO2e\/view\" target=\"_blank\" rel=\"noreferrer noopener\">GODI\u0160NJAK 2024  (PDF)<\/a><\/strong><\/span><\/p>\n\n\n\n<div class=\"wp-block-image\"><figure class=\"aligncenter size-large\"><a href=\"http:\/\/mf.untz.ba\/wp-content\/uploads\/2025\/03\/MF_logo_novi_pl.png\"><img loading=\"lazy\" width=\"223\" height=\"225\" src=\"http:\/\/mf.untz.ba\/wp-content\/uploads\/2025\/03\/MF_logo_novi_pl.png\" alt=\"\" class=\"wp-image-9796\" srcset=\"http:\/\/mf.untz.ba\/wp-content\/uploads\/2025\/03\/MF_logo_novi_pl.png 223w, http:\/\/mf.untz.ba\/wp-content\/uploads\/2025\/03\/MF_logo_novi_pl-150x150.png 150w, http:\/\/mf.untz.ba\/wp-content\/uploads\/2025\/03\/MF_logo_novi_pl-80x80.png 80w\" sizes=\"(max-width: 223px) 100vw, 223px\" \/><\/a><\/figure><\/div>\n","protected":false},"excerpt":{"rendered":"<p>Godi\u0161njak Ma\u0161inskog fakulteta Univerziteta u Tuzli\/Yearbook of the Faculty of Mechanical Engineering University of Tuzla &nbsp;ISSN (online) xxxx-xxxx Redakcijski odbor\/Editoral Board Members Prof. dr. Indira Buljuba\u0161i\u0107, prof. dr. Seniha Kari\u0107, prof. dr. Alan Top\u010di\u0107&#46;&#46;&#46;<\/p>\n","protected":false},"author":3,"featured_media":0,"parent":0,"menu_order":0,"comment_status":"closed","ping_status":"closed","template":"","meta":[],"_links":{"self":[{"href":"http:\/\/mf.untz.ba\/index.php?rest_route=\/wp\/v2\/pages\/9790"}],"collection":[{"href":"http:\/\/mf.untz.ba\/index.php?rest_route=\/wp\/v2\/pages"}],"about":[{"href":"http:\/\/mf.untz.ba\/index.php?rest_route=\/wp\/v2\/types\/page"}],"author":[{"embeddable":true,"href":"http:\/\/mf.untz.ba\/index.php?rest_route=\/wp\/v2\/users\/3"}],"replies":[{"embeddable":true,"href":"http:\/\/mf.untz.ba\/index.php?rest_route=%2Fwp%2Fv2%2Fcomments&post=9790"}],"version-history":[{"count":7,"href":"http:\/\/mf.untz.ba\/index.php?rest_route=\/wp\/v2\/pages\/9790\/revisions"}],"predecessor-version":[{"id":9827,"href":"http:\/\/mf.untz.ba\/index.php?rest_route=\/wp\/v2\/pages\/9790\/revisions\/9827"}],"wp:attachment":[{"href":"http:\/\/mf.untz.ba\/index.php?rest_route=%2Fwp%2Fv2%2Fmedia&parent=9790"}],"curies":[{"name":"wp","href":"https:\/\/api.w.org\/{rel}","templated":true}]}}